{"id":128,"date":"2015-12-17T21:47:30","date_gmt":"2015-12-17T21:47:30","guid":{"rendered":"http:\/\/www.ige.unicamp.br\/aapg\/?page_id=128"},"modified":"2021-03-29T13:58:00","modified_gmt":"2021-03-29T16:58:00","slug":"inicio","status":"publish","type":"page","link":"https:\/\/www.ige.unicamp.br\/aapg\/","title":{"rendered":"Somos o Cap\u00edtulo Estudantil da AAPG na Unicamp"},"content":{"rendered":"<script type=\"text\/javascript\">\r\ndocument.addEventListener(\"DOMContentLoaded\", function(event) { \r\n\tjQuery( '#slider-pro-3-895' ).sliderPro({\r\n\t\t\/\/width\r\n\t\t\t\twidth: 1800,\r\n\t\t\t\t\r\n\t\t\/\/height\r\n\t\t\t\theight: 900,\r\n\t\t\t\t\r\n\t\t\/\/auto play\r\n\t\t\t\tautoplay:  true,\r\n\t\tautoplayOnHover: 'none',\r\n\t\t\t\t\t\t\t\tautoplayDelay: 5000,\r\n\t\t\r\n\t\t\r\n\t\tarrows: true,\r\n\t\tbuttons: true,\r\n\t\tsmallSize: 500,\r\n\t\tmediumSize: 1000,\r\n\t\tlargeSize: 3000,\r\n\t\tfade: false,\r\n\t\t\r\n\t\t\/\/thumbnail\r\n\t\tthumbnailArrows: true,\r\n\t\tthumbnailWidth: 120,\r\n\t\tthumbnailHeight: 120,\r\n\t\t\t\t\t\tthumbnailsPosition: 'bottom',\r\n\t\t\t\t\t\tcenterImage: true,\r\n\t\timageScaleMode: 'contain',\r\n\t\tallowScaleUp: false,\r\n\t\t\t\tstartSlide: 0,\r\n\t\tloop: true,\r\n\t\tslideDistance: 5,\r\n\t\tautoplayDirection: 'normal',\r\n\t\ttouchSwipe: true,\r\n\t\tfullScreen: false,\r\n\t});\r\n});\r\n<\/script>\r\n\r\n\t\t<div id=\"slider-pro-3-895\" class=\"slider-pro\">\r\n\t\t\t<!---- slides div start ---->\r\n\t\t\t<div class=\"sp-slides\">\r\n\t\t\t\t\t\t\t\t\t\t<div class=\"sp-slide\">\r\n\t\t\t\t\t\t\t<img decoding=\"async\" class=\"sp-image\" loading=\"lazy\" alt=\"capasite-scaled\" src=\"https:\/\/www.ige.unicamp.br\/aapg\/wp-content\/plugins\/ultimate-responsive-image-slider\/assets\/css\/images\/blank.gif\" data-src=\"https:\/\/www.ige.unicamp.br\/aapg\/wp-content\/uploads\/sites\/32\/2021\/03\/capasite-scaled-1.jpg\" \/>\r\n\r\n\t\t\t\t\t\t\t\r\n\t\t\t\t\t\t\t\t\t\t\t\t\t<\/div>\r\n\t\t\t\t\t\t\t\t\t\t\t\t<div class=\"sp-slide\">\r\n\t\t\t\t\t\t\t<img decoding=\"async\" class=\"sp-image\" loading=\"lazy\" alt=\"seja-membro\" src=\"https:\/\/www.ige.unicamp.br\/aapg\/wp-content\/plugins\/ultimate-responsive-image-slider\/assets\/css\/images\/blank.gif\" data-src=\"https:\/\/www.ige.unicamp.br\/aapg\/wp-content\/uploads\/sites\/32\/2021\/05\/seja-membro.png\" \/>\r\n\r\n\t\t\t\t\t\t\t\r\n\t\t\t\t\t\t\t\t\t\t\t\t\t<\/div>\r\n\t\t\t\t\t\t\t\t\t<\/div>\r\n\t\t\t\r\n\t\t\t<!---- slides div end ---->\r\n\t\t\t\t\t\t<!-- slides thumbnails div end -->\r\n\t\t<\/div>\r\n\t\t<style>\r\n\/* Layout 3 *\/\r\n\/* border *\/\r\n#slider-pro-3-895 .sp-selected-thumbnail {\r\n\tborder: 4px solid #000000;\r\n}\r\n\r\n\/* font + color *\/\r\n.title-in  {\r\n\tfont-family: Arial !important;\r\n\tcolor: #FFFFFF !important;\r\n\tbackground-color: #000000 !important;\r\n\topacity: 0.7 !important;\r\n}\r\n.desc-in  {\r\n\tfont-family: Arial !important;\r\n\tcolor: #FFFFFF !important;\r\n\tbackground-color: #00000 !important;\r\n\topacity: 0.7 !important;\r\n}\r\n\r\n\/* bullets color *\/\r\n.sp-button  {\r\n\tborder: 2px solid #005386 !important;\r\n}\r\n.sp-selected-button  {\r\n\tbackground-color: #005386 !important;\r\n}\r\n\r\n\/* pointer color - bottom *\/\r\n.sp-selected-thumbnail::before {\r\n\tborder-bottom: 5px solid #000000 !important;\r\n}\r\n.sp-selected-thumbnail::after {\r\n\tborder-bottom: 13px solid #000000 !important;\r\n}\r\n\r\n\/* pointer color - top *\/\r\n\r\n\/* full screen icon *\/\r\n.sp-full-screen-button::before {\r\n    color: #64a63a !important;\r\n}\r\n\r\n\/* hover navigation icon color *\/\r\n.sp-next-arrow::after, .sp-next-arrow::before {\r\n\tbackground-color: #64a63a !important;\r\n}\r\n.sp-previous-arrow::after, .sp-previous-arrow::before {\r\n\tbackground-color: #64a63a !important;\r\n}\r\n\r\n#slider-pro-3-895 .title-in {\r\n\tcolor: #FFFFFF !important;\r\n\tfont-weight: bolder;\r\n\ttext-align: center;\r\n}\r\n\r\n#slider-pro-3-895 .title-in-bg {\r\n\tbackground: rgba(255, 255, 255, 0.7); !important;\r\n\twhite-space: unset !important;\r\n\ttransform: initial !important;\r\n\t-webkit-transform: initial !important;\r\n\tfont-size: 14px !important;\r\n}\r\n\r\n#slider-pro-3-895 .desc-in {\r\n\tcolor: #FFFFFF !important;\r\n\ttext-align: center;\r\n}\r\n#slider-pro-3-895 .desc-in-bg {\r\n\tbackground: rgba(#00000, 0.7) !important;\r\n\twhite-space: unset !important;\r\n\ttransform: initial !important;\r\n\t-webkit-transform: initial !important;\r\n\tfont-size: 13px !important;\r\n}\r\n\r\n@media (max-width: 640px) {\r\n\t#slider-pro-3-895 .hide-small-screen {\r\n\t\tdisplay: none;\r\n\t}\r\n}\r\n\r\n@media (max-width: 860px) {\r\n\t#slider-pro-3-895 .sp-layer {\r\n\t\tfont-size: 18px;\r\n\t}\r\n\t\r\n\t#slider-pro-3-895 .hide-medium-screen {\r\n\t\tdisplay: none;\r\n\t}\r\n}\r\n.slides-not-found {\r\n\tbackground-color: #a92929;\r\n\tborder-radius: 5px;\r\n\tcolor: #fff;\r\n\tfont-family: initial;\r\n\ttext-align: center;\r\n\tpadding:12px;\r\n}\r\n\/* Custom CSS *\/\r\n<\/style>\r\n\n\n\n\n<div class=\"wp-block-buttons is-layout-flex wp-block-buttons-is-layout-flex\"><\/div>\n\n\n\n<p>O Cap\u00edtulo Estudantil AAPG UNICAMP est\u00e1 ligado \u00e0 American Association of Petroleum Geologists, foi fundado em dezembro de 2015 em uma iniciativa tomada por estudantes de p\u00f3s-gradua\u00e7\u00e3o em Geoci\u00eancias&nbsp;do Instituto de Geoci\u00eancias da Universidade Estadual de Campinas (UNICAMP).&nbsp;Atualmente \u00e9 formado por estudantes de gradua\u00e7\u00e3o em Geologia e de p\u00f3s-gradua\u00e7\u00e3o em Geoci\u00eancias e Engenharia do Petr\u00f3leo, com interesse na \u00e1rea de geologia do petr\u00f3leo e \u00e1reas relacionadas. Tem por objetivo promover atividades que forne\u00e7am capacita\u00e7\u00e3o acad\u00eamica e profissional a seus membros e a comunidade universit\u00e1ria (e.g. palestras, minicursos, mesas-redondas, visitas t\u00e9cnicas, viagens de campo, etc.), e tamb\u00e9m atividades para comunidade externa (e.g. palestras em escolas, campanhas sociais, etc.), bem como, auxiliar no desenvolvimento pessoal e profissional de seus membros.<\/p>\n","protected":false},"excerpt":{"rendered":"<p>O Cap\u00edtulo Estudantil AAPG UNICAMP est\u00e1 ligado \u00e0 American Association of Petroleum Geologists, foi fundado em dezembro de 2015 em uma iniciativa tomada por estudantes de p\u00f3s-gradua\u00e7\u00e3o em Geoci\u00eancias&nbsp;do Instituto de Geoci\u00eancias da Universidade Estadual de Campinas (UNICAMP).&nbsp;Atualmente \u00e9 formado &hellip;<\/p>\n<p class=\"read-more\"> <a class=\"more-link\" href=\"https:\/\/www.ige.unicamp.br\/aapg\/?p=895\">  Read More &raquo;<\/a><\/p>\n","protected":false},"author":113,"featured_media":0,"parent":0,"menu_order":0,"comment_status":"closed","ping_status":"closed","template":"","meta":{"footnotes":""},"class_list":["post-128","page","type-page","status-publish","hentry"],"_links":{"self":[{"href":"https:\/\/www.ige.unicamp.br\/aapg\/wp-json\/wp\/v2\/pages\/128","targetHints":{"allow":["GET"]}}],"collection":[{"href":"https:\/\/www.ige.unicamp.br\/aapg\/wp-json\/wp\/v2\/pages"}],"about":[{"href":"https:\/\/www.ige.unicamp.br\/aapg\/wp-json\/wp\/v2\/types\/page"}],"author":[{"embeddable":true,"href":"https:\/\/www.ige.unicamp.br\/aapg\/wp-json\/wp\/v2\/users\/113"}],"replies":[{"embeddable":true,"href":"https:\/\/www.ige.unicamp.br\/aapg\/wp-json\/wp\/v2\/comments?post=128"}],"version-history":[{"count":18,"href":"https:\/\/www.ige.unicamp.br\/aapg\/wp-json\/wp\/v2\/pages\/128\/revisions"}],"predecessor-version":[{"id":897,"href":"https:\/\/www.ige.unicamp.br\/aapg\/wp-json\/wp\/v2\/pages\/128\/revisions\/897"}],"wp:attachment":[{"href":"https:\/\/www.ige.unicamp.br\/aapg\/wp-json\/wp\/v2\/media?parent=128"}],"curies":[{"name":"wp","href":"https:\/\/api.w.org\/{rel}","templated":true}]}}