{"id":14,"date":"2015-12-18T23:37:25","date_gmt":"2015-12-18T23:37:25","guid":{"rendered":"http:\/\/www.ige.unicamp.br\/aapg\/?page_id=14"},"modified":"2020-04-25T13:11:13","modified_gmt":"2020-04-25T16:11:13","slug":"historia","status":"publish","type":"page","link":"https:\/\/www.ige.unicamp.br\/aapg\/historia\/","title":{"rendered":"Hist\u00f3ria"},"content":{"rendered":"<div style=\"width: 60%;padding: 0 10px 0 0;float: left\">\n<h3><span style=\"color: #000000\"><b>AAPG &#8211; American <\/b><b>Association<\/b> <b>of<\/b> <b>Petroleum<\/b> <b>Geologists<\/b><\/span><\/h3>\n<ul>\n<li style=\"list-style-type: none\">\n<ul>\n<li>Fundada em\u00a0<strong>1917<\/strong>, atualmente conta com mais de\u00a0<strong>40 000<\/strong>\u00a0membros em <strong>129 <\/strong>pa\u00edses sendo a maior sociedade geol\u00f3gica profissional do\u00a0<strong>mundo<\/strong>.<\/li>\n<li>Conta com ge\u00f3logos, geof\u00edsicos, CEOs, gerentes, consultores, estudantes e pesquisadores.<\/li>\n<li>\u00c9 uma organiza\u00e7\u00e3o para geocientistas interessados em promover o\u00a0<strong>avan\u00e7o cient\u00edfico<\/strong>\u00a0em geologia, promover tecnologia e inspirar a alta conduta profissional.<\/li>\n<\/ul>\n<\/li>\n<\/ul>\n<h3 class=\"font_6\" style=\"text-align: justify\"><span style=\"color: #000000\"><b>UNICAMP AAPG Student Chapter<\/b><\/span><\/h3>\n<ul>\n<li style=\"list-style-type: none\">\n<ul>\n<li style=\"list-style-type: none\">\n<ul>\n<li><strong>2015:<\/strong> cria\u00e7\u00e3o do cap\u00edtulo\u00a0com a finalidade de integrar alunos de diferentes projetos na \u00e1rea de Geologia do Petr\u00f3leo da Universidade Estadual de Campinas.\n<ul>\n<li>Nosso prop\u00f3sito \u00e9 trazer para os estudantes, cursos, palestras, trabalhos de campo entre outras atividades ministradas por profissionais experientes de diversas partes do mundo.<\/li>\n<\/ul>\n<\/li>\n<li><strong>2017- 2018:<\/strong> o cap\u00edtulo passou por um per\u00edodo de pouca atividade.<\/li>\n<li><strong>2019:<\/strong> retomada das atividades com a forma\u00e7\u00e3o de uma nova gest\u00e3o composta por estudantes da gradua\u00e7\u00e3o em Geologia e p\u00f3s-gradua\u00e7\u00e3o em Geoci\u00eancias e Engenharia do Petr\u00f3leo, e de novos membros colaboradores.\n<ul>\n<li>Objetivos: promover atividades que forne\u00e7am capacita\u00e7\u00e3o acad\u00eamica e profissional a seus membros e a comunidade universit\u00e1ria (e.g. palestras, mini-cursos, mesas-redondas, viagens de campo, etc.) Assim como, auxiliar no desenvolvimento pessoal e profissional dos membros, obter mais membros para a AAPG e o para o cap\u00edtulo. Al\u00e9m disso, realizar a promo\u00e7\u00e3o de atividades para comunidade externa (palestras em escolas, campanhas de arrecada\u00e7\u00e3o, etc.).<\/li>\n<\/ul>\n<\/li>\n<li><strong>2020: <\/strong>forma\u00e7\u00e3o de uma nova gest\u00e3o composta por estudantes de gradua\u00e7\u00e3o em Geologia e p\u00f3s-gradua\u00e7\u00e3o em Geoci\u00eancias, entrada de novos membros colaboradores.\n<ul>\n<li>Objetivos: continuar a promover atividades que forne\u00e7am capacita\u00e7\u00e3o acad\u00eamica e profissional a seus membros e a comunidade universit\u00e1ria, e atividades que tamb\u00e9m atinjam a comunidade externa. Expandir os tipos de atividades, com a realiza\u00e7\u00e3o de minicursos e um workshop, mais campanhas sociais, divulga\u00e7\u00e3o das geoci\u00eancias, parcerias com outros cap\u00edtulos estudantis, entre outras atividades. Assim como, manter a contribui\u00e7\u00e3o para o desenvolvimento pessoal e profissional dos membros, e obter mais membros para o cap\u00edtulo e a AAPG.<\/li>\n<\/ul>\n<\/li>\n<\/ul>\n<\/li>\n<\/ul>\n<\/li>\n<\/ul>\n<\/div>\n","protected":false},"excerpt":{"rendered":"<p>AAPG &#8211; American Association of Petroleum Geologists Fundada em\u00a01917, atualmente conta com mais de\u00a040 000\u00a0membros em 129 pa\u00edses sendo a maior sociedade geol\u00f3gica profissional do\u00a0mundo. Conta com ge\u00f3logos, geof\u00edsicos, CEOs, gerentes, consultores, estudantes e pesquisadores. \u00c9 uma organiza\u00e7\u00e3o para geocientistas &hellip;<\/p>\n<p class=\"read-more\"> <a class=\"more-link\" href=\"https:\/\/www.ige.unicamp.br\/aapg\/historia\/\"> <span class=\"screen-reader-text\">Hist\u00f3ria<\/span> Read More &raquo;<\/a><\/p>\n","protected":false},"author":91,"featured_media":0,"parent":0,"menu_order":0,"comment_status":"closed","ping_status":"closed","template":"template-fullwidth.php","meta":{"footnotes":""},"class_list":["post-14","page","type-page","status-publish","hentry"],"_links":{"self":[{"href":"https:\/\/www.ige.unicamp.br\/aapg\/wp-json\/wp\/v2\/pages\/14","targetHints":{"allow":["GET"]}}],"collection":[{"href":"https:\/\/www.ige.unicamp.br\/aapg\/wp-json\/wp\/v2\/pages"}],"about":[{"href":"https:\/\/www.ige.unicamp.br\/aapg\/wp-json\/wp\/v2\/types\/page"}],"author":[{"embeddable":true,"href":"https:\/\/www.ige.unicamp.br\/aapg\/wp-json\/wp\/v2\/users\/91"}],"replies":[{"embeddable":true,"href":"https:\/\/www.ige.unicamp.br\/aapg\/wp-json\/wp\/v2\/comments?post=14"}],"version-history":[{"count":33,"href":"https:\/\/www.ige.unicamp.br\/aapg\/wp-json\/wp\/v2\/pages\/14\/revisions"}],"predecessor-version":[{"id":683,"href":"https:\/\/www.ige.unicamp.br\/aapg\/wp-json\/wp\/v2\/pages\/14\/revisions\/683"}],"wp:attachment":[{"href":"https:\/\/www.ige.unicamp.br\/aapg\/wp-json\/wp\/v2\/media?parent=14"}],"curies":[{"name":"wp","href":"https:\/\/api.w.org\/{rel}","templated":true}]}}