{"id":10,"date":"2024-07-08T20:12:12","date_gmt":"2024-07-08T23:12:12","guid":{"rendered":"https:\/\/www.ige.unicamp.br\/ehct\/?page_id=10"},"modified":"2024-08-20T09:20:04","modified_gmt":"2024-08-20T12:20:04","slug":"noticias-pehct","status":"publish","type":"page","link":"https:\/\/www.ige.unicamp.br\/ehct\/noticias-pehct\/","title":{"rendered":"Not\u00edcias"},"content":{"rendered":"\t\t<div data-elementor-type=\"wp-page\" data-elementor-id=\"10\" class=\"elementor elementor-10\" data-elementor-post-type=\"page\">\n\t\t\t\t<div class=\"elementor-element elementor-element-9f6cfbd e-flex e-con-boxed e-con e-parent\" data-id=\"9f6cfbd\" data-element_type=\"container\" data-e-type=\"container\" data-settings=\"{&quot;background_background&quot;:&quot;gradient&quot;}\">\n\t\t\t\t\t<div class=\"e-con-inner\">\n\t\t\t\t<div class=\"elementor-element elementor-element-0596d66 elementor-widget elementor-widget-heading\" data-id=\"0596d66\" data-element_type=\"widget\" data-e-type=\"widget\" data-widget_type=\"heading.default\">\n\t\t\t\t<div class=\"elementor-widget-container\">\n\t\t\t\t\t<h2 class=\"elementor-heading-title elementor-size-default\">NOT\u00cdCIAS<\/h2>\t\t\t\t<\/div>\n\t\t\t\t<\/div>\n\t\t\t\t<div class=\"elementor-element elementor-element-26da04b elementor-widget elementor-widget-text-editor\" data-id=\"26da04b\" data-element_type=\"widget\" data-e-type=\"widget\" data-widget_type=\"text-editor.default\">\n\t\t\t\t<div class=\"elementor-widget-container\">\n\t\t\t\t\t\t\t\t\t<p>Home \u00bb Not\u00edcias<\/p>\t\t\t\t\t\t\t\t<\/div>\n\t\t\t\t<\/div>\n\t\t\t\t<div class=\"elementor-element elementor-element-6a13a25 elementor-widget elementor-widget-text-editor\" data-id=\"6a13a25\" data-element_type=\"widget\" data-e-type=\"widget\" data-widget_type=\"text-editor.default\">\n\t\t\t\t<div class=\"elementor-widget-container\">\n\t\t\t\t\t\t\t\t\t<p>\u00daltimas not\u00edcias do EHCT e rela\u00e7\u00f5es com outros intitutos!<\/p>\t\t\t\t\t\t\t\t<\/div>\n\t\t\t\t<\/div>\n\t\t\t\t\t<\/div>\n\t\t\t\t<\/div>\n\t\t<div class=\"elementor-element elementor-element-28bd455 e-flex e-con-boxed e-con e-parent\" data-id=\"28bd455\" data-element_type=\"container\" data-e-type=\"container\" data-settings=\"{&quot;background_background&quot;:&quot;classic&quot;}\">\n\t\t\t\t\t<div class=\"e-con-inner\">\n\t\t\t\t<div class=\"elementor-element elementor-element-9675bc8 elementor-widget elementor-widget-heading\" data-id=\"9675bc8\" data-element_type=\"widget\" data-e-type=\"widget\" data-widget_type=\"heading.default\">\n\t\t\t\t<div class=\"elementor-widget-container\">\n\t\t\t\t\t<h2 class=\"elementor-heading-title elementor-size-default\">Not\u00edcias Gerais do Programa!<\/h2>\t\t\t\t<\/div>\n\t\t\t\t<\/div>\n\t\t\t\t<div class=\"elementor-element elementor-element-b6117f9 elementor-widget elementor-widget-heading\" data-id=\"b6117f9\" data-element_type=\"widget\" data-e-type=\"widget\" data-widget_type=\"heading.default\">\n\t\t\t\t<div class=\"elementor-widget-container\">\n\t\t\t\t\t<h2 class=\"elementor-heading-title elementor-size-default\">PROGRAMA DE P\u00d3S-GRADUA\u00c7\u00c3O EM ENSINO E HIST\u00d3RIA DE CI\u00caNCIAS DA TERRA<\/h2>\t\t\t\t<\/div>\n\t\t\t\t<\/div>\n\t\t\t\t<div class=\"elementor-element elementor-element-ad41488 elementor-widget elementor-widget-text-editor\" data-id=\"ad41488\" data-element_type=\"widget\" data-e-type=\"widget\" data-widget_type=\"text-editor.default\">\n\t\t\t\t<div class=\"elementor-widget-container\">\n\t\t\t\t\t\t\t\t\t<p>Caso encontre algum erro ou not\u00edcia desatualizada, nos informe <strong><a href=\"https:\/\/www.ige.unicamp.br\/ehct\/contato\/\" target=\"_blank\" rel=\"noopener\"><span style=\"text-decoration: underline;\">aqui<\/span><\/a><\/strong><\/p>\t\t\t\t\t\t\t\t<\/div>\n\t\t\t\t<\/div>\n\t\t\t\t<div class=\"elementor-element elementor-element-b75dad1 elementor-widget elementor-widget-heading\" data-id=\"b75dad1\" data-element_type=\"widget\" data-e-type=\"widget\" id=\"recentes\" data-widget_type=\"heading.default\">\n\t\t\t\t<div class=\"elementor-widget-container\">\n\t\t\t\t\t<h2 class=\"elementor-heading-title elementor-size-default\">Not\u00edcias recentes<\/h2>\t\t\t\t<\/div>\n\t\t\t\t<\/div>\n\t\t\t\t<div class=\"elementor-element elementor-element-be1d6c5 elementor-grid-3 elementor-grid-tablet-2 elementor-grid-mobile-1 elementor-widget elementor-widget-portfolio\" data-id=\"be1d6c5\" data-element_type=\"widget\" data-e-type=\"widget\" data-settings=\"{&quot;row_gap&quot;:{&quot;unit&quot;:&quot;px&quot;,&quot;size&quot;:20,&quot;sizes&quot;:[]},&quot;columns&quot;:&quot;3&quot;,&quot;columns_tablet&quot;:&quot;2&quot;,&quot;columns_mobile&quot;:&quot;1&quot;,&quot;item_ratio&quot;:{&quot;unit&quot;:&quot;px&quot;,&quot;size&quot;:0.66,&quot;sizes&quot;:[]},&quot;item_gap&quot;:{&quot;unit&quot;:&quot;px&quot;,&quot;size&quot;:&quot;&quot;,&quot;sizes&quot;:[]}}\" data-widget_type=\"portfolio.default\">\n\t\t\t\t<div class=\"elementor-widget-container\">\n\t\t\t\t\t\t\t<div class=\"elementor-portfolio elementor-grid elementor-posts-container\" role=\"list\">\n\t\t\t\t<article class=\"elementor-portfolio-item elementor-post  post-1 post type-post status-publish format-standard has-post-thumbnail hentry category-noticias\" role=\"listitem\">\n\t\t\t<a class=\"elementor-post__thumbnail__link\" href=\"https:\/\/www.ige.unicamp.br\/ehct\/tese-destaque-unicamp-2024\/\">\n\t\t\t\t<div class=\"elementor-portfolio-item__img elementor-post__thumbnail\">\n\t\t\t<img fetchpriority=\"high\" decoding=\"async\" width=\"300\" height=\"200\" src=\"https:\/\/www.ige.unicamp.br\/ehct\/wp-content\/uploads\/sites\/74\/2024\/07\/pexels-mediocrememories-954585-300x200.jpg\" class=\"attachment-medium size-medium wp-image-395\" alt=\"\" srcset=\"https:\/\/www.ige.unicamp.br\/ehct\/wp-content\/uploads\/sites\/74\/2024\/07\/pexels-mediocrememories-954585-300x200.jpg 300w, https:\/\/www.ige.unicamp.br\/ehct\/wp-content\/uploads\/sites\/74\/2024\/07\/pexels-mediocrememories-954585-1024x683.jpg 1024w, https:\/\/www.ige.unicamp.br\/ehct\/wp-content\/uploads\/sites\/74\/2024\/07\/pexels-mediocrememories-954585-768x512.jpg 768w, https:\/\/www.ige.unicamp.br\/ehct\/wp-content\/uploads\/sites\/74\/2024\/07\/pexels-mediocrememories-954585-1536x1024.jpg 1536w, https:\/\/www.ige.unicamp.br\/ehct\/wp-content\/uploads\/sites\/74\/2024\/07\/pexels-mediocrememories-954585-2048x1365.jpg 2048w\" sizes=\"(max-width: 300px) 100vw, 300px\" \/>\t\t<\/div>\n\t\t\t\t<div class=\"elementor-portfolio-item__overlay\">\n\t\t\t\t<h3 class=\"elementor-portfolio-item__title\">\n\t\tEHCT premiado pelo programa Tese Destaque Unicamp 2024\t\t<\/h3>\n\t\t\t\t<\/div>\n\t\t\t\t<\/a>\n\t\t<\/article>\n\t\t\t\t<\/div>\n\t\t\t\t\t\t<\/div>\n\t\t\t\t<\/div>\n\t\t\t\t<div class=\"elementor-element elementor-element-ae0bc3d elementor-widget elementor-widget-heading\" data-id=\"ae0bc3d\" data-element_type=\"widget\" data-e-type=\"widget\" id=\"eventos\" data-widget_type=\"heading.default\">\n\t\t\t\t<div class=\"elementor-widget-container\">\n\t\t\t\t\t<h2 class=\"elementor-heading-title elementor-size-default\">Eventos<\/h2>\t\t\t\t<\/div>\n\t\t\t\t<\/div>\n\t\t\t\t<div class=\"elementor-element elementor-element-bee3458 elementor-posts--align-left elementor-grid-3 elementor-grid-tablet-2 elementor-grid-mobile-1 elementor-posts--thumbnail-top elementor-card-shadow-yes elementor-posts__hover-gradient elementor-widget elementor-widget-posts\" data-id=\"bee3458\" data-element_type=\"widget\" data-e-type=\"widget\" data-settings=\"{&quot;cards_row_gap&quot;:{&quot;unit&quot;:&quot;em&quot;,&quot;size&quot;:10,&quot;sizes&quot;:[]},&quot;cards_row_gap_tablet&quot;:{&quot;unit&quot;:&quot;em&quot;,&quot;size&quot;:&quot;&quot;,&quot;sizes&quot;:[]},&quot;cards_row_gap_mobile&quot;:{&quot;unit&quot;:&quot;em&quot;,&quot;size&quot;:&quot;&quot;,&quot;sizes&quot;:[]},&quot;cards_columns&quot;:&quot;3&quot;,&quot;cards_columns_tablet&quot;:&quot;2&quot;,&quot;cards_columns_mobile&quot;:&quot;1&quot;}\" data-widget_type=\"posts.cards\">\n\t\t\t\t<div class=\"elementor-widget-container\">\n\t\t\t\t\t\t\t<div class=\"elementor-posts-container elementor-posts elementor-posts--skin-cards elementor-grid\" role=\"list\">\n\t\t\t\t<article class=\"elementor-post elementor-grid-item post-887 post type-post status-publish format-standard has-post-thumbnail hentry category-eventos\" role=\"listitem\">\n\t\t\t<div class=\"elementor-post__card\">\n\t\t\t\t<a class=\"elementor-post__thumbnail__link\" href=\"https:\/\/www.ige.unicamp.br\/ehct\/interfaces-geociencias-e-ensino\/\" tabindex=\"-1\" target=\"_blank\"><div class=\"elementor-post__thumbnail\"><img decoding=\"async\" width=\"150\" height=\"150\" src=\"https:\/\/www.ige.unicamp.br\/ehct\/wp-content\/uploads\/sites\/74\/2024\/07\/LSimposio_geoparque_cumba_II-150x150.jpg\" class=\"attachment-thumbnail size-thumbnail wp-image-445\" alt=\"\" \/><\/div><\/a>\n\t\t\t\t<div class=\"elementor-post__badge\">Eventos<\/div>\n\t\t\t\t<div class=\"elementor-post__text\">\n\t\t\t\t<h3 class=\"elementor-post__title\">\n\t\t\t<a href=\"https:\/\/www.ige.unicamp.br\/ehct\/interfaces-geociencias-e-ensino\/\" target=&quot;_blank&quot;>\n\t\t\t\tInterfaces Geoci\u00eancias e Ensino: 50 anos de ensino de Geoci\u00eancias no Brasil.\t\t\t<\/a>\n\t\t<\/h3>\n\t\t\t\t\t<div class=\"elementor-post__read-more-wrapper\">\n\t\t\n\t\t<a class=\"elementor-post__read-more\" href=\"https:\/\/www.ige.unicamp.br\/ehct\/interfaces-geociencias-e-ensino\/\" aria-label=\"Read more about Interfaces Geoci\u00eancias e Ensino: 50 anos de ensino de Geoci\u00eancias no Brasil.\" tabindex=\"-1\" target=\"_blank\">\n\t\t\tSaiba mais \u00bb\t\t<\/a>\n\n\t\t\t\t\t<\/div>\n\t\t\t\t<\/div>\n\t\t\t\t\t<\/div>\n\t\t<\/article>\n\t\t\t\t<\/div>\n\t\t\n\t\t\t\t\t\t<\/div>\n\t\t\t\t<\/div>\n\t\t\t\t<div class=\"elementor-element elementor-element-1812663 elementor-widget elementor-widget-heading\" data-id=\"1812663\" data-element_type=\"widget\" data-e-type=\"widget\" id=\"defesas\" data-widget_type=\"heading.default\">\n\t\t\t\t<div class=\"elementor-widget-container\">\n\t\t\t\t\t<h2 class=\"elementor-heading-title elementor-size-default\">Defesas<\/h2>\t\t\t\t<\/div>\n\t\t\t\t<\/div>\n\t\t\t\t<div class=\"elementor-element elementor-element-92eb135 elementor-widget elementor-widget-text-editor\" data-id=\"92eb135\" data-element_type=\"widget\" data-e-type=\"widget\" data-widget_type=\"text-editor.default\">\n\t\t\t\t<div class=\"elementor-widget-container\">\n\t\t\t\t\t\t\t\t\t<p>Verifique <strong><a href=\"https:\/\/portal.ige.unicamp.br\/pos-graduacao\/agenda-defesas-e-qualificacoes\" target=\"_blank\" rel=\"noopener\"><span style=\"text-decoration: underline;\">aqui<\/span><\/a><\/strong>\u00a0as divulga\u00e7\u00f5es de defesas do IG e do PPG EHCT!<\/p>\t\t\t\t\t\t\t\t<\/div>\n\t\t\t\t<\/div>\n\t\t\t\t<div class=\"elementor-element elementor-element-0b64cb8 elementor-mobile-align-center elementor-widget elementor-widget-button\" data-id=\"0b64cb8\" data-element_type=\"widget\" data-e-type=\"widget\" data-widget_type=\"button.default\">\n\t\t\t\t<div class=\"elementor-widget-container\">\n\t\t\t\t\t\t\t\t\t<div class=\"elementor-button-wrapper\">\n\t\t\t\t\t<a class=\"elementor-button elementor-button-link elementor-size-sm\" href=\"https:\/\/portal.ige.unicamp.br\/\">\n\t\t\t\t\t\t<span class=\"elementor-button-content-wrapper\">\n\t\t\t\t\t\t\t\t\t<span class=\"elementor-button-text\">Clique aqui para mais informa\u00e7\u00f5es<\/span>\n\t\t\t\t\t<\/span>\n\t\t\t\t\t<\/a>\n\t\t\t\t<\/div>\n\t\t\t\t\t\t\t\t<\/div>\n\t\t\t\t<\/div>\n\t\t\t\t\t<\/div>\n\t\t\t\t<\/div>\n\t\t\t\t<\/div>\n\t\t","protected":false},"excerpt":{"rendered":"<p>P\u00e1gina com \u00faltimas not\u00edcias divulgadas pela equipe do PEHCT acerca de eventos internos, defesas, artigos publicados, men\u00e7\u00f5es ou mais informes!<\/p>\n","protected":false},"author":226,"featured_media":93,"parent":0,"menu_order":0,"comment_status":"closed","ping_status":"closed","template":"elementor_header_footer","meta":{"_eb_attr":"","_exactmetrics_skip_tracking":false,"_exactmetrics_sitenote_active":false,"_exactmetrics_sitenote_note":"","_exactmetrics_sitenote_category":0,"footnotes":""},"class_list":["post-10","page","type-page","status-publish","has-post-thumbnail","hentry"],"yoast_head":"<!-- This site is optimized with the Yoast SEO plugin v27.5 - https:\/\/yoast.com\/product\/yoast-seo-wordpress\/ -->\n<title>Not\u00edcias - Not\u00edcias PEHCT<\/title>\n<meta name=\"description\" content=\"P\u00e1gina com \u00faltimas not\u00edcias divulgadas pela equipe do PEHCT acerca de eventos internos, defesas, artigos publicados, men\u00e7\u00f5es ou mais informes!\" \/>\n<meta name=\"robots\" content=\"index, follow, max-snippet:-1, max-image-preview:large, max-video-preview:-1\" \/>\n<link rel=\"canonical\" href=\"https:\/\/www.ige.unicamp.br\/ehct\/noticias-pehct\/\" \/>\n<meta property=\"og:locale\" content=\"pt_BR\" \/>\n<meta property=\"og:type\" content=\"article\" \/>\n<meta property=\"og:title\" content=\"Not\u00edcias - Not\u00edcias PEHCT\" \/>\n<meta property=\"og:description\" content=\"P\u00e1gina com \u00faltimas not\u00edcias divulgadas pela equipe do PEHCT acerca de eventos internos, defesas, artigos publicados, men\u00e7\u00f5es ou mais informes!\" \/>\n<meta property=\"og:url\" content=\"https:\/\/www.ige.unicamp.br\/ehct\/noticias-pehct\/\" \/>\n<meta property=\"og:site_name\" content=\"PPG Ensino e Hist\u00f3ria de Ci\u00eancias da Terra\" \/>\n<meta property=\"article:publisher\" content=\"https:\/\/www.facebook.com\/geociencias.unicamp\" \/>\n<meta property=\"article:modified_time\" content=\"2024-08-20T12:20:04+00:00\" \/>\n<meta property=\"og:image\" content=\"https:\/\/www.ige.unicamp.br\/ehct\/wp-content\/uploads\/sites\/74\/2024\/07\/logo_adaptada_gd_2-1.png\" \/>\n\t<meta property=\"og:image:width\" content=\"324\" \/>\n\t<meta property=\"og:image:height\" content=\"227\" \/>\n\t<meta property=\"og:image:type\" content=\"image\/png\" \/>\n<meta name=\"twitter:card\" content=\"summary_large_image\" \/>\n<meta name=\"twitter:site\" content=\"@Geo_Unicamp\" \/>\n<meta name=\"twitter:label1\" content=\"Est. tempo de leitura\" \/>\n\t<meta name=\"twitter:data1\" content=\"1 minuto\" \/>\n<script type=\"application\/ld+json\" class=\"yoast-schema-graph\">{\"@context\":\"https:\\\/\\\/schema.org\",\"@graph\":[{\"@type\":\"WebPage\",\"@id\":\"https:\\\/\\\/www.ige.unicamp.br\\\/ehct\\\/noticias-pehct\\\/\",\"url\":\"https:\\\/\\\/www.ige.unicamp.br\\\/ehct\\\/noticias-pehct\\\/\",\"name\":\"Not\u00edcias - Not\u00edcias PEHCT\",\"isPartOf\":{\"@id\":\"https:\\\/\\\/www.ige.unicamp.br\\\/ehct\\\/#website\"},\"primaryImageOfPage\":{\"@id\":\"https:\\\/\\\/www.ige.unicamp.br\\\/ehct\\\/noticias-pehct\\\/#primaryimage\"},\"image\":{\"@id\":\"https:\\\/\\\/www.ige.unicamp.br\\\/ehct\\\/noticias-pehct\\\/#primaryimage\"},\"thumbnailUrl\":\"https:\\\/\\\/www.ige.unicamp.br\\\/ehct\\\/wp-content\\\/uploads\\\/sites\\\/74\\\/2024\\\/07\\\/logo_adaptada_gd_2-1.png\",\"datePublished\":\"2024-07-08T23:12:12+00:00\",\"dateModified\":\"2024-08-20T12:20:04+00:00\",\"description\":\"P\u00e1gina com \u00faltimas not\u00edcias divulgadas pela equipe do PEHCT acerca de eventos internos, defesas, artigos publicados, men\u00e7\u00f5es ou mais informes!\",\"breadcrumb\":{\"@id\":\"https:\\\/\\\/www.ige.unicamp.br\\\/ehct\\\/noticias-pehct\\\/#breadcrumb\"},\"inLanguage\":\"pt-BR\",\"potentialAction\":[{\"@type\":\"ReadAction\",\"target\":[\"https:\\\/\\\/www.ige.unicamp.br\\\/ehct\\\/noticias-pehct\\\/\"]}]},{\"@type\":\"ImageObject\",\"inLanguage\":\"pt-BR\",\"@id\":\"https:\\\/\\\/www.ige.unicamp.br\\\/ehct\\\/noticias-pehct\\\/#primaryimage\",\"url\":\"https:\\\/\\\/www.ige.unicamp.br\\\/ehct\\\/wp-content\\\/uploads\\\/sites\\\/74\\\/2024\\\/07\\\/logo_adaptada_gd_2-1.png\",\"contentUrl\":\"https:\\\/\\\/www.ige.unicamp.br\\\/ehct\\\/wp-content\\\/uploads\\\/sites\\\/74\\\/2024\\\/07\\\/logo_adaptada_gd_2-1.png\",\"width\":324,\"height\":227},{\"@type\":\"BreadcrumbList\",\"@id\":\"https:\\\/\\\/www.ige.unicamp.br\\\/ehct\\\/noticias-pehct\\\/#breadcrumb\",\"itemListElement\":[{\"@type\":\"ListItem\",\"position\":1,\"name\":\"In\u00edcio\",\"item\":\"https:\\\/\\\/www.ige.unicamp.br\\\/ehct\\\/\"},{\"@type\":\"ListItem\",\"position\":2,\"name\":\"Not\u00edcias\"}]},{\"@type\":\"WebSite\",\"@id\":\"https:\\\/\\\/www.ige.unicamp.br\\\/ehct\\\/#website\",\"url\":\"https:\\\/\\\/www.ige.unicamp.br\\\/ehct\\\/\",\"name\":\"PPG Ensino e Hist\u00f3ria de Ci\u00eancias da Terra\",\"description\":\"Site institucional de divulgal\u00e7\u00e3o cient\u00edfica do Programa de P\u00f3s-gradua\u00e7\u00e3o em Ensino e Hist\u00f3ria de Ci\u00eancias da Terra!\",\"publisher\":{\"@id\":\"https:\\\/\\\/www.ige.unicamp.br\\\/ehct\\\/#organization\"},\"potentialAction\":[{\"@type\":\"SearchAction\",\"target\":{\"@type\":\"EntryPoint\",\"urlTemplate\":\"https:\\\/\\\/www.ige.unicamp.br\\\/ehct\\\/?s={search_term_string}\"},\"query-input\":{\"@type\":\"PropertyValueSpecification\",\"valueRequired\":true,\"valueName\":\"search_term_string\"}}],\"inLanguage\":\"pt-BR\"},{\"@type\":\"Organization\",\"@id\":\"https:\\\/\\\/www.ige.unicamp.br\\\/ehct\\\/#organization\",\"name\":\"PPG Ensino e Hist\u00f3ria de Ci\u00eancias da Terra\",\"url\":\"https:\\\/\\\/www.ige.unicamp.br\\\/ehct\\\/\",\"logo\":{\"@type\":\"ImageObject\",\"inLanguage\":\"pt-BR\",\"@id\":\"https:\\\/\\\/www.ige.unicamp.br\\\/ehct\\\/#\\\/schema\\\/logo\\\/image\\\/\",\"url\":\"https:\\\/\\\/www.ige.unicamp.br\\\/ehct\\\/wp-content\\\/uploads\\\/sites\\\/74\\\/2024\\\/07\\\/logo_adaptada_gd_2-1.png\",\"contentUrl\":\"https:\\\/\\\/www.ige.unicamp.br\\\/ehct\\\/wp-content\\\/uploads\\\/sites\\\/74\\\/2024\\\/07\\\/logo_adaptada_gd_2-1.png\",\"width\":324,\"height\":227,\"caption\":\"PPG Ensino e Hist\u00f3ria de Ci\u00eancias da Terra\"},\"image\":{\"@id\":\"https:\\\/\\\/www.ige.unicamp.br\\\/ehct\\\/#\\\/schema\\\/logo\\\/image\\\/\"},\"sameAs\":[\"https:\\\/\\\/www.facebook.com\\\/geociencias.unicamp\",\"https:\\\/\\\/x.com\\\/Geo_Unicamp\",\"https:\\\/\\\/www.instagram.com\\\/geociencias.unicamp\",\"https:\\\/\\\/www.youtube.com\\\/channel\\\/UCXvrBAsX413C83HKvGI47og?view_as=subscriber\"]}]}<\/script>\n<!-- \/ Yoast SEO plugin. -->","yoast_head_json":{"title":"Not\u00edcias - Not\u00edcias PEHCT","description":"P\u00e1gina com \u00faltimas not\u00edcias divulgadas pela equipe do PEHCT acerca de eventos internos, defesas, artigos publicados, men\u00e7\u00f5es ou mais informes!","robots":{"index":"index","follow":"follow","max-snippet":"max-snippet:-1","max-image-preview":"max-image-preview:large","max-video-preview":"max-video-preview:-1"},"canonical":"https:\/\/www.ige.unicamp.br\/ehct\/noticias-pehct\/","og_locale":"pt_BR","og_type":"article","og_title":"Not\u00edcias - Not\u00edcias PEHCT","og_description":"P\u00e1gina com \u00faltimas not\u00edcias divulgadas pela equipe do PEHCT acerca de eventos internos, defesas, artigos publicados, men\u00e7\u00f5es ou mais informes!","og_url":"https:\/\/www.ige.unicamp.br\/ehct\/noticias-pehct\/","og_site_name":"PPG Ensino e Hist\u00f3ria de Ci\u00eancias da Terra","article_publisher":"https:\/\/www.facebook.com\/geociencias.unicamp","article_modified_time":"2024-08-20T12:20:04+00:00","og_image":[{"width":324,"height":227,"url":"https:\/\/www.ige.unicamp.br\/ehct\/wp-content\/uploads\/sites\/74\/2024\/07\/logo_adaptada_gd_2-1.png","type":"image\/png"}],"twitter_card":"summary_large_image","twitter_site":"@Geo_Unicamp","twitter_misc":{"Est. tempo de leitura":"1 minuto"},"schema":{"@context":"https:\/\/schema.org","@graph":[{"@type":"WebPage","@id":"https:\/\/www.ige.unicamp.br\/ehct\/noticias-pehct\/","url":"https:\/\/www.ige.unicamp.br\/ehct\/noticias-pehct\/","name":"Not\u00edcias - Not\u00edcias PEHCT","isPartOf":{"@id":"https:\/\/www.ige.unicamp.br\/ehct\/#website"},"primaryImageOfPage":{"@id":"https:\/\/www.ige.unicamp.br\/ehct\/noticias-pehct\/#primaryimage"},"image":{"@id":"https:\/\/www.ige.unicamp.br\/ehct\/noticias-pehct\/#primaryimage"},"thumbnailUrl":"https:\/\/www.ige.unicamp.br\/ehct\/wp-content\/uploads\/sites\/74\/2024\/07\/logo_adaptada_gd_2-1.png","datePublished":"2024-07-08T23:12:12+00:00","dateModified":"2024-08-20T12:20:04+00:00","description":"P\u00e1gina com \u00faltimas not\u00edcias divulgadas pela equipe do PEHCT acerca de eventos internos, defesas, artigos publicados, men\u00e7\u00f5es ou mais informes!","breadcrumb":{"@id":"https:\/\/www.ige.unicamp.br\/ehct\/noticias-pehct\/#breadcrumb"},"inLanguage":"pt-BR","potentialAction":[{"@type":"ReadAction","target":["https:\/\/www.ige.unicamp.br\/ehct\/noticias-pehct\/"]}]},{"@type":"ImageObject","inLanguage":"pt-BR","@id":"https:\/\/www.ige.unicamp.br\/ehct\/noticias-pehct\/#primaryimage","url":"https:\/\/www.ige.unicamp.br\/ehct\/wp-content\/uploads\/sites\/74\/2024\/07\/logo_adaptada_gd_2-1.png","contentUrl":"https:\/\/www.ige.unicamp.br\/ehct\/wp-content\/uploads\/sites\/74\/2024\/07\/logo_adaptada_gd_2-1.png","width":324,"height":227},{"@type":"BreadcrumbList","@id":"https:\/\/www.ige.unicamp.br\/ehct\/noticias-pehct\/#breadcrumb","itemListElement":[{"@type":"ListItem","position":1,"name":"In\u00edcio","item":"https:\/\/www.ige.unicamp.br\/ehct\/"},{"@type":"ListItem","position":2,"name":"Not\u00edcias"}]},{"@type":"WebSite","@id":"https:\/\/www.ige.unicamp.br\/ehct\/#website","url":"https:\/\/www.ige.unicamp.br\/ehct\/","name":"PPG Ensino e Hist\u00f3ria de Ci\u00eancias da Terra","description":"Site institucional de divulgal\u00e7\u00e3o cient\u00edfica do Programa de P\u00f3s-gradua\u00e7\u00e3o em Ensino e Hist\u00f3ria de Ci\u00eancias da Terra!","publisher":{"@id":"https:\/\/www.ige.unicamp.br\/ehct\/#organization"},"potentialAction":[{"@type":"SearchAction","target":{"@type":"EntryPoint","urlTemplate":"https:\/\/www.ige.unicamp.br\/ehct\/?s={search_term_string}"},"query-input":{"@type":"PropertyValueSpecification","valueRequired":true,"valueName":"search_term_string"}}],"inLanguage":"pt-BR"},{"@type":"Organization","@id":"https:\/\/www.ige.unicamp.br\/ehct\/#organization","name":"PPG Ensino e Hist\u00f3ria de Ci\u00eancias da Terra","url":"https:\/\/www.ige.unicamp.br\/ehct\/","logo":{"@type":"ImageObject","inLanguage":"pt-BR","@id":"https:\/\/www.ige.unicamp.br\/ehct\/#\/schema\/logo\/image\/","url":"https:\/\/www.ige.unicamp.br\/ehct\/wp-content\/uploads\/sites\/74\/2024\/07\/logo_adaptada_gd_2-1.png","contentUrl":"https:\/\/www.ige.unicamp.br\/ehct\/wp-content\/uploads\/sites\/74\/2024\/07\/logo_adaptada_gd_2-1.png","width":324,"height":227,"caption":"PPG Ensino e Hist\u00f3ria de Ci\u00eancias da Terra"},"image":{"@id":"https:\/\/www.ige.unicamp.br\/ehct\/#\/schema\/logo\/image\/"},"sameAs":["https:\/\/www.facebook.com\/geociencias.unicamp","https:\/\/x.com\/Geo_Unicamp","https:\/\/www.instagram.com\/geociencias.unicamp","https:\/\/www.youtube.com\/channel\/UCXvrBAsX413C83HKvGI47og?view_as=subscriber"]}]}},"_links":{"self":[{"href":"https:\/\/www.ige.unicamp.br\/ehct\/wp-json\/wp\/v2\/pages\/10","targetHints":{"allow":["GET"]}}],"collection":[{"href":"https:\/\/www.ige.unicamp.br\/ehct\/wp-json\/wp\/v2\/pages"}],"about":[{"href":"https:\/\/www.ige.unicamp.br\/ehct\/wp-json\/wp\/v2\/types\/page"}],"author":[{"embeddable":true,"href":"https:\/\/www.ige.unicamp.br\/ehct\/wp-json\/wp\/v2\/users\/226"}],"replies":[{"embeddable":true,"href":"https:\/\/www.ige.unicamp.br\/ehct\/wp-json\/wp\/v2\/comments?post=10"}],"version-history":[{"count":59,"href":"https:\/\/www.ige.unicamp.br\/ehct\/wp-json\/wp\/v2\/pages\/10\/revisions"}],"predecessor-version":[{"id":923,"href":"https:\/\/www.ige.unicamp.br\/ehct\/wp-json\/wp\/v2\/pages\/10\/revisions\/923"}],"wp:featuredmedia":[{"embeddable":true,"href":"https:\/\/www.ige.unicamp.br\/ehct\/wp-json\/wp\/v2\/media\/93"}],"wp:attachment":[{"href":"https:\/\/www.ige.unicamp.br\/ehct\/wp-json\/wp\/v2\/media?parent=10"}],"curies":[{"name":"wp","href":"https:\/\/api.w.org\/{rel}","templated":true}]}}