{"id":237,"date":"2015-07-07T17:25:36","date_gmt":"2015-07-07T20:25:36","guid":{"rendered":"http:\/\/www.ige.unicamp.br\/geoideias\/?page_id=237"},"modified":"2023-06-30T10:03:00","modified_gmt":"2023-06-30T13:03:00","slug":"quem-somos","status":"publish","type":"page","link":"https:\/\/www.ige.unicamp.br\/geoideias\/quem-somos\/","title":{"rendered":"Quem somos?"},"content":{"rendered":"<p>Desde 2014, a coordena\u00e7\u00e3o do projeto de tradu\u00e7\u00e3o \u00e9 do Prof. Roberto Greco do Instituto de Geoci\u00eancias \u2013 IG da Unicamp. V\u00e1rios alunos de gradua\u00e7\u00e3o, p\u00f3s-gradua\u00e7\u00e3o e professores colaboraram nesse projeto.<\/p>\n<p>Tradu\u00e7\u00f5es: Tatiane Morelato, Fabiana Giaretta, Gustavo Jos\u00e9 Lara Campos, Vanessa Juliana Da Silva, Douglas Sena Rodrigues, Rebeca Cristina de Souza, Emily Suelen dos Santos.<br \/>\nRevisores: Prof. Ana Elisa Silva de Abreu (UNICAMP), Prof. Carolina Zabini (UNICAMP), Prof. Celso Dal Re Carneiro (UNICAMP), Prof. Reginaldo Luiz Fernandes de Souza (UEA) Prof. Roberto Greco (Unicamp) e Luiz Anselmo Consta Nascimento Ifanger e Carolina Baldin, alunos de doutorado do PEHCT.<\/p>\n<p>Videos: \u00c9rica Rodrigues Soares, Bruna Cristina Gama Campagnucci, Bruna Eduarda de Almeida Valen\u00e7a e os alunos do PIBIC-EM: Andreza Aparecida Machado, Luiz Antonio Pereira Ferraz, Stefhani Archanjo Silva.<\/p>\n<p>P\u00e1gina no Facebook: Tatiane Morelato, Flavia Miyuki Kojima, Caroline Araujo, Bruna Eduarda de Almeida Valen\u00e7a.<\/p>\n<p>At\u00e9 2011 os principais respons\u00e1veis para tradu\u00e7\u00e3o e revis\u00f5es foram: Prof. Celso Dal Re Carneiro, Nadia C. M. Hoffman (estudante de geologia da Unicamp) e Gustavo H. Teramatsu (estudante de geografia da Unicamp).<\/p>\n<p>Earth Learning Ideia tamb\u00e9m est\u00e1 no Facebook!<\/p>\n<p>Curta a p\u00e1gina para receber notifica\u00e7\u00f5es sobre novas atividades e oficinas!<\/p>\n<p><a href=\"http:\/\/www.ige.unicamp.br\/geoideias\/wp-content\/uploads\/sites\/20\/2015\/12\/facebook-icon.png\" rel=\"attachment wp-att-638\"><img loading=\"lazy\" decoding=\"async\" class=\"alignnone wp-image-638\" src=\"http:\/\/www.ige.unicamp.br\/geoideias\/wp-content\/uploads\/sites\/20\/2015\/12\/facebook-icon.png\" alt=\"facebook icon\" width=\"18\" height=\"18\" \/><\/a>\u00a0<a href=\"http:\/\/www.facebook.com\/geoideias1\/\" target=\"_blank\" rel=\"noopener noreferrer\">Geoideias no Facebook<\/a><\/p>\n<p class=\"\" align=\"justify\">\n","protected":false},"excerpt":{"rendered":"<p>Desde 2014, a coordena\u00e7\u00e3o do projeto de tradu\u00e7\u00e3o \u00e9 do Prof. Roberto Greco do Instituto de Geoci\u00eancias \u2013 IG da Unicamp. V\u00e1rios alunos de gradua\u00e7\u00e3o, p\u00f3s-gradua\u00e7\u00e3o e professores colaboraram nesse projeto. Tradu\u00e7\u00f5es: Tatiane Morelato, Fabiana Giaretta, Gustavo Jos\u00e9 Lara Campos, Vanessa Juliana Da Silva, Douglas Sena Rodrigues, Rebeca Cristina de Souza, Emily Suelen dos Santos. [&hellip;]<\/p>\n","protected":false},"author":87,"featured_media":0,"parent":0,"menu_order":2,"comment_status":"closed","ping_status":"open","template":"","meta":{"_exactmetrics_skip_tracking":false,"_exactmetrics_sitenote_active":false,"_exactmetrics_sitenote_note":"","_exactmetrics_sitenote_category":0,"footnotes":""},"class_list":["post-237","page","type-page","status-publish","hentry"],"yoast_head":"<!-- This site is optimized with the Yoast SEO plugin v27.4 - https:\/\/yoast.com\/product\/yoast-seo-wordpress\/ -->\n<title>Quem somos? - Earth Learning Idea<\/title>\n<meta name=\"robots\" content=\"index, follow, max-snippet:-1, max-image-preview:large, max-video-preview:-1\" \/>\n<link rel=\"canonical\" href=\"https:\/\/www.ige.unicamp.br\/geoideias\/quem-somos\/\" \/>\n<meta property=\"og:locale\" content=\"pt_BR\" \/>\n<meta property=\"og:type\" content=\"article\" \/>\n<meta property=\"og:title\" content=\"Quem somos? - Earth Learning Idea\" \/>\n<meta property=\"og:description\" content=\"Desde 2014, a coordena\u00e7\u00e3o do projeto de tradu\u00e7\u00e3o \u00e9 do Prof. Roberto Greco do Instituto de Geoci\u00eancias \u2013 IG da Unicamp. V\u00e1rios alunos de gradua\u00e7\u00e3o, p\u00f3s-gradua\u00e7\u00e3o e professores colaboraram nesse projeto. Tradu\u00e7\u00f5es: Tatiane Morelato, Fabiana Giaretta, Gustavo Jos\u00e9 Lara Campos, Vanessa Juliana Da Silva, Douglas Sena Rodrigues, Rebeca Cristina de Souza, Emily Suelen dos Santos. [&hellip;]\" \/>\n<meta property=\"og:url\" content=\"https:\/\/www.ige.unicamp.br\/geoideias\/quem-somos\/\" \/>\n<meta property=\"og:site_name\" content=\"Earth Learning Idea\" \/>\n<meta property=\"article:modified_time\" content=\"2023-06-30T13:03:00+00:00\" \/>\n<meta property=\"og:image\" content=\"http:\/\/www.ige.unicamp.br\/geoideias\/wp-content\/uploads\/sites\/20\/2015\/12\/facebook-icon.png\" \/>\n<meta name=\"twitter:card\" content=\"summary_large_image\" \/>\n<meta name=\"twitter:label1\" content=\"Est. tempo de leitura\" \/>\n\t<meta name=\"twitter:data1\" content=\"1 minuto\" \/>\n<script type=\"application\/ld+json\" class=\"yoast-schema-graph\">{\"@context\":\"https:\\\/\\\/schema.org\",\"@graph\":[{\"@type\":\"WebPage\",\"@id\":\"https:\\\/\\\/www.ige.unicamp.br\\\/geoideias\\\/quem-somos\\\/\",\"url\":\"https:\\\/\\\/www.ige.unicamp.br\\\/geoideias\\\/quem-somos\\\/\",\"name\":\"Quem somos? - Earth Learning Idea\",\"isPartOf\":{\"@id\":\"https:\\\/\\\/www.ige.unicamp.br\\\/geoideias\\\/#website\"},\"primaryImageOfPage\":{\"@id\":\"https:\\\/\\\/www.ige.unicamp.br\\\/geoideias\\\/quem-somos\\\/#primaryimage\"},\"image\":{\"@id\":\"https:\\\/\\\/www.ige.unicamp.br\\\/geoideias\\\/quem-somos\\\/#primaryimage\"},\"thumbnailUrl\":\"http:\\\/\\\/www.ige.unicamp.br\\\/geoideias\\\/wp-content\\\/uploads\\\/sites\\\/20\\\/2015\\\/12\\\/facebook-icon.png\",\"datePublished\":\"2015-07-07T20:25:36+00:00\",\"dateModified\":\"2023-06-30T13:03:00+00:00\",\"breadcrumb\":{\"@id\":\"https:\\\/\\\/www.ige.unicamp.br\\\/geoideias\\\/quem-somos\\\/#breadcrumb\"},\"inLanguage\":\"pt-BR\",\"potentialAction\":[{\"@type\":\"ReadAction\",\"target\":[\"https:\\\/\\\/www.ige.unicamp.br\\\/geoideias\\\/quem-somos\\\/\"]}]},{\"@type\":\"ImageObject\",\"inLanguage\":\"pt-BR\",\"@id\":\"https:\\\/\\\/www.ige.unicamp.br\\\/geoideias\\\/quem-somos\\\/#primaryimage\",\"url\":\"http:\\\/\\\/www.ige.unicamp.br\\\/geoideias\\\/wp-content\\\/uploads\\\/sites\\\/20\\\/2015\\\/12\\\/facebook-icon.png\",\"contentUrl\":\"http:\\\/\\\/www.ige.unicamp.br\\\/geoideias\\\/wp-content\\\/uploads\\\/sites\\\/20\\\/2015\\\/12\\\/facebook-icon.png\"},{\"@type\":\"BreadcrumbList\",\"@id\":\"https:\\\/\\\/www.ige.unicamp.br\\\/geoideias\\\/quem-somos\\\/#breadcrumb\",\"itemListElement\":[{\"@type\":\"ListItem\",\"position\":1,\"name\":\"In\u00edcio\",\"item\":\"https:\\\/\\\/www.ige.unicamp.br\\\/geoideias\\\/\"},{\"@type\":\"ListItem\",\"position\":2,\"name\":\"Quem somos?\"}]},{\"@type\":\"WebSite\",\"@id\":\"https:\\\/\\\/www.ige.unicamp.br\\\/geoideias\\\/#website\",\"url\":\"https:\\\/\\\/www.ige.unicamp.br\\\/geoideias\\\/\",\"name\":\"Earth Learning Idea\",\"description\":\"\",\"potentialAction\":[{\"@type\":\"SearchAction\",\"target\":{\"@type\":\"EntryPoint\",\"urlTemplate\":\"https:\\\/\\\/www.ige.unicamp.br\\\/geoideias\\\/?s={search_term_string}\"},\"query-input\":{\"@type\":\"PropertyValueSpecification\",\"valueRequired\":true,\"valueName\":\"search_term_string\"}}],\"inLanguage\":\"pt-BR\"}]}<\/script>\n<!-- \/ Yoast SEO plugin. -->","yoast_head_json":{"title":"Quem somos? - Earth Learning Idea","robots":{"index":"index","follow":"follow","max-snippet":"max-snippet:-1","max-image-preview":"max-image-preview:large","max-video-preview":"max-video-preview:-1"},"canonical":"https:\/\/www.ige.unicamp.br\/geoideias\/quem-somos\/","og_locale":"pt_BR","og_type":"article","og_title":"Quem somos? - Earth Learning Idea","og_description":"Desde 2014, a coordena\u00e7\u00e3o do projeto de tradu\u00e7\u00e3o \u00e9 do Prof. Roberto Greco do Instituto de Geoci\u00eancias \u2013 IG da Unicamp. V\u00e1rios alunos de gradua\u00e7\u00e3o, p\u00f3s-gradua\u00e7\u00e3o e professores colaboraram nesse projeto. Tradu\u00e7\u00f5es: Tatiane Morelato, Fabiana Giaretta, Gustavo Jos\u00e9 Lara Campos, Vanessa Juliana Da Silva, Douglas Sena Rodrigues, Rebeca Cristina de Souza, Emily Suelen dos Santos. [&hellip;]","og_url":"https:\/\/www.ige.unicamp.br\/geoideias\/quem-somos\/","og_site_name":"Earth Learning Idea","article_modified_time":"2023-06-30T13:03:00+00:00","og_image":[{"url":"http:\/\/www.ige.unicamp.br\/geoideias\/wp-content\/uploads\/sites\/20\/2015\/12\/facebook-icon.png","type":"","width":"","height":""}],"twitter_card":"summary_large_image","twitter_misc":{"Est. tempo de leitura":"1 minuto"},"schema":{"@context":"https:\/\/schema.org","@graph":[{"@type":"WebPage","@id":"https:\/\/www.ige.unicamp.br\/geoideias\/quem-somos\/","url":"https:\/\/www.ige.unicamp.br\/geoideias\/quem-somos\/","name":"Quem somos? - Earth Learning Idea","isPartOf":{"@id":"https:\/\/www.ige.unicamp.br\/geoideias\/#website"},"primaryImageOfPage":{"@id":"https:\/\/www.ige.unicamp.br\/geoideias\/quem-somos\/#primaryimage"},"image":{"@id":"https:\/\/www.ige.unicamp.br\/geoideias\/quem-somos\/#primaryimage"},"thumbnailUrl":"http:\/\/www.ige.unicamp.br\/geoideias\/wp-content\/uploads\/sites\/20\/2015\/12\/facebook-icon.png","datePublished":"2015-07-07T20:25:36+00:00","dateModified":"2023-06-30T13:03:00+00:00","breadcrumb":{"@id":"https:\/\/www.ige.unicamp.br\/geoideias\/quem-somos\/#breadcrumb"},"inLanguage":"pt-BR","potentialAction":[{"@type":"ReadAction","target":["https:\/\/www.ige.unicamp.br\/geoideias\/quem-somos\/"]}]},{"@type":"ImageObject","inLanguage":"pt-BR","@id":"https:\/\/www.ige.unicamp.br\/geoideias\/quem-somos\/#primaryimage","url":"http:\/\/www.ige.unicamp.br\/geoideias\/wp-content\/uploads\/sites\/20\/2015\/12\/facebook-icon.png","contentUrl":"http:\/\/www.ige.unicamp.br\/geoideias\/wp-content\/uploads\/sites\/20\/2015\/12\/facebook-icon.png"},{"@type":"BreadcrumbList","@id":"https:\/\/www.ige.unicamp.br\/geoideias\/quem-somos\/#breadcrumb","itemListElement":[{"@type":"ListItem","position":1,"name":"In\u00edcio","item":"https:\/\/www.ige.unicamp.br\/geoideias\/"},{"@type":"ListItem","position":2,"name":"Quem somos?"}]},{"@type":"WebSite","@id":"https:\/\/www.ige.unicamp.br\/geoideias\/#website","url":"https:\/\/www.ige.unicamp.br\/geoideias\/","name":"Earth Learning Idea","description":"","potentialAction":[{"@type":"SearchAction","target":{"@type":"EntryPoint","urlTemplate":"https:\/\/www.ige.unicamp.br\/geoideias\/?s={search_term_string}"},"query-input":{"@type":"PropertyValueSpecification","valueRequired":true,"valueName":"search_term_string"}}],"inLanguage":"pt-BR"}]}},"_links":{"self":[{"href":"https:\/\/www.ige.unicamp.br\/geoideias\/wp-json\/wp\/v2\/pages\/237","targetHints":{"allow":["GET"]}}],"collection":[{"href":"https:\/\/www.ige.unicamp.br\/geoideias\/wp-json\/wp\/v2\/pages"}],"about":[{"href":"https:\/\/www.ige.unicamp.br\/geoideias\/wp-json\/wp\/v2\/types\/page"}],"author":[{"embeddable":true,"href":"https:\/\/www.ige.unicamp.br\/geoideias\/wp-json\/wp\/v2\/users\/87"}],"replies":[{"embeddable":true,"href":"https:\/\/www.ige.unicamp.br\/geoideias\/wp-json\/wp\/v2\/comments?post=237"}],"version-history":[{"count":12,"href":"https:\/\/www.ige.unicamp.br\/geoideias\/wp-json\/wp\/v2\/pages\/237\/revisions"}],"predecessor-version":[{"id":1374,"href":"https:\/\/www.ige.unicamp.br\/geoideias\/wp-json\/wp\/v2\/pages\/237\/revisions\/1374"}],"wp:attachment":[{"href":"https:\/\/www.ige.unicamp.br\/geoideias\/wp-json\/wp\/v2\/media?parent=237"}],"curies":[{"name":"wp","href":"https:\/\/api.w.org\/{rel}","templated":true}]}}