{"id":192,"date":"2021-02-06T08:31:43","date_gmt":"2021-02-06T11:31:43","guid":{"rendered":"https:\/\/www.ige.unicamp.br\/geoisotopica\/?page_id=192"},"modified":"2026-02-20T09:55:35","modified_gmt":"2026-02-20T12:55:35","slug":"precos","status":"publish","type":"page","link":"https:\/\/www.ige.unicamp.br\/geoisotopica\/precos\/","title":{"rendered":"Pre\u00e7os"},"content":{"rendered":"\n<div class=\"inherit-container-width wp-block-group is-layout-constrained wp-block-group-is-layout-constrained\">\n<div class=\"wp-block-columns are-vertically-aligned-center is-layout-flex wp-container-core-columns-is-layout-28f84493 wp-block-columns-is-layout-flex\">\n<div class=\"wp-block-column is-vertically-aligned-center is-layout-flow wp-block-column-is-layout-flow\" style=\"flex-basis:100%\">\n<div class=\"inherit-container-width wp-block-group is-layout-constrained wp-block-group-is-layout-constrained\">\n<div class=\"wp-block-columns is-layout-flex wp-container-core-columns-is-layout-28f84493 wp-block-columns-is-layout-flex\">\n<div class=\"wp-block-column is-layout-flow wp-block-column-is-layout-flow\" style=\"flex-basis:100%\">\n<figure class=\"wp-block-table aligncenter is-style-regular\"><table class=\"has-fixed-layout\"><tbody><tr><td class=\"has-text-align-center\" data-align=\"center\"><strong>Rotina<\/strong><\/td><td class=\"has-text-align-center\" data-align=\"center\"><\/td><td class=\"has-text-align-center\" data-align=\"center\"><\/td><td class=\"has-text-align-center\" data-align=\"center\"><\/td><td class=\"has-text-align-center\" data-align=\"center\"><\/td><td class=\"has-text-align-center\" data-align=\"center\"><\/td><\/tr><tr><td class=\"has-text-align-center\" data-align=\"center\"><\/td><td class=\"has-text-align-center\" data-align=\"center\"><strong>IG-Unicamp<\/strong><\/td><td class=\"has-text-align-center\" data-align=\"center\"><strong>Outras universidades<\/strong> <strong>p\u00fablicas<\/strong><\/td><td class=\"has-text-align-center\" data-align=\"center\"><strong>IG-Unicamp<br>(financiado por empresa)<\/strong><\/td><td class=\"has-text-align-center\" data-align=\"center\"><strong>Outras universidades<\/strong> <strong>(financiado por empresa)<\/strong><\/td><td class=\"has-text-align-center\" data-align=\"center\"><strong>Empresa<\/strong><\/td><\/tr><tr><td class=\"has-text-align-center\" data-align=\"center\">ICP-QMS (Tra\u00e7os em rochas)<\/td><td class=\"has-text-align-center\" data-align=\"center\">R$ 200<\/td><td class=\"has-text-align-center\" data-align=\"center\">R$ 300<\/td><td class=\"has-text-align-center\" data-align=\"center\">R$ 300<\/td><td class=\"has-text-align-center\" data-align=\"center\"><\/td><td class=\"has-text-align-center\" data-align=\"center\">R$ 400<\/td><\/tr><tr><td class=\"has-text-align-center\" data-align=\"center\">ICP-QMS (Tra\u00e7os em \u00e1guas)<\/td><td class=\"has-text-align-center\" data-align=\"center\">R$ 130<\/td><td class=\"has-text-align-center\" data-align=\"center\">R$ 195<\/td><td class=\"has-text-align-center\" data-align=\"center\">R$ 195<\/td><td class=\"has-text-align-center\" data-align=\"center\"><\/td><td class=\"has-text-align-center\" data-align=\"center\">R$ 260<\/td><\/tr><tr><td class=\"has-text-align-center\" data-align=\"center\">LA-ICP-SFMS (Data\u00e7\u00e3o U-Pb de zirc\u00e3o\/titanita\/rutilo\/<br>monazita &#8211; pre\u00e7o por spot)<\/td><td class=\"has-text-align-center\" data-align=\"center\">R$ 30<\/td><td class=\"has-text-align-center\" data-align=\"center\">R$ 40<\/td><td class=\"has-text-align-center\" data-align=\"center\">R$ 40<\/td><td class=\"has-text-align-center\" data-align=\"center\">R$ 50<\/td><td class=\"has-text-align-center\" data-align=\"center\"><em>Sob consulta<\/em><\/td><\/tr><tr><td class=\"has-text-align-center\" data-align=\"center\">LA-ICP-SFMS (Tra\u00e7os em minerais &#8211; pre\u00e7o por spot)<\/td><td class=\"has-text-align-center\" data-align=\"center\">R$ 40<\/td><td class=\"has-text-align-center\" data-align=\"center\">R$ 60<\/td><td class=\"has-text-align-center\" data-align=\"center\">R$ 60<\/td><td class=\"has-text-align-center\" data-align=\"center\"> R$ 70<\/td><td class=\"has-text-align-center\" data-align=\"center\"><em>Sob consulta<\/em><\/td><\/tr><tr><td class=\"has-text-align-center\" data-align=\"center\">LA-ICP-SFMS (Data\u00e7\u00e3o U-Pb de calcita &#8211; pre\u00e7o por spot)<\/td><td class=\"has-text-align-center\" data-align=\"center\">R$ 50<\/td><td class=\"has-text-align-center\" data-align=\"center\">R$ 65<\/td><td class=\"has-text-align-center\" data-align=\"center\">R$ 65<\/td><td class=\"has-text-align-center\" data-align=\"center\">R$ 80<\/td><td class=\"has-text-align-center\" data-align=\"center\"><em>Sob consulta<\/em><\/td><\/tr><\/tbody><\/table><figcaption class=\"wp-element-caption\">Valores atualizados em agosto\/2023.<br><br>Em caso de d\u00favidas, entre em contato atrav\u00e9s do email:<br>lagis@unicamp.br<\/figcaption><\/figure>\n\n\n\n<p><\/p>\n<\/div>\n<\/div>\n<\/div>\n<\/div>\n<\/div>\n<\/div>\n\n\n\n<p><\/p>\n","protected":false},"excerpt":{"rendered":"<p>Rotina IG-Unicamp Outras universidades p\u00fablicas IG-Unicamp(financiado por empresa) Outras universidades (financiado por empresa) Empresa ICP-QMS (Tra\u00e7os em rochas) R$ 200 R$ 300 R$ 300 R$ 400 ICP-QMS (Tra\u00e7os em \u00e1guas) R$ 130 R$ 195 R$ 195 R$ 260 LA-ICP-SFMS (Data\u00e7\u00e3o U-Pb de zirc\u00e3o\/titanita\/rutilo\/monazita &#8211; pre\u00e7o por spot) R$ 30 R$ 40 R$ 40 R$ 50 [&hellip;]<\/p>\n","protected":false},"author":92,"featured_media":0,"parent":0,"menu_order":0,"comment_status":"closed","ping_status":"closed","template":"","meta":{"site-sidebar-layout":"default","site-content-layout":"","ast-site-content-layout":"default","site-content-style":"default","site-sidebar-style":"default","ast-global-header-display":"","ast-banner-title-visibility":"","ast-main-header-display":"","ast-hfb-above-header-display":"","ast-hfb-below-header-display":"","ast-hfb-mobile-header-display":"","site-post-title":"","ast-breadcrumbs-content":"","ast-featured-img":"","footer-sml-layout":"","ast-disable-related-posts":"","theme-transparent-header-meta":"","adv-header-id-meta":"","stick-header-meta":"","header-above-stick-meta":"","header-main-stick-meta":"","header-below-stick-meta":"","astra-migrate-meta-layouts":"set","ast-page-background-enabled":"default","ast-page-background-meta":{"desktop":{"background-color":"var(--ast-global-color-4)","background-image":"","background-repeat":"repeat","background-position":"center center","background-size":"auto","background-attachment":"scroll","background-type":"","background-media":"","overlay-type":"","overlay-color":"","overlay-opacity":"","overlay-gradient":""},"tablet":{"background-color":"","background-image":"","background-repeat":"repeat","background-position":"center center","background-size":"auto","background-attachment":"scroll","background-type":"","background-media":"","overlay-type":"","overlay-color":"","overlay-opacity":"","overlay-gradient":""},"mobile":{"background-color":"","background-image":"","background-repeat":"repeat","background-position":"center center","background-size":"auto","background-attachment":"scroll","background-type":"","background-media":"","overlay-type":"","overlay-color":"","overlay-opacity":"","overlay-gradient":""}},"ast-content-background-meta":{"desktop":{"background-color":"var(--ast-global-color-5)","background-image":"","background-repeat":"repeat","background-position":"center center","background-size":"auto","background-attachment":"scroll","background-type":"","background-media":"","overlay-type":"","overlay-color":"","overlay-opacity":"","overlay-gradient":""},"tablet":{"background-color":"var(--ast-global-color-5)","background-image":"","background-repeat":"repeat","background-position":"center center","background-size":"auto","background-attachment":"scroll","background-type":"","background-media":"","overlay-type":"","overlay-color":"","overlay-opacity":"","overlay-gradient":""},"mobile":{"background-color":"var(--ast-global-color-5)","background-image":"","background-repeat":"repeat","background-position":"center center","background-size":"auto","background-attachment":"scroll","background-type":"","background-media":"","overlay-type":"","overlay-color":"","overlay-opacity":"","overlay-gradient":""}},"footnotes":""},"class_list":["post-192","page","type-page","status-publish","hentry"],"_links":{"self":[{"href":"https:\/\/www.ige.unicamp.br\/geoisotopica\/wp-json\/wp\/v2\/pages\/192","targetHints":{"allow":["GET"]}}],"collection":[{"href":"https:\/\/www.ige.unicamp.br\/geoisotopica\/wp-json\/wp\/v2\/pages"}],"about":[{"href":"https:\/\/www.ige.unicamp.br\/geoisotopica\/wp-json\/wp\/v2\/types\/page"}],"author":[{"embeddable":true,"href":"https:\/\/www.ige.unicamp.br\/geoisotopica\/wp-json\/wp\/v2\/users\/92"}],"replies":[{"embeddable":true,"href":"https:\/\/www.ige.unicamp.br\/geoisotopica\/wp-json\/wp\/v2\/comments?post=192"}],"version-history":[{"count":15,"href":"https:\/\/www.ige.unicamp.br\/geoisotopica\/wp-json\/wp\/v2\/pages\/192\/revisions"}],"predecessor-version":[{"id":561,"href":"https:\/\/www.ige.unicamp.br\/geoisotopica\/wp-json\/wp\/v2\/pages\/192\/revisions\/561"}],"wp:attachment":[{"href":"https:\/\/www.ige.unicamp.br\/geoisotopica\/wp-json\/wp\/v2\/media?parent=192"}],"curies":[{"name":"wp","href":"https:\/\/api.w.org\/{rel}","templated":true}]}}