{"id":82,"date":"2016-03-04T12:45:42","date_gmt":"2016-03-04T15:45:42","guid":{"rendered":"http:\/\/www.ige.unicamp.br\/geoisotopica\/?page_id=82"},"modified":"2024-05-22T12:23:32","modified_gmt":"2024-05-22T15:23:32","slug":"laboratorio","status":"publish","type":"page","link":"https:\/\/www.ige.unicamp.br\/geoisotopica\/","title":{"rendered":"LAGIS"},"content":{"rendered":"\n<div class=\"alignnormal\"><div id=\"metaslider-id-455\" style=\"width: 100%;\" class=\"ml-slider-3-108-0 metaslider metaslider-nivo metaslider-455 ml-slider has-dots-nav ms-theme-default\" role=\"region\" aria-label=\"FrontPage\" data-height=\"438\" data-width=\"1600\">\n    <div id=\"metaslider_container_455\">\n        <div class='slider-wrapper theme-default'><div class='ribbon'><\/div><div id='metaslider_455' class='nivoSlider'><img loading=\"lazy\" decoding=\"async\" src=\"https:\/\/www.ige.unicamp.br\/geoisotopica\/wp-content\/uploads\/sites\/33\/2024\/05\/WhatsApp-Image-2024-03-26-at-11.52.47.jpeg\" height=\"438\" width=\"1600\" data-caption=\"Sala limpa (ISO-7)\" title=\"Sala limpa (ISO-7)\" alt=\"\" class=\"slider-455 slide-540 msDefaultImage\" \/><img loading=\"lazy\" decoding=\"async\" src=\"https:\/\/www.ige.unicamp.br\/geoisotopica\/wp-content\/uploads\/sites\/33\/2024\/05\/WhatsApp-Image-2024-03-26-at-11.52.53-1600x438.jpeg\" height=\"438\" width=\"1600\" data-caption=\"Sala de instrumentos\" title=\"Sala de instrumentos\" alt=\"Sala de instrumentos\" class=\"slider-455 slide-544 msDefaultImage\" \/><img loading=\"lazy\" decoding=\"async\" src=\"https:\/\/www.ige.unicamp.br\/geoisotopica\/wp-content\/uploads\/sites\/33\/2021\/02\/slide1-1-e1612619154501-1170x320.png\" height=\"438\" width=\"1600\" data-caption=\"Sala limpa (classe ISO-7)\" title=\"LAGIS - Laborat\u00f3rio de Geologia Isot\u00f3pica\" alt=\"Sala limpa (classe ISO-7)\" class=\"slider-455 slide-456 msDefaultImage\" \/><img loading=\"lazy\" decoding=\"async\" src=\"https:\/\/www.ige.unicamp.br\/geoisotopica\/wp-content\/uploads\/sites\/33\/2021\/02\/slide2-e1612619381680-1170x320.png\" height=\"438\" width=\"1600\" data-caption=\"ICP-QMS (X Series 2)\" title=\"LAGIS - Laborat\u00f3rio de Geologia Isot\u00f3pica\" alt=\"ICP-QMS (X Series 2)\" class=\"slider-455 slide-457 msDefaultImage\" \/><img loading=\"lazy\" decoding=\"async\" src=\"https:\/\/www.ige.unicamp.br\/geoisotopica\/wp-content\/uploads\/sites\/33\/2021\/02\/slide3-1600x438.png\" height=\"438\" width=\"1600\" data-caption=\"ICP-SFMS (Element XR)\" title=\"slide3\" alt=\"\" class=\"slider-455 slide-458 msDefaultImage\" \/><img loading=\"lazy\" decoding=\"async\" src=\"https:\/\/www.ige.unicamp.br\/geoisotopica\/wp-content\/uploads\/sites\/33\/2016\/02\/cropped-GeoISO3-1-1000x273.jpg\" height=\"438\" width=\"1600\" data-caption=\"Laser ablation (Excite 193)\" title=\"cropped-GeoISO3-1.jpg\" alt=\"\" class=\"slider-455 slide-459 msDefaultImage\" \/><\/div><\/div>\n        \n    <\/div>\n<\/div><\/div>\n\n\n\n<p>O Laborat\u00f3rio de Geologia Isot\u00f3pica do IG\/UNICAMP tem por escopo atender an\u00e1lises de amostras de materiais geol\u00f3gicos, com foco na determina\u00e7\u00e3o de elementos tra\u00e7o em matrizes s\u00f3lidas e l\u00edquidas e geocronologia (U\/Pb em zirc\u00e3o). A infraestrutura contempla:<\/p>\n\n\n\n<ol class=\"wp-block-list\">\n<li>Laborat\u00f3rio limpo<\/li>\n\n\n\n<li>SF-ICP-MS (espectr\u00f4metro de massas de setor por plasma indutivamente acoplado)<\/li>\n\n\n\n<li>LA (abla\u00e7\u00e3o por laser)<\/li>\n\n\n\n<li>ICP-MS (espectr\u00f4metro de massas por plasma indutivamente acoplado)<\/li>\n<\/ol>\n\n\n\n<h4 class=\"wp-block-heading\">Conhe\u00e7a o LAGIS (v\u00eddeo institucional)<\/h4>\n\n\n\n<figure class=\"wp-block-embed is-type-video is-provider-youtube wp-block-embed-youtube wp-embed-aspect-16-9 wp-has-aspect-ratio\"><div class=\"wp-block-embed__wrapper\">\n<iframe loading=\"lazy\" title=\"V\u00cdDEO INSTITUCIONAL LAGIS - IG - UNICAMP\" width=\"500\" height=\"281\" src=\"https:\/\/www.youtube.com\/embed\/AvEk7nGzyIs?feature=oembed\" frameborder=\"0\" allow=\"accelerometer; autoplay; clipboard-write; encrypted-media; gyroscope; picture-in-picture; web-share\" referrerpolicy=\"strict-origin-when-cross-origin\" allowfullscreen><\/iframe>\n<\/div><\/figure>\n\n\n\n<h4 class=\"wp-block-heading\">Participa\u00e7\u00e3o em testes de profici\u00eancia<\/h4>\n\n\n\n<p>Semestralmente o laborat\u00f3rio participa dos testes internacionais de profici\u00eancia organizados pela IAG (International Association of Geoanalysts).<\/p>\n\n\n\n<ul class=\"wp-block-list\">\n<li><a href=\"https:\/\/www.geoanalyst.org\/geopt\/\">GeoPT<\/a>: teste de profi\u00eancia para materiais geol\u00f3gicos.<\/li>\n\n\n\n<li><a href=\"https:\/\/www.geoanalyst.org\/g-probe-overview\/\">G-Probe<\/a>: teste de profici\u00eancia para micro-an\u00e1lises.<\/li>\n\n\n\n<li><a href=\"https:\/\/www.geoanalyst.org\/g-chron\/\">G-Chron<\/a>: teste de profici\u00eancia para data\u00e7\u00e3o U-Pb.<\/li>\n<\/ul>\n\n\n\n<h4 class=\"wp-block-heading\">Not\u00edcias<\/h4>\n\n\n\n<ul class=\"wp-block-list\">\n<li><a href=\"https:\/\/www.jornal.unicamp.br\/edicao\/704\/tecnica-de-laboratorio-desenvolve-metodo-para-classificacao-de-meteoritos-metalicos\/#gsc.tab=0\" target=\"_blank\" rel=\"noreferrer noopener\">T\u00e9cnica de laborat\u00f3rio desenvolve m\u00e9todo para classifica\u00e7\u00e3o de meteoritos met\u00e1licos (Jornal da Unicamp &#8211; 15 de abril de 2024)<\/a><\/li>\n\n\n\n<li><a href=\"https:\/\/revistapesquisa.fapesp.br\/quando-havia-montanhas-e-vulcoes-no-interior-do-ceara\/\" target=\"_blank\" rel=\"noreferrer noopener\">Quando havia montanhas e vulc\u00f5es no interior do Cear\u00e1 (Revista Pesquisa FAPESP)<\/a><\/li>\n\n\n\n<li><a href=\"https:\/\/www.jornal.unicamp.br\/edicao\/683\/um-oceano-em-campinas\/#gsc.tab=0\" target=\"_blank\" rel=\"noreferrer noopener\">Um oceano em Campinas? (Jornal da Unicamp -27 de mar\u00e7o de 2023)<\/a><\/li>\n\n\n\n<li><a rel=\"noreferrer noopener\" href=\"https:\/\/revistapesquisa.fapesp.br\/encontradas-na-bahia-as-rochas-mais-antigas-da-america-do-sul\/\" target=\"_blank\">Encontradas na Bahia as rochas mais antigas da Am\u00e9rica do Sul (Revista Pesquisa FAPESP)<\/a><\/li>\n\n\n\n<li><a href=\"https:\/\/revistapesquisa.fapesp.br\/testemunhas-de-uma-terra-primitiva\/\" target=\"_blank\" rel=\"noreferrer noopener\">Testemunhas de uma Terra primitiva (Revista Pesquisa FAPESP)<\/a><\/li>\n\n\n\n<li><a href=\"https:\/\/www.unicamp.br\/unicamp\/ju\/noticias\/2022\/02\/09\/meteorito-encontrado-no-tocantins-e-caracterizado-por-tecnica-analitica\" target=\"_blank\" rel=\"noreferrer noopener\">Meteorito encontrado no Tocantins \u00e9 caracterizado por t\u00e9cnica anal\u00edtica inovadora (Jornal da Unicamp\u2013 09 de fevereiro de 2022)<\/a><\/li>\n\n\n\n<li><a href=\"https:\/\/ige.unicamp.br\/news\/2019-11\/pesquisa-do-ig-data-uma-das-rochas-mais-antigas-da-america-do-sul\" target=\"_blank\" rel=\"noreferrer noopener\">Pesquisa do IG data uma das rochas mais antigas da Am\u00e9rica do Sul (Site do IG \u2013 22 de novembro de 2019)<\/a><\/li>\n\n\n\n<li><a href=\"https:\/\/www.unicamp.br\/unicamp\/index.php\/ju\/noticias\/2019\/07\/15\/em-busca-de-terras-raras\" target=\"_blank\" rel=\"noreferrer noopener\">Em busca de terras raras (Jornal da Unicamp \u2013 15 de julho de 2019)<\/a><\/li>\n\n\n\n<li><a href=\"https:\/\/www.unicamp.br\/unicamp\/noticias\/2013\/08\/22\/instituto-de-geociencias-inaugura-laboratorio-de-geologia-isotopica\" target=\"_blank\" rel=\"noreferrer noopener\">Instituto de Geoci\u00eancias inaugura Laborat\u00f3rio de Geologia Isot\u00f3pica (Jornal da Unicamp \u2013 22 de agosto de 2013).<\/a><\/li>\n<\/ul>\n","protected":false},"excerpt":{"rendered":"<p>O Laborat\u00f3rio de Geologia Isot\u00f3pica do IG\/UNICAMP tem por escopo atender an\u00e1lises de amostras de materiais geol\u00f3gicos, com foco na determina\u00e7\u00e3o de elementos tra\u00e7o em matrizes s\u00f3lidas e l\u00edquidas e geocronologia (U\/Pb em zirc\u00e3o). A infraestrutura contempla: Conhe\u00e7a o LAGIS (v\u00eddeo institucional) Participa\u00e7\u00e3o em testes de profici\u00eancia Semestralmente o laborat\u00f3rio participa dos testes internacionais de [&hellip;]<\/p>\n","protected":false},"author":92,"featured_media":0,"parent":0,"menu_order":1,"comment_status":"closed","ping_status":"closed","template":"","meta":{"site-sidebar-layout":"default","site-content-layout":"","ast-site-content-layout":"default","site-content-style":"default","site-sidebar-style":"default","ast-global-header-display":"","ast-banner-title-visibility":"","ast-main-header-display":"","ast-hfb-above-header-display":"","ast-hfb-below-header-display":"","ast-hfb-mobile-header-display":"","site-post-title":"disabled","ast-breadcrumbs-content":"","ast-featured-img":"","footer-sml-layout":"","ast-disable-related-posts":"","theme-transparent-header-meta":"","adv-header-id-meta":"","stick-header-meta":"","header-above-stick-meta":"","header-main-stick-meta":"","header-below-stick-meta":"","astra-migrate-meta-layouts":"set","ast-page-background-enabled":"default","ast-page-background-meta":{"desktop":{"background-color":"var(--ast-global-color-4)","background-image":"","background-repeat":"repeat","background-position":"center center","background-size":"auto","background-attachment":"scroll","background-type":"","background-media":"","overlay-type":"","overlay-color":"","overlay-opacity":"","overlay-gradient":""},"tablet":{"background-color":"","background-image":"","background-repeat":"repeat","background-position":"center center","background-size":"auto","background-attachment":"scroll","background-type":"","background-media":"","overlay-type":"","overlay-color":"","overlay-opacity":"","overlay-gradient":""},"mobile":{"background-color":"","background-image":"","background-repeat":"repeat","background-position":"center center","background-size":"auto","background-attachment":"scroll","background-type":"","background-media":"","overlay-type":"","overlay-color":"","overlay-opacity":"","overlay-gradient":""}},"ast-content-background-meta":{"desktop":{"background-color":"var(--ast-global-color-5)","background-image":"","background-repeat":"repeat","background-position":"center center","background-size":"auto","background-attachment":"scroll","background-type":"","background-media":"","overlay-type":"","overlay-color":"","overlay-opacity":"","overlay-gradient":""},"tablet":{"background-color":"var(--ast-global-color-5)","background-image":"","background-repeat":"repeat","background-position":"center center","background-size":"auto","background-attachment":"scroll","background-type":"","background-media":"","overlay-type":"","overlay-color":"","overlay-opacity":"","overlay-gradient":""},"mobile":{"background-color":"var(--ast-global-color-5)","background-image":"","background-repeat":"repeat","background-position":"center center","background-size":"auto","background-attachment":"scroll","background-type":"","background-media":"","overlay-type":"","overlay-color":"","overlay-opacity":"","overlay-gradient":""}},"footnotes":""},"class_list":["post-82","page","type-page","status-publish","hentry"],"_links":{"self":[{"href":"https:\/\/www.ige.unicamp.br\/geoisotopica\/wp-json\/wp\/v2\/pages\/82","targetHints":{"allow":["GET"]}}],"collection":[{"href":"https:\/\/www.ige.unicamp.br\/geoisotopica\/wp-json\/wp\/v2\/pages"}],"about":[{"href":"https:\/\/www.ige.unicamp.br\/geoisotopica\/wp-json\/wp\/v2\/types\/page"}],"author":[{"embeddable":true,"href":"https:\/\/www.ige.unicamp.br\/geoisotopica\/wp-json\/wp\/v2\/users\/92"}],"replies":[{"embeddable":true,"href":"https:\/\/www.ige.unicamp.br\/geoisotopica\/wp-json\/wp\/v2\/comments?post=82"}],"version-history":[{"count":44,"href":"https:\/\/www.ige.unicamp.br\/geoisotopica\/wp-json\/wp\/v2\/pages\/82\/revisions"}],"predecessor-version":[{"id":547,"href":"https:\/\/www.ige.unicamp.br\/geoisotopica\/wp-json\/wp\/v2\/pages\/82\/revisions\/547"}],"wp:attachment":[{"href":"https:\/\/www.ige.unicamp.br\/geoisotopica\/wp-json\/wp\/v2\/media?parent=82"}],"curies":[{"name":"wp","href":"https:\/\/api.w.org\/{rel}","templated":true}]}}