{"id":176,"date":"2021-10-26T11:37:05","date_gmt":"2021-10-26T14:37:05","guid":{"rendered":"https:\/\/www.ige.unicamp.br\/geoquimica\/?page_id=176"},"modified":"2022-07-18T15:07:50","modified_gmt":"2022-07-18T18:07:50","slug":"quarteamento","status":"publish","type":"page","link":"https:\/\/www.ige.unicamp.br\/geoquimica\/quarteamento\/","title":{"rendered":"Quarteamento"},"content":{"rendered":"\n<p>Neste procedimento a amostra britada \u00e9 homogeneizada e uma por\u00e7\u00e3o representativa do todo \u00e9 separada atrav\u00e9s do quarteamento para posteriormente ser mo\u00edda. A quantidade da amostra a ser separada depende da capacidade do pote de moagem que ser\u00e1 utilizado.<\/p>\n\n\n\n<p>O objetivo \u00e9 garantir a homogeneidade e representatividade no processo de redu\u00e7\u00e3o do volume de material a ser trabalhado. <a href=\"https:\/\/docs.google.com\/document\/d\/1uZV3pKCookp2L2-viQ2zo9aaoNKyfIWt\/edit?usp=sharing&amp;ouid=105797611154072010591&amp;rtpof=true&amp;sd=true\">(POP-15B)<\/a><\/p>\n\n\n\n<figure class=\"wp-block-image size-full is-resized\"><img loading=\"lazy\" decoding=\"async\" src=\"https:\/\/www.ige.unicamp.br\/geoquimica\/wp-content\/uploads\/sites\/57\/2022\/07\/Quarteamento.png\" alt=\"\" class=\"wp-image-495\" width=\"353\" height=\"240\" srcset=\"https:\/\/www.ige.unicamp.br\/geoquimica\/wp-content\/uploads\/sites\/57\/2022\/07\/Quarteamento.png 397w, https:\/\/www.ige.unicamp.br\/geoquimica\/wp-content\/uploads\/sites\/57\/2022\/07\/Quarteamento-300x204.png 300w\" sizes=\"auto, (max-width: 353px) 100vw, 353px\" \/><\/figure>\n\n\n\n<p><\/p>\n","protected":false},"excerpt":{"rendered":"<p>Neste procedimento a amostra britada \u00e9 homogeneizada e uma por\u00e7\u00e3o representativa do todo \u00e9 separada atrav\u00e9s do quarteamento para posteriormente ser mo\u00edda. A quantidade da amostra a ser separada depende da capacidade do pote de moagem que ser\u00e1 utilizado. O objetivo \u00e9 garantir a homogeneidade e representatividade no processo de redu\u00e7\u00e3o do volume de material [&hellip;]<\/p>\n","protected":false},"author":149,"featured_media":0,"parent":0,"menu_order":0,"comment_status":"closed","ping_status":"closed","template":"","meta":{"site-sidebar-layout":"default","site-content-layout":"","ast-site-content-layout":"default","site-content-style":"default","site-sidebar-style":"default","ast-global-header-display":"","ast-banner-title-visibility":"","ast-main-header-display":"","ast-hfb-above-header-display":"","ast-hfb-below-header-display":"","ast-hfb-mobile-header-display":"","site-post-title":"","ast-breadcrumbs-content":"","ast-featured-img":"","footer-sml-layout":"","ast-disable-related-posts":"","theme-transparent-header-meta":"","adv-header-id-meta":"","stick-header-meta":"","header-above-stick-meta":"","header-main-stick-meta":"","header-below-stick-meta":"","astra-migrate-meta-layouts":"default","ast-page-background-enabled":"default","ast-page-background-meta":{"desktop":{"background-color":"var(--ast-global-color-4)","background-image":"","background-repeat":"repeat","background-position":"center center","background-size":"auto","background-attachment":"scroll","background-type":"","background-media":"","overlay-type":"","overlay-color":"","overlay-opacity":"","overlay-gradient":""},"tablet":{"background-color":"","background-image":"","background-repeat":"repeat","background-position":"center center","background-size":"auto","background-attachment":"scroll","background-type":"","background-media":"","overlay-type":"","overlay-color":"","overlay-opacity":"","overlay-gradient":""},"mobile":{"background-color":"","background-image":"","background-repeat":"repeat","background-position":"center center","background-size":"auto","background-attachment":"scroll","background-type":"","background-media":"","overlay-type":"","overlay-color":"","overlay-opacity":"","overlay-gradient":""}},"ast-content-background-meta":{"desktop":{"background-color":"var(--ast-global-color-5)","background-image":"","background-repeat":"repeat","background-position":"center center","background-size":"auto","background-attachment":"scroll","background-type":"","background-media":"","overlay-type":"","overlay-color":"","overlay-opacity":"","overlay-gradient":""},"tablet":{"background-color":"var(--ast-global-color-5)","background-image":"","background-repeat":"repeat","background-position":"center center","background-size":"auto","background-attachment":"scroll","background-type":"","background-media":"","overlay-type":"","overlay-color":"","overlay-opacity":"","overlay-gradient":""},"mobile":{"background-color":"var(--ast-global-color-5)","background-image":"","background-repeat":"repeat","background-position":"center center","background-size":"auto","background-attachment":"scroll","background-type":"","background-media":"","overlay-type":"","overlay-color":"","overlay-opacity":"","overlay-gradient":""}},"footnotes":""},"class_list":["post-176","page","type-page","status-publish","hentry"],"_links":{"self":[{"href":"https:\/\/www.ige.unicamp.br\/geoquimica\/wp-json\/wp\/v2\/pages\/176","targetHints":{"allow":["GET"]}}],"collection":[{"href":"https:\/\/www.ige.unicamp.br\/geoquimica\/wp-json\/wp\/v2\/pages"}],"about":[{"href":"https:\/\/www.ige.unicamp.br\/geoquimica\/wp-json\/wp\/v2\/types\/page"}],"author":[{"embeddable":true,"href":"https:\/\/www.ige.unicamp.br\/geoquimica\/wp-json\/wp\/v2\/users\/149"}],"replies":[{"embeddable":true,"href":"https:\/\/www.ige.unicamp.br\/geoquimica\/wp-json\/wp\/v2\/comments?post=176"}],"version-history":[{"count":8,"href":"https:\/\/www.ige.unicamp.br\/geoquimica\/wp-json\/wp\/v2\/pages\/176\/revisions"}],"predecessor-version":[{"id":575,"href":"https:\/\/www.ige.unicamp.br\/geoquimica\/wp-json\/wp\/v2\/pages\/176\/revisions\/575"}],"wp:attachment":[{"href":"https:\/\/www.ige.unicamp.br\/geoquimica\/wp-json\/wp\/v2\/media?parent=176"}],"curies":[{"name":"wp","href":"https:\/\/api.w.org\/{rel}","templated":true}]}}