{"id":319,"date":"2017-09-13T20:24:26","date_gmt":"2017-09-13T23:24:26","guid":{"rendered":"http:\/\/www.ige.unicamp.br\/geoscied2018\/?page_id=319"},"modified":"2018-07-23T14:09:47","modified_gmt":"2018-07-23T17:09:47","slug":"campo","status":"publish","type":"page","link":"https:\/\/www.ige.unicamp.br\/geoscied2018\/pt\/campo\/","title":{"rendered":"Campo"},"content":{"rendered":"<p class=\"x_MsoNormal\">O congresso GeoSciEd e o simp\u00f3sio EnsinoGEO ser\u00e3o repletos de alternativas de trabalhos de campo divido em 3 etapas:<\/p>\n<p class=\"x_MsoNormal\"><b>&#8211; Excurs\u00f5es Pr\u00e9-<\/b><b>Confer\u00eancia<br \/>\n&#8211; Excurs\u00f5es\u00a0Durante a Confer\u00eancia<br \/>\n&#8211; Excurs\u00f5es P\u00f3s-Confer\u00eancia<\/b><\/p>\n<p class=\"x_MsoNormal\">As atividades ser\u00e3o oferecidas tanto para especialistas nacionais e estrangeiros, como tamb\u00e9m para professores brasileiros de educa\u00e7\u00e3o b\u00e1sica e estudantes. A experi\u00eancia acumulada dos eventos anteriores comprovam que esse tipo de intera\u00e7\u00e3o \u00e9 altamente estimulante e promove a cria\u00e7\u00e3o e fortalecimento de duradouros la\u00e7os de pesquisa, de interc\u00e2mbio cient\u00edfico e de amizade.<\/p>\n<p class=\"x_MsoNormal\">As propostas recebidas at\u00e9 o presente incluem os seguintes roteiros:<\/p>\n<p>&nbsp;<\/p>\n<p><strong><i><u>EXCURS\u00d5ES PR\u00c9-CONFER\u00caNCIA\u00a0<\/u><\/i><\/strong><strong><i><u><br \/>\n<\/u><\/i><\/strong><strong>Para acessar o roteiro completo, clique no nome da excurs\u00e3o.<\/strong><b><i><u><\/u><\/i><\/b><\/p>\n<p class=\"x_MsoNormal\">\u25ba\u00a0<a href=\"http:\/\/www.ige.unicamp.br\/geoscied2018\/wp-content\/uploads\/sites\/38\/2018\/02\/Briefing_SP-Coast-Field-Trip_2018.pdf\" target=\"_blank\" rel=\"noopener noreferrer\">Geologia, paisagem, cultura e hist\u00f3ria: Geoturismo e educa\u00e7\u00e3o no litoral paulista.<\/a><br \/>\n<b>Per\u00edodo:<\/b>\u00a019 a 21\/07\/2018 \u00a0(c\/ 2 pernoites)<br \/>\n<b>APARTAMENTO SGL \/ POR PESSOA:<\/b>\u00a0R$ 1.800,00 | US$ 529,41<br \/>\n<b>APARTAMENTO DBL \/ POR PESSOA:<\/b>\u00a0R$ 1.500,00 | US$ 441,18<\/p>\n<p>\u25ba\u00a0<a href=\"http:\/\/www.ige.unicamp.br\/geoscied2018\/wp-content\/uploads\/sites\/38\/2018\/03\/GEOSCIED-VIII-Field-Trip-1-Minas-Gerais-Geology-and-History.pdf\" target=\"_blank\" rel=\"noopener noreferrer\">Desertos proterozoicos e minera\u00e7\u00e3o em Diamantina e na Serra do Espinha\u00e7o: fus\u00e3o do conhecimento cient\u00edfico, educacional e hist\u00f3rico em Minas Gerais<br \/>\n<\/a><b>Per\u00edodo:<\/b>\u00a017 a 21\/07\/2018 (c\/ 4 pernoites)<br \/>\n<b>APARTAMENTO SGL \/ POR PESSOA<\/b>\u00a0\u2013 R$ 2.950,00 | US$ 984,00<br \/>\n<b>APARTAMENTO DBL \/ POR PESSOA<\/b>\u00a0\u2013 R$ 2.450,00 | US$ 817,00<\/p>\n<h3 style=\"text-align: center\"><strong><span style=\"color: #ff0000\">EXCURS\u00d5ES CANCELADAS<\/span><\/strong><br \/>\nPara maiores informa\u00e7\u00f5es entrar em contato com a secretaria executiva do evento<br \/>\ninscricoes@mci-group.com<\/h3>\n<p>&nbsp;<\/p>\n<p><span style=\"color: #ff0000\">\u00a0<\/span><strong><i><u>EXCURS\u00d5ES DURANTE A CONFER\u00caNCIA\u00a0<\/u><\/i><\/strong><strong><i><u><br \/>\n<\/u><\/i><\/strong><strong>Para acessar o roteiro completo, clique no nome da excurs\u00e3o.<\/strong><i><u><\/u><\/i><\/p>\n<p class=\"x_MsoNormal\">\u25ba\u00a0<a href=\"http:\/\/www.ige.unicamp.br\/geoscied2018\/wp-content\/uploads\/sites\/38\/2017\/11\/Eliane_Urban_Geotourism_SP.pdf\" target=\"_blank\" rel=\"noopener noreferrer\">Geoturismo Urbano em S\u00e3o Paulo<\/a><br \/>\n<b>Per\u00edodo:<\/b>\u00a027\/07\/2018<br \/>\n<b>Valor para inscrito<\/b><b>\u00a0no Congresso:<\/b>\u00a0Gratuito\u00a0|\u00a0<b>Valor\u00a0para\u00a0n\u00e3o\u00a0inscrito\u00a0no Congresso:<\/b>\u00a0R$ 80,00\u00a0<i>(U$$ 30,00)<\/i><\/p>\n<p class=\"x_MsoNormal\">\u25ba\u00a0<a href=\"http:\/\/www.ige.unicamp.br\/geoscied2018\/wp-content\/uploads\/sites\/38\/2018\/02\/Excursion-sin-conference-Sao-Roque.pdf\" target=\"_blank\" rel=\"noopener noreferrer\">Ra\u00edzes antigas de uma cordilheira do Ciclo Brasiliano: o Grupo S\u00e3o Roque<\/a><br \/>\n<b>Per\u00edodo:<\/b>\u00a027\/07\/2018<br \/>\n<b>Valor para inscrito<\/b><b>\u00a0no Congresso:<\/b>\u00a0Gratuito\u00a0|\u00a0<b>Valor\u00a0para\u00a0n\u00e3o\u00a0inscrito\u00a0no Congresso:<\/b>\u00a0R$ 80,00\u00a0<i>(U$$ 30,00)<\/i><\/p>\n<p>\u25ba\u00a0<a href=\"http:\/\/www.ige.unicamp.br\/geoscied2018\/wp-content\/uploads\/sites\/38\/2018\/03\/EnsinoGeo_campo_Itu_Salto_Portugues_v.pdf\" target=\"_blank\" rel=\"noopener noreferrer\">Hist\u00f3ria da Ci\u00eancia e interdisciplinaridade para alunos do ensino m\u00e9dio<\/a><br \/>\n<b>Per\u00edodo:<\/b>\u00a027\/07\/2018<br \/>\n<b>Valor para inscrito<\/b><b>\u00a0no Congresso:<\/b>\u00a0Gratuito\u00a0|\u00a0<b>Valor\u00a0para\u00a0n\u00e3o\u00a0inscrito\u00a0no Congresso:<\/b>\u00a0R$ 80,00\u00a0<i>(U$$ 30,00)<\/i><\/p>\n<p class=\"x_MsoNormal\">\u25ba\u00a0<a href=\"http:\/\/www.ige.unicamp.br\/geoscied2018\/wp-content\/uploads\/sites\/38\/2018\/07\/Campo-GEOCI\u00caNCIAS-E-SOCIEDADE_2.pdf\" target=\"_blank\" rel=\"noopener noreferrer\">Geoci\u00eancias e Sociedade \u2013 ocupa\u00e7\u00e3o e uso de \u00e1reas de interesse geol\u00f3gico no entorno de Campinas-SP<\/a><br \/>\n<b>Per\u00edodo:<\/b>\u00a027\/07\/2018\u00a0 \u00a0<strong>Sa\u00edda estimada:<\/strong> 08h00<br \/>\n<b>Valor para inscrito<\/b><b>\u00a0no Congresso:<\/b>\u00a0Gratuito\u00a0|\u00a0<b>Valor\u00a0para\u00a0n\u00e3o\u00a0inscrito\u00a0no Congresso:<\/b>\u00a0R$ 80,00\u00a0<i>(U$$ 30,00)<\/i><\/p>\n<p class=\"x_MsoNormal\">\u25ba <a href=\"http:\/\/www.ige.unicamp.br\/geoscied2018\/wp-content\/uploads\/sites\/38\/2018\/06\/RoteiroAnal\u00e2ndiaEnsinoGeo2018ZaineKolya_Ingles.pdf\">Um olhar para a hist\u00f3ria da evolu\u00e7\u00e3o econ\u00f4mica de S\u00e3o Paulo: da moderna produ\u00e7\u00e3o cer\u00e2mica para a Geoconserva\u00e7\u00e3o<\/a><b><u><br \/>\n<\/u><\/b><b>Per\u00edodo:<\/b>\u00a027\/07\/2018<br \/>\n<b>Valor para inscrito no Congresso:<\/b>\u00a0R$ 40,00 (U$$ 15,00) |\u00a0<b>Valor para n\u00e3o inscrito no Congresso:<\/b>\u00a0R$ 120,00 (U$$ 40,00)<br \/>\n<b><u>OBS.:<\/u><\/b>\u00a0A visita conta com duas paradas em locais tur\u00edsticos, cujos\u00a0<u>ingressos est\u00e3o inclusos na inscri\u00e7\u00e3o<\/u>: Morro do Cuscuzeiro e Gruta do \u00cdndio.<\/p>\n<p><span style=\"color: black;font-family: Arial,sans-serif;font-size: medium\"><b>\u25ba<\/b><\/span><span style=\"color: black;font-size: medium\"><b>\u00a0<\/b><\/span><a href=\"http:\/\/www.ige.unicamp.br\/geoscied2018\/wp-content\/uploads\/sites\/38\/2018\/06\/Conex\u00f5es-Geologia-agricultura.pdf\" target=\"_blank\" rel=\"noopener noreferrer\"><span style=\"font-size: medium\">Conex\u00f5es Geologia-agricultura-minera\u00e7\u00e3o: uma fazenda de caf\u00e9 imperial e insumos da ind\u00fastria cer\u00e2mica<\/span><\/a><span style=\"color: black;font-size: medium\"><br \/>\n<\/span><span style=\"color: black;font-size: medium\"><b>Per\u00edodo:<\/b><\/span><span style=\"color: black;font-size: medium\">\u00a027\/07\/2018<br \/>\n<\/span><span style=\"color: #000000\"><b>Valor para inscrito no Congresso:<\/b>\u00a0R$ 80,00 (U$$ 30,00) |\u00a0<b>Valor para n\u00e3o inscrito no Congresso:<\/b>\u00a0R$ 160,00 (U$$ 60,00)<\/span><br \/>\n<b>OBS.:<\/b>\u00a0A visita tem uma longa parada dentro de uma fazenda hist\u00f3rica. Os pre\u00e7os referentes \u00e0 entrada na Fazenda Ibicaba (<u>ingresso<\/u>) e um lanche est\u00e3o inclusas na inscri\u00e7\u00e3o.<br \/>\n<span style=\"color: #ff0000\"><strong>EXCURS\u00c3O CANCELADA<\/strong><\/span><\/p>\n<h2 class=\"x_MsoNormal\"><a href=\"https:\/\/www.eventbrite.com.br\/e\/sin-conferencia-27-07-8o-geoscied-ensinogeo--tickets-45872922145\"><img loading=\"lazy\" decoding=\"async\" class=\"size-full wp-image-1035 aligncenter\" src=\"http:\/\/www.ige.unicamp.br\/geoscied2018\/wp-content\/uploads\/sites\/38\/2018\/05\/button_clique-aqui-para-se-inscrever-1.png\" alt=\"\" width=\"377\" height=\"40\" srcset=\"https:\/\/www.ige.unicamp.br\/geoscied2018\/wp-content\/uploads\/sites\/38\/2018\/05\/button_clique-aqui-para-se-inscrever-1.png 377w, https:\/\/www.ige.unicamp.br\/geoscied2018\/wp-content\/uploads\/sites\/38\/2018\/05\/button_clique-aqui-para-se-inscrever-1-300x32.png 300w\" sizes=\"auto, (max-width: 377px) 100vw, 377px\" \/><\/a><\/h2>\n<h3 style=\"text-align: center\"><strong>EXCURS\u00d5ES DURANTE A CONFER\u00caNCIA &#8211; <span style=\"color: #ff0000\">INSCRI\u00c7\u00d5ES ONLINE AT\u00c9 DIA 18\/07\/18<\/span><\/strong><br \/>\n<strong>EXCURS\u00d5ES DURANTE A CONFER\u00caNCIA &#8211; <span style=\"color: #ff0000\">INSCRI\u00c7\u00d5ES NO LOCAL DE 23\/07 A 25\/07\/18<\/span><\/strong><br \/>\nPara maiores informa\u00e7\u00f5es entrar em contato com a secretaria executiva do evento<br \/>\ninscricoes@mci-group.com<\/h3>\n<p>&nbsp;<\/p>\n<h2><\/h2>\n<p class=\"x_MsoNormal\"><strong><i><u>EXCURS\u00d5ES P\u00d3S-CONFER\u00caNCIA<\/u><\/i><\/strong><strong><i><u><br \/>\n<\/u><\/i><\/strong><strong>Para acessar o roteiro completo, clique no nome da excurs\u00e3o.<\/strong><\/p>\n<p class=\"x_MsoNormal\">\u25ba\u00a0<a href=\"http:\/\/www.ige.unicamp.br\/geoscied2018\/wp-content\/uploads\/sites\/38\/2018\/03\/Darwins-Trails.pdf\" target=\"_blank\" rel=\"noopener noreferrer\">Caminhos de Darwin<\/a><br \/>\n<b>Per\u00edodo:<\/b>\u00a028\/07 a 01\/08\/2018 (c\/ 4 pernoites)<br \/>\n<b>Valor:<\/b>\u00a0R$ 4.500,00\u00a0<i>(U$$ 1.500,00)<\/i><\/p>\n<h3 style=\"text-align: center\"><span style=\"color: #ff0000\"><strong>EXCURS\u00c3O CANCELADA<\/strong><br \/>\n<\/span>Para maiores informa\u00e7\u00f5es entrar em contato com a secretaria executiva do evento<br \/>\ninscricoes@mci-group.com<\/h3>\n","protected":false},"excerpt":{"rendered":"<p>O congresso GeoSciEd e o simp\u00f3sio EnsinoGEO ser\u00e3o repletos de alternativas de trabalhos de campo divido em 3 etapas: &#8211; Excurs\u00f5es Pr\u00e9-Confer\u00eancia &#8211; Excurs\u00f5es\u00a0Durante a Confer\u00eancia &#8211; Excurs\u00f5es P\u00f3s-Confer\u00eancia As atividades ser\u00e3o oferecidas tanto para especialistas nacionais e estrangeiros, como tamb\u00e9m para professores brasileiros de educa\u00e7\u00e3o b\u00e1sica e estudantes. A experi\u00eancia acumulada dos eventos anteriores [&hellip;]<\/p>\n","protected":false},"author":104,"featured_media":0,"parent":0,"menu_order":6,"comment_status":"closed","ping_status":"closed","template":"page-regular.php","meta":{"_acf_changed":false,"footnotes":""},"class_list":["post-319","page","type-page","status-publish","hentry"],"acf":[],"_links":{"self":[{"href":"https:\/\/www.ige.unicamp.br\/geoscied2018\/wp-json\/wp\/v2\/pages\/319","targetHints":{"allow":["GET"]}}],"collection":[{"href":"https:\/\/www.ige.unicamp.br\/geoscied2018\/wp-json\/wp\/v2\/pages"}],"about":[{"href":"https:\/\/www.ige.unicamp.br\/geoscied2018\/wp-json\/wp\/v2\/types\/page"}],"author":[{"embeddable":true,"href":"https:\/\/www.ige.unicamp.br\/geoscied2018\/wp-json\/wp\/v2\/users\/104"}],"replies":[{"embeddable":true,"href":"https:\/\/www.ige.unicamp.br\/geoscied2018\/wp-json\/wp\/v2\/comments?post=319"}],"version-history":[{"count":50,"href":"https:\/\/www.ige.unicamp.br\/geoscied2018\/wp-json\/wp\/v2\/pages\/319\/revisions"}],"predecessor-version":[{"id":1417,"href":"https:\/\/www.ige.unicamp.br\/geoscied2018\/wp-json\/wp\/v2\/pages\/319\/revisions\/1417"}],"wp:attachment":[{"href":"https:\/\/www.ige.unicamp.br\/geoscied2018\/wp-json\/wp\/v2\/media?parent=319"}],"curies":[{"name":"wp","href":"https:\/\/api.w.org\/{rel}","templated":true}]}}