{"id":424,"date":"2017-10-30T22:29:55","date_gmt":"2017-10-31T00:29:55","guid":{"rendered":"http:\/\/www.ige.unicamp.br\/geoscied2018\/?page_id=424"},"modified":"2018-02-07T11:46:47","modified_gmt":"2018-02-07T13:46:47","slug":"contato","status":"publish","type":"page","link":"https:\/\/www.ige.unicamp.br\/geoscied2018\/pt\/contato\/","title":{"rendered":"Contato"},"content":{"rendered":"<p>Em caso de d\u00favidas, n\u00e3o deixe de entrar em contato com a Secretaria Executiva do evento:<\/p>\n<p><strong>Atendimento de Inscri\u00e7\u00f5es:<\/strong> inscricoes@mci-group.com<br \/>\n<strong>Atendimento de trabalhos t\u00e9cnicos:<\/strong> trabalhoscientificos@mci-group.com<br \/>\n<strong>Atendimento de propostas comerciais:<\/strong> bruno.bolivia@mci-group.com<br \/>\n<strong>D\u00favidas Gerais:<\/strong> atendimento@mci-group.com<\/p>\n","protected":false},"excerpt":{"rendered":"<p>Em caso de d\u00favidas, n\u00e3o deixe de entrar em contato com a Secretaria Executiva do evento: Atendimento de Inscri\u00e7\u00f5es: inscricoes@mci-group.com Atendimento de trabalhos t\u00e9cnicos: trabalhoscientificos@mci-group.com Atendimento de propostas comerciais: bruno.bolivia@mci-group.com D\u00favidas Gerais: atendimento@mci-group.com<\/p>\n","protected":false},"author":104,"featured_media":0,"parent":0,"menu_order":11,"comment_status":"closed","ping_status":"closed","template":"page-regular.php","meta":{"_acf_changed":false,"footnotes":""},"class_list":["post-424","page","type-page","status-publish","hentry"],"acf":[],"_links":{"self":[{"href":"https:\/\/www.ige.unicamp.br\/geoscied2018\/wp-json\/wp\/v2\/pages\/424","targetHints":{"allow":["GET"]}}],"collection":[{"href":"https:\/\/www.ige.unicamp.br\/geoscied2018\/wp-json\/wp\/v2\/pages"}],"about":[{"href":"https:\/\/www.ige.unicamp.br\/geoscied2018\/wp-json\/wp\/v2\/types\/page"}],"author":[{"embeddable":true,"href":"https:\/\/www.ige.unicamp.br\/geoscied2018\/wp-json\/wp\/v2\/users\/104"}],"replies":[{"embeddable":true,"href":"https:\/\/www.ige.unicamp.br\/geoscied2018\/wp-json\/wp\/v2\/comments?post=424"}],"version-history":[{"count":1,"href":"https:\/\/www.ige.unicamp.br\/geoscied2018\/wp-json\/wp\/v2\/pages\/424\/revisions"}],"predecessor-version":[{"id":425,"href":"https:\/\/www.ige.unicamp.br\/geoscied2018\/wp-json\/wp\/v2\/pages\/424\/revisions\/425"}],"wp:attachment":[{"href":"https:\/\/www.ige.unicamp.br\/geoscied2018\/wp-json\/wp\/v2\/media?parent=424"}],"curies":[{"name":"wp","href":"https:\/\/api.w.org\/{rel}","templated":true}]}}