{"id":58,"date":"2016-12-06T16:07:53","date_gmt":"2016-12-06T18:07:53","guid":{"rendered":"http:\/\/www.ige.unicamp.br\/geoscied2018\/?page_id=58"},"modified":"2018-10-03T16:04:17","modified_gmt":"2018-10-03T19:04:17","slug":"trabalhos","status":"publish","type":"page","link":"https:\/\/www.ige.unicamp.br\/geoscied2018\/pt\/trabalhos\/","title":{"rendered":"Trabalhos"},"content":{"rendered":"<p>A Comiss\u00e3o Cient\u00edfica do VIII GeoSciEd \/ VIII EnsinoGEO agradece imensamente todos os autores que submeteram seus trabalhos cient\u00edficos, e tem orgulho de disponibilizar os Anais do\u00a0VIII GeoSciEd \/ VIII EnsinoGEO.<\/p>\n<p>&nbsp;<\/p>\n<p><a href=\"http:\/\/www.ige.unicamp.br\/geoscied2018\/wp-content\/uploads\/sites\/38\/2018\/10\/2018_AnaisEnsinoGEOFinal.pdf\"><img loading=\"lazy\" decoding=\"async\" class=\"aligncenter wp-image-1462 size-full\" src=\"http:\/\/www.ige.unicamp.br\/geoscied2018\/wp-content\/uploads\/sites\/38\/2018\/10\/button_clique-aqui-para-baixar-os-anais-do-evento.png\" alt=\"\" width=\"537\" height=\"40\" srcset=\"https:\/\/www.ige.unicamp.br\/geoscied2018\/wp-content\/uploads\/sites\/38\/2018\/10\/button_clique-aqui-para-baixar-os-anais-do-evento.png 537w, https:\/\/www.ige.unicamp.br\/geoscied2018\/wp-content\/uploads\/sites\/38\/2018\/10\/button_clique-aqui-para-baixar-os-anais-do-evento-300x22.png 300w\" sizes=\"auto, (max-width: 537px) 100vw, 537px\" \/><\/a><\/p>\n<p>&nbsp;<\/p>\n<p>Para quaisquer informa\u00e7\u00f5es futuras n\u00e3o hesite em nos contatar pelo telefone 11 3056.6000 ramal 8659 e e-mail\u00a0<a href=\"mailto:trabalhoscientificos@mci-group.com\">trabalhoscientificos@mci-group.com<\/a><\/p>\n","protected":false},"excerpt":{"rendered":"<p>A Comiss\u00e3o Cient\u00edfica do VIII GeoSciEd \/ VIII EnsinoGEO agradece imensamente todos os autores que submeteram seus trabalhos cient\u00edficos, e tem orgulho de disponibilizar os Anais do\u00a0VIII GeoSciEd \/ VIII EnsinoGEO. &nbsp; &nbsp; Para quaisquer informa\u00e7\u00f5es futuras n\u00e3o hesite em nos contatar pelo telefone 11 3056.6000 ramal 8659 e e-mail\u00a0trabalhoscientificos@mci-group.com<\/p>\n","protected":false},"author":114,"featured_media":0,"parent":0,"menu_order":3,"comment_status":"closed","ping_status":"closed","template":"page-regular.php","meta":{"_acf_changed":false,"footnotes":""},"class_list":["post-58","page","type-page","status-publish","hentry"],"acf":[],"_links":{"self":[{"href":"https:\/\/www.ige.unicamp.br\/geoscied2018\/wp-json\/wp\/v2\/pages\/58","targetHints":{"allow":["GET"]}}],"collection":[{"href":"https:\/\/www.ige.unicamp.br\/geoscied2018\/wp-json\/wp\/v2\/pages"}],"about":[{"href":"https:\/\/www.ige.unicamp.br\/geoscied2018\/wp-json\/wp\/v2\/types\/page"}],"author":[{"embeddable":true,"href":"https:\/\/www.ige.unicamp.br\/geoscied2018\/wp-json\/wp\/v2\/users\/114"}],"replies":[{"embeddable":true,"href":"https:\/\/www.ige.unicamp.br\/geoscied2018\/wp-json\/wp\/v2\/comments?post=58"}],"version-history":[{"count":24,"href":"https:\/\/www.ige.unicamp.br\/geoscied2018\/wp-json\/wp\/v2\/pages\/58\/revisions"}],"predecessor-version":[{"id":1487,"href":"https:\/\/www.ige.unicamp.br\/geoscied2018\/wp-json\/wp\/v2\/pages\/58\/revisions\/1487"}],"wp:attachment":[{"href":"https:\/\/www.ige.unicamp.br\/geoscied2018\/wp-json\/wp\/v2\/media?parent=58"}],"curies":[{"name":"wp","href":"https:\/\/api.w.org\/{rel}","templated":true}]}}