{"id":828,"date":"2018-04-13T17:54:55","date_gmt":"2018-04-13T20:54:55","guid":{"rendered":"http:\/\/www.ige.unicamp.br\/geoscied2018\/?page_id=828"},"modified":"2018-04-13T17:55:17","modified_gmt":"2018-04-13T20:55:17","slug":"courses","status":"publish","type":"page","link":"https:\/\/www.ige.unicamp.br\/geoscied2018\/en\/courses\/","title":{"rendered":"Courses"},"content":{"rendered":"<h2 class=\"x_MsoNormal\">PRE-EVENT COURSES<\/h2>\n<p class=\"x_MsoNormal\"><b><u>SUBS\u00cdDIOS PARA ENTENDIMENTO DA RESOLU\u00c7\u00c3O SMA N\u00ba 32\/2014 E SEU USO NA ELABORA\u00c7\u00c3O DE PROJETOS DE RESTAURA\u00c7\u00c3O ECOL\u00d3GICA<\/u><\/b><\/p>\n<p class=\"x_MsoNormal\">\u00b7\u00a0\u00a0\u00a0\u00a0\u00a0\u00a0\u00a0\u00a0\u00a0<b>Audience<\/b>\u00a0Preferably public gestors that work with enviromental practices, may include other professionals and students that work with enviromental mangement<br \/>\n\u00b7\u00a0\u00a0\u00a0\u00a0\u00a0\u00a0\u00a0\u00a0\u00a0<b>Duration<\/b>\u00a0Semipresential (60 hours)<br \/>\n\u00b7\u00a0\u00a0\u00a0\u00a0\u00a0\u00a0\u00a0\u00a0\u00a0<b>Date<\/b>\u00a0July 20 and 21 (presential) \/ July 30 to August 31 (distance learning) \/ September 1 (fieldwork)<br \/>\n\u00b7\u00a0\u00a0\u00a0\u00a0\u00a0\u00a0\u00a0\u00a0\u00a0<b>Place<\/b>\u00a0Instituto de Geoci\u00eancias \u2013 UNICAMP<\/p>\n<p class=\"x_MsoNormal\"><b>Responsibles<\/b><\/p>\n<p class=\"x_MsoNormal\">\u00b7\u00a0\u00a0\u00a0\u00a0\u00a0\u00a0\u00a0\u00a0\u00a0Engenheiro Florestal Renan Pinton de Camargo<br \/>\n\u00b7\u00a0\u00a0\u00a0\u00a0\u00a0\u00a0\u00a0\u00a0\u00a0Professora Doutora Joseli Maria Piranha<\/p>\n<p class=\"x_MsoNormal\"><b><u>FUNDAMENTOS DE HIDROGEOLOGIA PARA EDUCADORES<\/u><\/b><\/p>\n<p class=\"x_MsoNormal\">\u00b7\u00a0\u00a0\u00a0\u00a0\u00a0\u00a0\u00a0\u00a0\u00a0<b>Audience<\/b>\u00a0Teachers of different learning levels<br \/>\n\u00b7\u00a0\u00a0\u00a0\u00a0\u00a0\u00a0\u00a0\u00a0\u00a0<b>Duration<\/b>\u00a0Presential (16 hours)<br \/>\n\u00b7\u00a0\u00a0\u00a0\u00a0\u00a0\u00a0\u00a0\u00a0\u00a0<b>Date<\/b>\u00a0July 20 and 21<br \/>\n\u00b7\u00a0\u00a0\u00a0\u00a0\u00a0\u00a0\u00a0\u00a0\u00a0<b>Place<\/b>\u00a0Instituto de Geoci\u00eancias \u2013 UNICAMP<\/p>\n<p class=\"x_MsoNormal\"><b>Responsibles<\/b><\/p>\n<p class=\"x_MsoNormal\">\u00b7\u00a0\u00a0\u00a0\u00a0\u00a0\u00a0\u00a0\u00a0\u00a0Bi\u00f3logo Maxwell Luiz da Ponte<br \/>\n\u00b7\u00a0\u00a0\u00a0\u00a0\u00a0\u00a0\u00a0\u00a0\u00a0Professora Doutora Joseli Maria Piranha<\/p>\n<p class=\"x_MsoNormal\">More information such as cost of participation, and language of the activity will be announced shortly.<\/p>\n","protected":false},"excerpt":{"rendered":"<p>PRE-EVENT COURSES SUBS\u00cdDIOS PARA ENTENDIMENTO DA RESOLU\u00c7\u00c3O SMA N\u00ba 32\/2014 E SEU USO NA ELABORA\u00c7\u00c3O DE PROJETOS DE RESTAURA\u00c7\u00c3O ECOL\u00d3GICA \u00b7\u00a0\u00a0\u00a0\u00a0\u00a0\u00a0\u00a0\u00a0\u00a0Audience\u00a0Preferably public gestors that work with enviromental practices, may include other professionals and students that work with enviromental mangement \u00b7\u00a0\u00a0\u00a0\u00a0\u00a0\u00a0\u00a0\u00a0\u00a0Duration\u00a0Semipresential (60 hours) \u00b7\u00a0\u00a0\u00a0\u00a0\u00a0\u00a0\u00a0\u00a0\u00a0Date\u00a0July 20 and 21 (presential) \/ July 30 to August 31 (distance learning) [&hellip;]<\/p>\n","protected":false},"author":114,"featured_media":0,"parent":0,"menu_order":8,"comment_status":"closed","ping_status":"closed","template":"","meta":{"_acf_changed":false,"footnotes":""},"class_list":["post-828","page","type-page","status-publish","hentry"],"acf":[],"_links":{"self":[{"href":"https:\/\/www.ige.unicamp.br\/geoscied2018\/wp-json\/wp\/v2\/pages\/828","targetHints":{"allow":["GET"]}}],"collection":[{"href":"https:\/\/www.ige.unicamp.br\/geoscied2018\/wp-json\/wp\/v2\/pages"}],"about":[{"href":"https:\/\/www.ige.unicamp.br\/geoscied2018\/wp-json\/wp\/v2\/types\/page"}],"author":[{"embeddable":true,"href":"https:\/\/www.ige.unicamp.br\/geoscied2018\/wp-json\/wp\/v2\/users\/114"}],"replies":[{"embeddable":true,"href":"https:\/\/www.ige.unicamp.br\/geoscied2018\/wp-json\/wp\/v2\/comments?post=828"}],"version-history":[{"count":3,"href":"https:\/\/www.ige.unicamp.br\/geoscied2018\/wp-json\/wp\/v2\/pages\/828\/revisions"}],"predecessor-version":[{"id":867,"href":"https:\/\/www.ige.unicamp.br\/geoscied2018\/wp-json\/wp\/v2\/pages\/828\/revisions\/867"}],"wp:attachment":[{"href":"https:\/\/www.ige.unicamp.br\/geoscied2018\/wp-json\/wp\/v2\/media?parent=828"}],"curies":[{"name":"wp","href":"https:\/\/api.w.org\/{rel}","templated":true}]}}