{"id":1340,"date":"2022-08-31T12:38:20","date_gmt":"2022-08-31T15:38:20","guid":{"rendered":"https:\/\/www.ige.unicamp.br\/going\/?page_id=1340"},"modified":"2025-03-12T11:04:47","modified_gmt":"2025-03-12T14:04:47","slug":"sobre","status":"publish","type":"page","link":"https:\/\/www.ige.unicamp.br\/going\/sobre\/","title":{"rendered":"Sobre"},"content":{"rendered":"\t\t<div data-elementor-type=\"wp-page\" data-elementor-id=\"1340\" class=\"elementor elementor-1340\">\n\t\t\t\t\t\t<section class=\"elementor-section elementor-top-section elementor-element elementor-element-45ffbd5 elementor-section-boxed elementor-section-height-default elementor-section-height-default\" data-id=\"45ffbd5\" data-element_type=\"section\" data-e-type=\"section\">\n\t\t\t\t\t\t<div class=\"elementor-container elementor-column-gap-default\">\n\t\t\t\t\t<div class=\"elementor-column elementor-col-66 elementor-top-column elementor-element elementor-element-24c54e6\" data-id=\"24c54e6\" data-element_type=\"column\" data-e-type=\"column\">\n\t\t\t<div class=\"elementor-widget-wrap\">\n\t\t\t\t\t\t\t<\/div>\n\t\t<\/div>\n\t\t\t\t<div class=\"elementor-column elementor-col-33 elementor-top-column elementor-element elementor-element-20b577c\" data-id=\"20b577c\" data-element_type=\"column\" data-e-type=\"column\">\n\t\t\t<div class=\"elementor-widget-wrap elementor-element-populated\">\n\t\t\t\t\t\t<div class=\"elementor-element elementor-element-46df132 elementor-widget elementor-widget-shortcode\" data-id=\"46df132\" data-element_type=\"widget\" data-e-type=\"widget\" data-widget_type=\"shortcode.default\">\n\t\t\t\t<div class=\"elementor-widget-container\">\n\t\t\t\t\t\t\t<div class=\"elementor-shortcode\"><div class=\"gtranslate_wrapper\" id=\"gt-wrapper-72356540\"><\/div><\/div>\n\t\t\t\t\t\t<\/div>\n\t\t\t\t<\/div>\n\t\t\t\t\t<\/div>\n\t\t<\/div>\n\t\t\t\t\t<\/div>\n\t\t<\/section>\n\t\t\t\t<section class=\"elementor-section elementor-top-section elementor-element elementor-element-c19dc5f elementor-section-full_width elementor-section-height-min-height elementor-section-content-middle elementor-section-height-default elementor-section-items-middle\" data-id=\"c19dc5f\" data-element_type=\"section\" data-e-type=\"section\" data-settings=\"{&quot;background_background&quot;:&quot;classic&quot;,&quot;shape_divider_bottom&quot;:&quot;waves&quot;,&quot;shape_divider_bottom_negative&quot;:&quot;yes&quot;}\">\n\t\t\t\t\t\t\t<div class=\"elementor-background-overlay\"><\/div>\n\t\t\t\t\t\t<div class=\"elementor-shape elementor-shape-bottom\" aria-hidden=\"true\" data-negative=\"true\">\n\t\t\t<svg xmlns=\"http:\/\/www.w3.org\/2000\/svg\" viewBox=\"0 0 1000 100\" preserveAspectRatio=\"none\">\n\t<path class=\"elementor-shape-fill\" d=\"M790.5,93.1c-59.3-5.3-116.8-18-192.6-50c-29.6-12.7-76.9-31-100.5-35.9c-23.6-4.9-52.6-7.8-75.5-5.3\n\tc-10.2,1.1-22.6,1.4-50.1,7.4c-27.2,6.3-58.2,16.6-79.4,24.7c-41.3,15.9-94.9,21.9-134,22.6C72,58.2,0,25.8,0,25.8V100h1000V65.3\n\tc0,0-51.5,19.4-106.2,25.7C839.5,97,814.1,95.2,790.5,93.1z\"\/>\n<\/svg>\t\t<\/div>\n\t\t\t\t\t<div class=\"elementor-container elementor-column-gap-default\">\n\t\t\t\t\t<div class=\"elementor-column elementor-col-100 elementor-top-column elementor-element elementor-element-bb33b95\" data-id=\"bb33b95\" data-element_type=\"column\" data-e-type=\"column\">\n\t\t\t<div class=\"elementor-widget-wrap elementor-element-populated\">\n\t\t\t\t\t\t<div class=\"elementor-element elementor-element-60bddde elementor-widget elementor-widget-heading\" data-id=\"60bddde\" data-element_type=\"widget\" data-e-type=\"widget\" data-widget_type=\"heading.default\">\n\t\t\t\t<div class=\"elementor-widget-container\">\n\t\t\t\t\t<h2 class=\"elementor-heading-title elementor-size-default\">Sobre o grupo<\/h2>\t\t\t\t<\/div>\n\t\t\t\t<\/div>\n\t\t\t\t\t<\/div>\n\t\t<\/div>\n\t\t\t\t\t<\/div>\n\t\t<\/section>\n\t\t\t\t<section class=\"elementor-section elementor-top-section elementor-element elementor-element-9477763 elementor-section-full_width elementor-section-height-default elementor-section-height-default\" data-id=\"9477763\" data-element_type=\"section\" data-e-type=\"section\">\n\t\t\t\t\t\t<div class=\"elementor-container elementor-column-gap-default\">\n\t\t\t\t\t<div class=\"elementor-column elementor-col-50 elementor-top-column elementor-element elementor-element-bdba093\" data-id=\"bdba093\" data-element_type=\"column\" data-e-type=\"column\">\n\t\t\t<div class=\"elementor-widget-wrap elementor-element-populated\">\n\t\t\t\t\t\t<div class=\"elementor-element elementor-element-c1602eb elementor-widget elementor-widget-heading\" data-id=\"c1602eb\" data-element_type=\"widget\" data-e-type=\"widget\" data-widget_type=\"heading.default\">\n\t\t\t\t<div class=\"elementor-widget-container\">\n\t\t\t\t\t<h2 class=\"elementor-heading-title elementor-size-default\">Cria\u00e7\u00e3o<\/h2>\t\t\t\t<\/div>\n\t\t\t\t<\/div>\n\t\t\t\t<div class=\"elementor-element elementor-element-bba9658 elementor-widget elementor-widget-text-editor\" data-id=\"bba9658\" data-element_type=\"widget\" data-e-type=\"widget\" data-widget_type=\"text-editor.default\">\n\t\t\t\t<div class=\"elementor-widget-container\">\n\t\t\t\t\t\t\t\t\t<p style=\"text-align: right\"><span style=\"font-weight: 400\">O Grupo de Pesquisas de Pol\u00edticas P\u00fablicas, Geografia da Inova\u00e7\u00e3o e Governan\u00e7a &#8211; GOING foi criado em novembro de 2017 pelos docentes profes. drs. Andr\u00e9 Sica e Janaina Pamplona. Desde sua cria\u00e7\u00e3o o grupo j\u00e1 orientou: um p\u00f3s-doutorado, tr\u00eas doutores, quatro mestres, seis inicia\u00e7\u00f5es cient\u00edficas. As pesquisas do grupo t\u00eam sido financiadas por meio de projetos com empresas (CENPES\/Petrobras), universidades (Louisiana State University) e ag\u00eancias de fomento (CNPq). Parcerias foram consolidadas com a Universidade Federal de Pernambuco, e na Unicamp com o Instituto de Economia e com o Departamento de Geografia que culminaram na organiza\u00e7\u00e3o do III e IV Simp\u00f3sio da Gest\u00e3o do Conhecimento de da Inova\u00e7\u00e3o em 2019 e 2021. No per\u00edodo 2017 at\u00e9 2021 foram publicados dezesseis artigos e cap\u00edtulos de livro em peri\u00f3dicos de destaque como Game Studies, Social Studies of Science, Journal of Responsible Innovation, Revista Brasileira de Inova\u00e7\u00e3o e editoras como IPEA e Palgrave.\u00a0<\/span><\/p>\t\t\t\t\t\t\t\t<\/div>\n\t\t\t\t<\/div>\n\t\t\t\t\t<\/div>\n\t\t<\/div>\n\t\t\t\t<div class=\"elementor-column elementor-col-50 elementor-top-column elementor-element elementor-element-f881e19\" data-id=\"f881e19\" data-element_type=\"column\" data-e-type=\"column\" data-settings=\"{&quot;background_background&quot;:&quot;classic&quot;}\">\n\t\t\t<div class=\"elementor-widget-wrap elementor-element-populated\">\n\t\t\t\t\t\t<div class=\"elementor-element elementor-element-a5ae5e8 elementor-widget elementor-widget-image\" data-id=\"a5ae5e8\" data-element_type=\"widget\" data-e-type=\"widget\" data-widget_type=\"image.default\">\n\t\t\t\t<div class=\"elementor-widget-container\">\n\t\t\t\t\t\t\t\t\t\t\t\t\t\t\t<img fetchpriority=\"high\" decoding=\"async\" width=\"750\" height=\"500\" src=\"https:\/\/www.ige.unicamp.br\/going\/wp-content\/uploads\/sites\/40\/2022\/05\/hannah-busing-Zyx1bK9mqmA-unsplash-1024x683.jpg\" class=\"attachment-large size-large wp-image-335\" alt=\"\" srcset=\"https:\/\/www.ige.unicamp.br\/going\/wp-content\/uploads\/sites\/40\/2022\/05\/hannah-busing-Zyx1bK9mqmA-unsplash-1024x683.jpg 1024w, https:\/\/www.ige.unicamp.br\/going\/wp-content\/uploads\/sites\/40\/2022\/05\/hannah-busing-Zyx1bK9mqmA-unsplash-300x200.jpg 300w, https:\/\/www.ige.unicamp.br\/going\/wp-content\/uploads\/sites\/40\/2022\/05\/hannah-busing-Zyx1bK9mqmA-unsplash-768x512.jpg 768w, https:\/\/www.ige.unicamp.br\/going\/wp-content\/uploads\/sites\/40\/2022\/05\/hannah-busing-Zyx1bK9mqmA-unsplash-1536x1024.jpg 1536w, https:\/\/www.ige.unicamp.br\/going\/wp-content\/uploads\/sites\/40\/2022\/05\/hannah-busing-Zyx1bK9mqmA-unsplash.jpg 1920w\" sizes=\"(max-width: 750px) 100vw, 750px\" \/>\t\t\t\t\t\t\t\t\t\t\t\t\t\t\t<\/div>\n\t\t\t\t<\/div>\n\t\t\t\t\t<\/div>\n\t\t<\/div>\n\t\t\t\t\t<\/div>\n\t\t<\/section>\n\t\t\t\t<section class=\"elementor-section elementor-top-section elementor-element elementor-element-27e1ee8 elementor-section-full_width elementor-section-height-default elementor-section-height-default\" data-id=\"27e1ee8\" data-element_type=\"section\" data-e-type=\"section\">\n\t\t\t\t\t\t<div class=\"elementor-container elementor-column-gap-default\">\n\t\t\t\t\t<div class=\"elementor-column elementor-col-50 elementor-top-column elementor-element elementor-element-7ec58fe\" data-id=\"7ec58fe\" data-element_type=\"column\" data-e-type=\"column\" data-settings=\"{&quot;background_background&quot;:&quot;classic&quot;}\">\n\t\t\t<div class=\"elementor-widget-wrap elementor-element-populated\">\n\t\t\t\t\t\t<div class=\"elementor-element elementor-element-c60383b elementor-widget elementor-widget-image\" data-id=\"c60383b\" data-element_type=\"widget\" data-e-type=\"widget\" data-widget_type=\"image.default\">\n\t\t\t\t<div class=\"elementor-widget-container\">\n\t\t\t\t\t\t\t\t\t\t\t\t\t\t\t<img decoding=\"async\" width=\"750\" height=\"938\" src=\"https:\/\/www.ige.unicamp.br\/going\/wp-content\/uploads\/sites\/40\/2022\/08\/yosef-futsum-ZAvhxLTcSok-unsplash-1-819x1024.jpg\" class=\"attachment-large size-large wp-image-1484\" alt=\"\" srcset=\"https:\/\/www.ige.unicamp.br\/going\/wp-content\/uploads\/sites\/40\/2022\/08\/yosef-futsum-ZAvhxLTcSok-unsplash-1-819x1024.jpg 819w, https:\/\/www.ige.unicamp.br\/going\/wp-content\/uploads\/sites\/40\/2022\/08\/yosef-futsum-ZAvhxLTcSok-unsplash-1-240x300.jpg 240w, https:\/\/www.ige.unicamp.br\/going\/wp-content\/uploads\/sites\/40\/2022\/08\/yosef-futsum-ZAvhxLTcSok-unsplash-1-768x960.jpg 768w, https:\/\/www.ige.unicamp.br\/going\/wp-content\/uploads\/sites\/40\/2022\/08\/yosef-futsum-ZAvhxLTcSok-unsplash-1-1229x1536.jpg 1229w, https:\/\/www.ige.unicamp.br\/going\/wp-content\/uploads\/sites\/40\/2022\/08\/yosef-futsum-ZAvhxLTcSok-unsplash-1-1638x2048.jpg 1638w, https:\/\/www.ige.unicamp.br\/going\/wp-content\/uploads\/sites\/40\/2022\/08\/yosef-futsum-ZAvhxLTcSok-unsplash-1.jpg 1920w\" sizes=\"(max-width: 750px) 100vw, 750px\" \/>\t\t\t\t\t\t\t\t\t\t\t\t\t\t\t<\/div>\n\t\t\t\t<\/div>\n\t\t\t\t\t<\/div>\n\t\t<\/div>\n\t\t\t\t<div class=\"elementor-column elementor-col-50 elementor-top-column elementor-element elementor-element-c71870d\" data-id=\"c71870d\" data-element_type=\"column\" data-e-type=\"column\">\n\t\t\t<div class=\"elementor-widget-wrap elementor-element-populated\">\n\t\t\t\t\t\t<div class=\"elementor-element elementor-element-319f3ba elementor-widget elementor-widget-heading\" data-id=\"319f3ba\" data-element_type=\"widget\" data-e-type=\"widget\" data-widget_type=\"heading.default\">\n\t\t\t\t<div class=\"elementor-widget-container\">\n\t\t\t\t\t<h2 class=\"elementor-heading-title elementor-size-default\">Vis\u00e3o do GOING<\/h2>\t\t\t\t<\/div>\n\t\t\t\t<\/div>\n\t\t\t\t<div class=\"elementor-element elementor-element-b835209 elementor-widget elementor-widget-text-editor\" data-id=\"b835209\" data-element_type=\"widget\" data-e-type=\"widget\" data-widget_type=\"text-editor.default\">\n\t\t\t\t<div class=\"elementor-widget-container\">\n\t\t\t\t\t\t\t\t\t<p><span style=\"font-weight: 400\">Produzir conhecimento te\u00f3rico, emp\u00edrico e aplic\u00e1vel, contribuindo para ampliar a fronteira cient\u00edfica e desde uma perspectiva brasileira, relacionando-se de forma igualit\u00e1ria com parceiros acad\u00eamicos, formuladores, gestores e pessoal de linha de frente em pol\u00edticas p\u00fablicas e membros do p\u00fablico em geral, sejam estes locais, nacionais ou internacionais.<\/span><\/p>\t\t\t\t\t\t\t\t<\/div>\n\t\t\t\t<\/div>\n\t\t\t\t\t<\/div>\n\t\t<\/div>\n\t\t\t\t\t<\/div>\n\t\t<\/section>\n\t\t\t\t<section class=\"elementor-section elementor-top-section elementor-element elementor-element-baa7108 elementor-section-full_width elementor-section-height-default elementor-section-height-default\" data-id=\"baa7108\" data-element_type=\"section\" data-e-type=\"section\">\n\t\t\t\t\t\t<div class=\"elementor-container elementor-column-gap-default\">\n\t\t\t\t\t<div class=\"elementor-column elementor-col-50 elementor-top-column elementor-element elementor-element-5fc27a6\" data-id=\"5fc27a6\" data-element_type=\"column\" data-e-type=\"column\">\n\t\t\t<div class=\"elementor-widget-wrap elementor-element-populated\">\n\t\t\t\t\t\t<div class=\"elementor-element elementor-element-a8a2569 elementor-widget elementor-widget-heading\" data-id=\"a8a2569\" data-element_type=\"widget\" data-e-type=\"widget\" data-widget_type=\"heading.default\">\n\t\t\t\t<div class=\"elementor-widget-container\">\n\t\t\t\t\t<h2 class=\"elementor-heading-title elementor-size-default\">Objetivos do GOING<\/h2>\t\t\t\t<\/div>\n\t\t\t\t<\/div>\n\t\t\t\t<div class=\"elementor-element elementor-element-60fe98c elementor-widget elementor-widget-text-editor\" data-id=\"60fe98c\" data-element_type=\"widget\" data-e-type=\"widget\" data-widget_type=\"text-editor.default\">\n\t\t\t\t<div class=\"elementor-widget-container\">\n\t\t\t\t\t\t\t\t\t<p style=\"text-align: right\"><span style=\"font-weight: 400\">Contribuir para o entendimento de como ocorre o avan\u00e7o e quais s\u00e3o os limites da Ci\u00eancia e da Tecnologia em sua intera\u00e7\u00e3o com o territ\u00f3rio e a sociedade por meio das pol\u00edticas p\u00fablicas, da governan\u00e7a e do processo de inova\u00e7\u00e3o.<\/span><\/p>\t\t\t\t\t\t\t\t<\/div>\n\t\t\t\t<\/div>\n\t\t\t\t<div class=\"elementor-element elementor-element-6de6964 elementor-widget elementor-widget-text-editor\" data-id=\"6de6964\" data-element_type=\"widget\" data-e-type=\"widget\" data-widget_type=\"text-editor.default\">\n\t\t\t\t<div class=\"elementor-widget-container\">\n\t\t\t\t\t\t\t\t\t<p style=\"text-align: right\"><span style=\"font-weight: 400\">Gerar continuamente oportunidades para o desenvolvimento humano, profissional e acad\u00eamico de seus membros.<\/span><\/p>\t\t\t\t\t\t\t\t<\/div>\n\t\t\t\t<\/div>\n\t\t\t\t<div class=\"elementor-element elementor-element-047b2b1 elementor-widget elementor-widget-text-editor\" data-id=\"047b2b1\" data-element_type=\"widget\" data-e-type=\"widget\" data-widget_type=\"text-editor.default\">\n\t\t\t\t<div class=\"elementor-widget-container\">\n\t\t\t\t\t\t\t\t\t<p style=\"text-align: right\"><span style=\"font-weight: 400\">Produzir conhecimento de alto n\u00edvel a comunicar os resultados de suas pesquisas para a comunidade acad\u00eamica.\u00a0<\/span><\/p>\t\t\t\t\t\t\t\t<\/div>\n\t\t\t\t<\/div>\n\t\t\t\t<div class=\"elementor-element elementor-element-57ea66b elementor-widget elementor-widget-text-editor\" data-id=\"57ea66b\" data-element_type=\"widget\" data-e-type=\"widget\" data-widget_type=\"text-editor.default\">\n\t\t\t\t<div class=\"elementor-widget-container\">\n\t\t\t\t\t\t\t\t\t<p style=\"text-align: right\"><span style=\"font-weight: 400\">Levar conhecimento para a sociedade.<\/span><\/p>\t\t\t\t\t\t\t\t<\/div>\n\t\t\t\t<\/div>\n\t\t\t\t\t<\/div>\n\t\t<\/div>\n\t\t\t\t<div class=\"elementor-column elementor-col-50 elementor-top-column elementor-element elementor-element-b5f16b7\" data-id=\"b5f16b7\" data-element_type=\"column\" data-e-type=\"column\" data-settings=\"{&quot;background_background&quot;:&quot;classic&quot;}\">\n\t\t\t<div class=\"elementor-widget-wrap elementor-element-populated\">\n\t\t\t\t\t\t\t<\/div>\n\t\t<\/div>\n\t\t\t\t\t<\/div>\n\t\t<\/section>\n\t\t\t\t<\/div>\n\t\t","protected":false},"excerpt":{"rendered":"<p>Sobre o grupo Cria\u00e7\u00e3o O Grupo de Pesquisas de Pol\u00edticas P\u00fablicas, Geografia da Inova\u00e7\u00e3o e Governan\u00e7a &#8211; GOING foi criado em novembro de 2017 pelos docentes profes. drs. Andr\u00e9 Sica e Janaina Pamplona. Desde sua cria\u00e7\u00e3o o grupo j\u00e1 orientou: um p\u00f3s-doutorado, tr\u00eas doutores, quatro mestres, seis inicia\u00e7\u00f5es cient\u00edficas. As [&hellip;]<\/p>\n","protected":false},"author":160,"featured_media":0,"parent":0,"menu_order":0,"comment_status":"closed","ping_status":"closed","template":"page-templates\/template-pagebuilder-full-width.php","meta":{"footnotes":""},"class_list":["post-1340","page","type-page","status-publish","hentry"],"_links":{"self":[{"href":"https:\/\/www.ige.unicamp.br\/going\/wp-json\/wp\/v2\/pages\/1340","targetHints":{"allow":["GET"]}}],"collection":[{"href":"https:\/\/www.ige.unicamp.br\/going\/wp-json\/wp\/v2\/pages"}],"about":[{"href":"https:\/\/www.ige.unicamp.br\/going\/wp-json\/wp\/v2\/types\/page"}],"author":[{"embeddable":true,"href":"https:\/\/www.ige.unicamp.br\/going\/wp-json\/wp\/v2\/users\/160"}],"replies":[{"embeddable":true,"href":"https:\/\/www.ige.unicamp.br\/going\/wp-json\/wp\/v2\/comments?post=1340"}],"version-history":[{"count":176,"href":"https:\/\/www.ige.unicamp.br\/going\/wp-json\/wp\/v2\/pages\/1340\/revisions"}],"predecessor-version":[{"id":1975,"href":"https:\/\/www.ige.unicamp.br\/going\/wp-json\/wp\/v2\/pages\/1340\/revisions\/1975"}],"wp:attachment":[{"href":"https:\/\/www.ige.unicamp.br\/going\/wp-json\/wp\/v2\/media?parent=1340"}],"curies":[{"name":"wp","href":"https:\/\/api.w.org\/{rel}","templated":true}]}}