{"id":39,"date":"2023-05-19T10:48:39","date_gmt":"2023-05-19T13:48:39","guid":{"rendered":"https:\/\/www.ige.unicamp.br\/labpaleo\/?page_id=39"},"modified":"2023-07-19T15:30:22","modified_gmt":"2023-07-19T18:30:22","slug":"acervo-cientifico","status":"publish","type":"page","link":"https:\/\/www.ige.unicamp.br\/labpaleo\/acervo-cientifico\/","title":{"rendered":"Acervo Cient\u00edfico"},"content":{"rendered":"\n<h2 class=\"has-black-color has-ast-global-color-4-background-color has-text-color has-background wp-block-heading\">Acervo Cient\u00edfico de Paleontologia<\/h2>\n\n\n\n<p><p style=\"text-align:justify\"> O acervo cient\u00edfico de Paleontologia conta com uma base de dados digitalizada em planilhas Excel, organizadas de acordo as seis cole\u00e7\u00f5es que o integram a saber:<\/p><\/p>\n\n\n\n<div class=\"wp-block-columns is-layout-flex wp-container-core-columns-is-layout-28f84493 wp-block-columns-is-layout-flex\">\n<div class=\"wp-block-column is-layout-flow wp-block-column-is-layout-flow\">\n<div class=\"wp-block-columns is-layout-flex wp-container-core-columns-is-layout-28f84493 wp-block-columns-is-layout-flex\">\n<div class=\"wp-block-column is-layout-flow wp-block-column-is-layout-flow\"><\/div>\n\n\n\n<div class=\"wp-block-column is-layout-flow wp-block-column-is-layout-flow\">\n<ul class=\"wp-block-list\">\n<li>CP1\/Vegetais<\/li>\n\n\n\n<li>CP2\/Vertebrados<\/li>\n\n\n\n<li>CP3\/Invertebrados<\/li>\n<\/ul>\n<\/div>\n<\/div>\n<\/div>\n\n\n\n<div class=\"wp-block-column is-layout-flow wp-block-column-is-layout-flow\">\n<div class=\"wp-block-columns is-layout-flex wp-container-core-columns-is-layout-28f84493 wp-block-columns-is-layout-flex\">\n<div class=\"wp-block-column is-layout-flow wp-block-column-is-layout-flow\">\n<ul class=\"wp-block-list\">\n<li>CP4\/Microf\u00f3sseis<\/li>\n\n\n\n<li>CP5\/Palinologia<\/li>\n\n\n\n<li>CP6\/Icnof\u00f3sseis<\/li>\n<\/ul>\n<\/div>\n\n\n\n<div class=\"wp-block-column is-layout-flow wp-block-column-is-layout-flow\"><\/div>\n<\/div>\n<\/div>\n<\/div>\n\n\n\n<p><p style=\"text-align:justify\"> As  amostras  que  foram incorporadas ao Acervo  Cient\u00edfico de  Paleontologia  prov\u00eam de  doa\u00e7\u00f5es  e campanhas de  pesquisa e coleta de f\u00f3sseis, financiadas por v\u00e1rias agencias  nacionais de  fomento  (p.ex. FAPESP, CNPq).  O  acervo \u00e9  o  resultado da pesquisa paleontol\u00f3gica desenvolvida nos \u00faltimos 25 anos na UNICAMP. Dentro dele se encontram  os principais objetos de  estudos descritos e categorizados  em teses de  doutorado, disserta\u00e7\u00f5es de mestrado, trabalhos de conclus\u00e3o de curso, inicia\u00e7\u00f5es cientificas, artigos e publica\u00e7\u00f5es acad\u00eamicas produzidas pelos pesquisadores e <a href=\"https:\/\/www.ige.unicamp.br\/labpaleo\/equipe-2\/\">alunos<\/a> do Instituto de Geoci\u00eancias, UNICAMP. Pesquisas essas, realizadas muitas vezes em parceria com colegas de outras institui\u00e7\u00f5es do brasileiras (<a href=\"https:\/\/www5.usp.br\/\">USP<\/a>, <a href=\"https:\/\/www.unb.br\/\">UNB<\/a>, <a href=\"https:\/\/www2.unesp.br\/\">UNESNP<\/a>, entre outros) e do exterior (p.ex. Fran\u00e7a, USA, etc.).<\/p><\/p>\n\n\n\n<figure class=\"wp-block-image aligncenter size-large is-resized\"><img loading=\"lazy\" decoding=\"async\" src=\"https:\/\/www.ige.unicamp.br\/labpaleo\/wp-content\/uploads\/sites\/44\/2023\/07\/image-724x1024.png\" alt=\"Mapa das Amostras\" class=\"wp-image-509\" width=\"625\" height=\"884\" srcset=\"https:\/\/www.ige.unicamp.br\/labpaleo\/wp-content\/uploads\/sites\/44\/2023\/07\/image-724x1024.png 724w, https:\/\/www.ige.unicamp.br\/labpaleo\/wp-content\/uploads\/sites\/44\/2023\/07\/image-212x300.png 212w, https:\/\/www.ige.unicamp.br\/labpaleo\/wp-content\/uploads\/sites\/44\/2023\/07\/image-768x1087.png 768w, https:\/\/www.ige.unicamp.br\/labpaleo\/wp-content\/uploads\/sites\/44\/2023\/07\/image-1086x1536.png 1086w, https:\/\/www.ige.unicamp.br\/labpaleo\/wp-content\/uploads\/sites\/44\/2023\/07\/image.png 1196w\" sizes=\"auto, (max-width: 625px) 100vw, 625px\" \/><figcaption class=\"wp-element-caption\"><strong>Figura 1.: <\/strong>Mapa da distribui\u00e7\u00e3o das amostras das cole\u00e7\u00f5es do Acervo Cient\u00edfico de Paleontologia.<\/figcaption><\/figure>\n\n\n\n<p>A <strong>Figura 1<\/strong> acima nos mostra a distribui\u00e7\u00e3o dos locais de proveni\u00eancia das amostras.<\/p>\n\n\n\n<p><p style=\"text-align:justify\"> O acervo paleontol\u00f3gico  se encontra  localizado atualmente na Litoteca do  Instituto de Geoci\u00eancias da UNICAMP. Todas as amostras que s\u00e3o ingressadas no acervo s\u00e3o acompanhadas de uma ficha catalogr\u00e1fica (observada na <strong>Figura 2<\/strong>), na qual constam informa\u00e7\u00f5es acerca da Cole\u00e7\u00e3o, n\u00famero da amostra, nome, estratigrafia, proced\u00eancia, idade e coletor(es). Essas mesmas informa\u00e7\u00f5es constam dos livros de registro  de cada cole\u00e7\u00e3o e das  tabelas que forma a base de dados (Figura 2). V\u00e1rios estagi\u00e1rios t\u00eam auxiliado desde a sua cria\u00e7\u00e3o  para a sua manuten\u00e7\u00e3o e moderniza\u00e7\u00e3o.  Assim contamos com um sistema  de impress\u00e3o das  fichas catalogr\u00e1ficas diretamente das tabelas Excel de cada uma das cole\u00e7\u00f5es. O dinamismo das pesquisas paleontol\u00f3gicas faz com o acervo tenha crescido significativamente desde a sua cria\u00e7\u00e3o.<\/p><\/p>\n\n\n\n<figure class=\"wp-block-image aligncenter size-full is-resized\"><img loading=\"lazy\" decoding=\"async\" src=\"https:\/\/www.ige.unicamp.br\/labpaleo\/wp-content\/uploads\/sites\/44\/2023\/07\/image-1.png\" alt=\"Ficha do Acervo Cient\u00edfico de Paleontologia\" class=\"wp-image-510\" width=\"428\" height=\"287\" srcset=\"https:\/\/www.ige.unicamp.br\/labpaleo\/wp-content\/uploads\/sites\/44\/2023\/07\/image-1.png 886w, https:\/\/www.ige.unicamp.br\/labpaleo\/wp-content\/uploads\/sites\/44\/2023\/07\/image-1-300x201.png 300w, https:\/\/www.ige.unicamp.br\/labpaleo\/wp-content\/uploads\/sites\/44\/2023\/07\/image-1-768x516.png 768w\" sizes=\"auto, (max-width: 428px) 100vw, 428px\" \/><figcaption class=\"wp-element-caption\"><strong>Figura 2.:<\/strong> Ficha de Cole\u00e7\u00e3o Cient\u00edfica.<\/figcaption><\/figure>\n","protected":false},"excerpt":{"rendered":"<p>Acervo Cient\u00edfico de Paleontologia O acervo cient\u00edfico de Paleontologia conta com uma base de dados digitalizada em planilhas Excel, organizadas de acordo as seis cole\u00e7\u00f5es que o integram a saber: As amostras que foram incorporadas ao Acervo Cient\u00edfico de Paleontologia prov\u00eam de doa\u00e7\u00f5es e campanhas de pesquisa e coleta de f\u00f3sseis, financiadas por v\u00e1rias agencias [&hellip;]<\/p>\n","protected":false},"author":174,"featured_media":509,"parent":0,"menu_order":0,"comment_status":"closed","ping_status":"closed","template":"","meta":{"_acf_changed":false,"site-sidebar-layout":"default","site-content-layout":"","ast-site-content-layout":"default","site-content-style":"default","site-sidebar-style":"default","ast-global-header-display":"","ast-banner-title-visibility":"","ast-main-header-display":"","ast-hfb-above-header-display":"","ast-hfb-below-header-display":"","ast-hfb-mobile-header-display":"","site-post-title":"","ast-breadcrumbs-content":"","ast-featured-img":"","footer-sml-layout":"","ast-disable-related-posts":"","theme-transparent-header-meta":"","adv-header-id-meta":"","stick-header-meta":"","header-above-stick-meta":"","header-main-stick-meta":"","header-below-stick-meta":"","astra-migrate-meta-layouts":"default","ast-page-background-enabled":"default","ast-page-background-meta":{"desktop":{"background-color":"var(--ast-global-color-4)","background-image":"","background-repeat":"repeat","background-position":"center center","background-size":"auto","background-attachment":"scroll","background-type":"","background-media":"","overlay-type":"","overlay-color":"","overlay-opacity":"","overlay-gradient":""},"tablet":{"background-color":"","background-image":"","background-repeat":"repeat","background-position":"center center","background-size":"auto","background-attachment":"scroll","background-type":"","background-media":"","overlay-type":"","overlay-color":"","overlay-opacity":"","overlay-gradient":""},"mobile":{"background-color":"","background-image":"","background-repeat":"repeat","background-position":"center center","background-size":"auto","background-attachment":"scroll","background-type":"","background-media":"","overlay-type":"","overlay-color":"","overlay-opacity":"","overlay-gradient":""}},"ast-content-background-meta":{"desktop":{"background-color":"var(--ast-global-color-5)","background-image":"","background-repeat":"repeat","background-position":"center center","background-size":"auto","background-attachment":"scroll","background-type":"","background-media":"","overlay-type":"","overlay-color":"","overlay-opacity":"","overlay-gradient":""},"tablet":{"background-color":"var(--ast-global-color-5)","background-image":"","background-repeat":"repeat","background-position":"center center","background-size":"auto","background-attachment":"scroll","background-type":"","background-media":"","overlay-type":"","overlay-color":"","overlay-opacity":"","overlay-gradient":""},"mobile":{"background-color":"var(--ast-global-color-5)","background-image":"","background-repeat":"repeat","background-position":"center center","background-size":"auto","background-attachment":"scroll","background-type":"","background-media":"","overlay-type":"","overlay-color":"","overlay-opacity":"","overlay-gradient":""}},"footnotes":""},"class_list":["post-39","page","type-page","status-publish","has-post-thumbnail","hentry"],"acf":[],"featured_image_src":"https:\/\/www.ige.unicamp.br\/labpaleo\/wp-content\/uploads\/sites\/44\/2023\/07\/image.png","yoast_head":"<!-- This site is optimized with the Yoast SEO plugin v27.5 - https:\/\/yoast.com\/product\/yoast-seo-wordpress\/ -->\n<title>Acervo Cient\u00edfico - Laborat\u00f3rio de PaleoHidroGeologia<\/title>\n<meta name=\"description\" content=\"O acervo cient\u00edfico de Paleontologia conta com uma base de dados digitalizada em planilhas Excel, organizadas de acordo as seis cole\u00e7\u00f5es...\" \/>\n<meta name=\"robots\" content=\"index, follow, max-snippet:-1, max-image-preview:large, max-video-preview:-1\" \/>\n<link rel=\"canonical\" href=\"https:\/\/www.ige.unicamp.br\/labpaleo\/acervo-cientifico\/\" \/>\n<meta property=\"og:locale\" content=\"pt_BR\" \/>\n<meta property=\"og:type\" content=\"article\" \/>\n<meta property=\"og:title\" content=\"Acervo Cient\u00edfico - Laborat\u00f3rio de PaleoHidroGeologia\" \/>\n<meta property=\"og:description\" content=\"O acervo cient\u00edfico de Paleontologia conta com uma base de dados digitalizada em planilhas Excel, organizadas de acordo as seis cole\u00e7\u00f5es...\" \/>\n<meta property=\"og:url\" content=\"https:\/\/www.ige.unicamp.br\/labpaleo\/acervo-cientifico\/\" \/>\n<meta property=\"og:site_name\" content=\"Laborat\u00f3rio de PaleoHidroGeologia\" \/>\n<meta property=\"article:modified_time\" content=\"2023-07-19T18:30:22+00:00\" \/>\n<meta property=\"og:image\" content=\"https:\/\/www.ige.unicamp.br\/labpaleo\/wp-content\/uploads\/sites\/44\/2023\/07\/image.png\" \/>\n\t<meta property=\"og:image:width\" content=\"1196\" \/>\n\t<meta property=\"og:image:height\" content=\"1692\" \/>\n\t<meta property=\"og:image:type\" content=\"image\/png\" \/>\n<meta name=\"twitter:card\" content=\"summary_large_image\" \/>\n<meta name=\"twitter:label1\" content=\"Est. tempo de leitura\" \/>\n\t<meta name=\"twitter:data1\" content=\"3 minutos\" \/>\n<script type=\"application\/ld+json\" class=\"yoast-schema-graph\">{\"@context\":\"https:\\\/\\\/schema.org\",\"@graph\":[{\"@type\":\"WebPage\",\"@id\":\"https:\\\/\\\/www.ige.unicamp.br\\\/labpaleo\\\/acervo-cientifico\\\/\",\"url\":\"https:\\\/\\\/www.ige.unicamp.br\\\/labpaleo\\\/acervo-cientifico\\\/\",\"name\":\"Acervo Cient\u00edfico - Laborat\u00f3rio de PaleoHidroGeologia\",\"isPartOf\":{\"@id\":\"https:\\\/\\\/www.ige.unicamp.br\\\/labpaleo\\\/#website\"},\"primaryImageOfPage\":{\"@id\":\"https:\\\/\\\/www.ige.unicamp.br\\\/labpaleo\\\/acervo-cientifico\\\/#primaryimage\"},\"image\":{\"@id\":\"https:\\\/\\\/www.ige.unicamp.br\\\/labpaleo\\\/acervo-cientifico\\\/#primaryimage\"},\"thumbnailUrl\":\"https:\\\/\\\/www.ige.unicamp.br\\\/labpaleo\\\/wp-content\\\/uploads\\\/sites\\\/44\\\/2023\\\/07\\\/image.png\",\"datePublished\":\"2023-05-19T13:48:39+00:00\",\"dateModified\":\"2023-07-19T18:30:22+00:00\",\"description\":\"O acervo cient\u00edfico de Paleontologia conta com uma base de dados digitalizada em planilhas Excel, organizadas de acordo as seis cole\u00e7\u00f5es...\",\"breadcrumb\":{\"@id\":\"https:\\\/\\\/www.ige.unicamp.br\\\/labpaleo\\\/acervo-cientifico\\\/#breadcrumb\"},\"inLanguage\":\"pt-BR\",\"potentialAction\":[{\"@type\":\"ReadAction\",\"target\":[\"https:\\\/\\\/www.ige.unicamp.br\\\/labpaleo\\\/acervo-cientifico\\\/\"]}]},{\"@type\":\"ImageObject\",\"inLanguage\":\"pt-BR\",\"@id\":\"https:\\\/\\\/www.ige.unicamp.br\\\/labpaleo\\\/acervo-cientifico\\\/#primaryimage\",\"url\":\"https:\\\/\\\/www.ige.unicamp.br\\\/labpaleo\\\/wp-content\\\/uploads\\\/sites\\\/44\\\/2023\\\/07\\\/image.png\",\"contentUrl\":\"https:\\\/\\\/www.ige.unicamp.br\\\/labpaleo\\\/wp-content\\\/uploads\\\/sites\\\/44\\\/2023\\\/07\\\/image.png\",\"width\":1196,\"height\":1692,\"caption\":\"Mapa do Acervo de Paleontologia\"},{\"@type\":\"BreadcrumbList\",\"@id\":\"https:\\\/\\\/www.ige.unicamp.br\\\/labpaleo\\\/acervo-cientifico\\\/#breadcrumb\",\"itemListElement\":[{\"@type\":\"ListItem\",\"position\":1,\"name\":\"In\u00edcio\",\"item\":\"https:\\\/\\\/www.ige.unicamp.br\\\/labpaleo\\\/\"},{\"@type\":\"ListItem\",\"position\":2,\"name\":\"Acervo Cient\u00edfico\"}]},{\"@type\":\"WebSite\",\"@id\":\"https:\\\/\\\/www.ige.unicamp.br\\\/labpaleo\\\/#website\",\"url\":\"https:\\\/\\\/www.ige.unicamp.br\\\/labpaleo\\\/\",\"name\":\"Laborat\u00f3rio de PaleoHidroGeologia\",\"description\":\"https:\\\/\\\/portal.ige.unicamp.br\\\/\",\"publisher\":{\"@id\":\"https:\\\/\\\/www.ige.unicamp.br\\\/labpaleo\\\/#organization\"},\"potentialAction\":[{\"@type\":\"SearchAction\",\"target\":{\"@type\":\"EntryPoint\",\"urlTemplate\":\"https:\\\/\\\/www.ige.unicamp.br\\\/labpaleo\\\/?s={search_term_string}\"},\"query-input\":{\"@type\":\"PropertyValueSpecification\",\"valueRequired\":true,\"valueName\":\"search_term_string\"}}],\"inLanguage\":\"pt-BR\"},{\"@type\":\"Organization\",\"@id\":\"https:\\\/\\\/www.ige.unicamp.br\\\/labpaleo\\\/#organization\",\"name\":\"Laborat\u00f3rio de PaleoHidroGeologia\",\"url\":\"https:\\\/\\\/www.ige.unicamp.br\\\/labpaleo\\\/\",\"logo\":{\"@type\":\"ImageObject\",\"inLanguage\":\"pt-BR\",\"@id\":\"https:\\\/\\\/www.ige.unicamp.br\\\/labpaleo\\\/#\\\/schema\\\/logo\\\/image\\\/\",\"url\":\"https:\\\/\\\/www.ige.unicamp.br\\\/labpaleo\\\/wp-content\\\/uploads\\\/sites\\\/44\\\/2023\\\/09\\\/cropped-Logo-paleoHidroGeologia-3D-simbolo.png\",\"contentUrl\":\"https:\\\/\\\/www.ige.unicamp.br\\\/labpaleo\\\/wp-content\\\/uploads\\\/sites\\\/44\\\/2023\\\/09\\\/cropped-Logo-paleoHidroGeologia-3D-simbolo.png\",\"width\":1823,\"height\":1545,\"caption\":\"Laborat\u00f3rio de PaleoHidroGeologia\"},\"image\":{\"@id\":\"https:\\\/\\\/www.ige.unicamp.br\\\/labpaleo\\\/#\\\/schema\\\/logo\\\/image\\\/\"}}]}<\/script>\n<!-- \/ Yoast SEO plugin. -->","yoast_head_json":{"title":"Acervo Cient\u00edfico - Laborat\u00f3rio de PaleoHidroGeologia","description":"O acervo cient\u00edfico de Paleontologia conta com uma base de dados digitalizada em planilhas Excel, organizadas de acordo as seis cole\u00e7\u00f5es...","robots":{"index":"index","follow":"follow","max-snippet":"max-snippet:-1","max-image-preview":"max-image-preview:large","max-video-preview":"max-video-preview:-1"},"canonical":"https:\/\/www.ige.unicamp.br\/labpaleo\/acervo-cientifico\/","og_locale":"pt_BR","og_type":"article","og_title":"Acervo Cient\u00edfico - Laborat\u00f3rio de PaleoHidroGeologia","og_description":"O acervo cient\u00edfico de Paleontologia conta com uma base de dados digitalizada em planilhas Excel, organizadas de acordo as seis cole\u00e7\u00f5es...","og_url":"https:\/\/www.ige.unicamp.br\/labpaleo\/acervo-cientifico\/","og_site_name":"Laborat\u00f3rio de PaleoHidroGeologia","article_modified_time":"2023-07-19T18:30:22+00:00","og_image":[{"width":1196,"height":1692,"url":"https:\/\/www.ige.unicamp.br\/labpaleo\/wp-content\/uploads\/sites\/44\/2023\/07\/image.png","type":"image\/png"}],"twitter_card":"summary_large_image","twitter_misc":{"Est. tempo de leitura":"3 minutos"},"schema":{"@context":"https:\/\/schema.org","@graph":[{"@type":"WebPage","@id":"https:\/\/www.ige.unicamp.br\/labpaleo\/acervo-cientifico\/","url":"https:\/\/www.ige.unicamp.br\/labpaleo\/acervo-cientifico\/","name":"Acervo Cient\u00edfico - Laborat\u00f3rio de PaleoHidroGeologia","isPartOf":{"@id":"https:\/\/www.ige.unicamp.br\/labpaleo\/#website"},"primaryImageOfPage":{"@id":"https:\/\/www.ige.unicamp.br\/labpaleo\/acervo-cientifico\/#primaryimage"},"image":{"@id":"https:\/\/www.ige.unicamp.br\/labpaleo\/acervo-cientifico\/#primaryimage"},"thumbnailUrl":"https:\/\/www.ige.unicamp.br\/labpaleo\/wp-content\/uploads\/sites\/44\/2023\/07\/image.png","datePublished":"2023-05-19T13:48:39+00:00","dateModified":"2023-07-19T18:30:22+00:00","description":"O acervo cient\u00edfico de Paleontologia conta com uma base de dados digitalizada em planilhas Excel, organizadas de acordo as seis cole\u00e7\u00f5es...","breadcrumb":{"@id":"https:\/\/www.ige.unicamp.br\/labpaleo\/acervo-cientifico\/#breadcrumb"},"inLanguage":"pt-BR","potentialAction":[{"@type":"ReadAction","target":["https:\/\/www.ige.unicamp.br\/labpaleo\/acervo-cientifico\/"]}]},{"@type":"ImageObject","inLanguage":"pt-BR","@id":"https:\/\/www.ige.unicamp.br\/labpaleo\/acervo-cientifico\/#primaryimage","url":"https:\/\/www.ige.unicamp.br\/labpaleo\/wp-content\/uploads\/sites\/44\/2023\/07\/image.png","contentUrl":"https:\/\/www.ige.unicamp.br\/labpaleo\/wp-content\/uploads\/sites\/44\/2023\/07\/image.png","width":1196,"height":1692,"caption":"Mapa do Acervo de Paleontologia"},{"@type":"BreadcrumbList","@id":"https:\/\/www.ige.unicamp.br\/labpaleo\/acervo-cientifico\/#breadcrumb","itemListElement":[{"@type":"ListItem","position":1,"name":"In\u00edcio","item":"https:\/\/www.ige.unicamp.br\/labpaleo\/"},{"@type":"ListItem","position":2,"name":"Acervo Cient\u00edfico"}]},{"@type":"WebSite","@id":"https:\/\/www.ige.unicamp.br\/labpaleo\/#website","url":"https:\/\/www.ige.unicamp.br\/labpaleo\/","name":"Laborat\u00f3rio de PaleoHidroGeologia","description":"https:\/\/portal.ige.unicamp.br\/","publisher":{"@id":"https:\/\/www.ige.unicamp.br\/labpaleo\/#organization"},"potentialAction":[{"@type":"SearchAction","target":{"@type":"EntryPoint","urlTemplate":"https:\/\/www.ige.unicamp.br\/labpaleo\/?s={search_term_string}"},"query-input":{"@type":"PropertyValueSpecification","valueRequired":true,"valueName":"search_term_string"}}],"inLanguage":"pt-BR"},{"@type":"Organization","@id":"https:\/\/www.ige.unicamp.br\/labpaleo\/#organization","name":"Laborat\u00f3rio de PaleoHidroGeologia","url":"https:\/\/www.ige.unicamp.br\/labpaleo\/","logo":{"@type":"ImageObject","inLanguage":"pt-BR","@id":"https:\/\/www.ige.unicamp.br\/labpaleo\/#\/schema\/logo\/image\/","url":"https:\/\/www.ige.unicamp.br\/labpaleo\/wp-content\/uploads\/sites\/44\/2023\/09\/cropped-Logo-paleoHidroGeologia-3D-simbolo.png","contentUrl":"https:\/\/www.ige.unicamp.br\/labpaleo\/wp-content\/uploads\/sites\/44\/2023\/09\/cropped-Logo-paleoHidroGeologia-3D-simbolo.png","width":1823,"height":1545,"caption":"Laborat\u00f3rio de PaleoHidroGeologia"},"image":{"@id":"https:\/\/www.ige.unicamp.br\/labpaleo\/#\/schema\/logo\/image\/"}}]}},"_links":{"self":[{"href":"https:\/\/www.ige.unicamp.br\/labpaleo\/wp-json\/wp\/v2\/pages\/39","targetHints":{"allow":["GET"]}}],"collection":[{"href":"https:\/\/www.ige.unicamp.br\/labpaleo\/wp-json\/wp\/v2\/pages"}],"about":[{"href":"https:\/\/www.ige.unicamp.br\/labpaleo\/wp-json\/wp\/v2\/types\/page"}],"author":[{"embeddable":true,"href":"https:\/\/www.ige.unicamp.br\/labpaleo\/wp-json\/wp\/v2\/users\/174"}],"replies":[{"embeddable":true,"href":"https:\/\/www.ige.unicamp.br\/labpaleo\/wp-json\/wp\/v2\/comments?post=39"}],"version-history":[{"count":4,"href":"https:\/\/www.ige.unicamp.br\/labpaleo\/wp-json\/wp\/v2\/pages\/39\/revisions"}],"predecessor-version":[{"id":571,"href":"https:\/\/www.ige.unicamp.br\/labpaleo\/wp-json\/wp\/v2\/pages\/39\/revisions\/571"}],"wp:featuredmedia":[{"embeddable":true,"href":"https:\/\/www.ige.unicamp.br\/labpaleo\/wp-json\/wp\/v2\/media\/509"}],"wp:attachment":[{"href":"https:\/\/www.ige.unicamp.br\/labpaleo\/wp-json\/wp\/v2\/media?parent=39"}],"curies":[{"name":"wp","href":"https:\/\/api.w.org\/{rel}","templated":true}]}}