{"id":63,"date":"2023-05-23T15:00:47","date_gmt":"2023-05-23T18:00:47","guid":{"rendered":"https:\/\/www.ige.unicamp.br\/labpaleo\/?page_id=63"},"modified":"2023-08-23T09:44:23","modified_gmt":"2023-08-23T12:44:23","slug":"solicitacoes","status":"publish","type":"page","link":"https:\/\/www.ige.unicamp.br\/labpaleo\/solicitacoes\/","title":{"rendered":"Solicita\u00e7\u00f5es"},"content":{"rendered":"\n<h2 class=\"has-black-color has-ast-global-color-4-background-color has-text-color has-background has-large-font-size wp-block-heading\"><strong>Solicita\u00e7\u00f5es<\/strong><\/h2>\n\n\n\n<p><p style=\"text-align:justify\">As Solicita\u00e7\u00f5es de uso do Laborat\u00f3rio de PaleoHidrogeologia acontecem de duas formas, dependendo do p\u00fablico ao qual o solicitante pertence. Para todos os p\u00fablicos as solicita\u00e7\u00f5es s\u00e3o gratuitas, pede-se, apenas, que o solicitante seja pontual.<\/p><\/p>\n\n\n\n<p><p style=\"text-align:justify\">Para conhecer os procedimentos feitos rotineiramente e, com isso, saber se seu experimento \u00e9 vi\u00e1vel com nossa estrutura, acesse nossa p\u00e1gina de procedimentos.<\/p><\/p>\n\n\n\n<h2 class=\"has-black-color has-ast-global-color-4-background-color has-text-color has-background has-medium-font-size wp-block-heading\"><strong>\u00c0 Equipe do Laborat\u00f3rio:<\/strong><\/h2>\n\n\n\n<p class=\"has-black-color has-text-color has-link-color wp-elements-a0b81e0c2675a001e00063c3bc6090ea\"><p style=\"text-align:justify\">Os docentes e discentes que fazem parte da <a href=\"https:\/\/www.ige.unicamp.br\/labpaleo\/equipe-2\/\">equipe<\/a> de pesquisa do Laborat\u00f3rio de PaleoHidrogeologia podem reservar uso de bancadas ou equipamentos pela <a href=\"https:\/\/calendar.google.com\/calendar\/u\/0\/embed?src=c_qe1i9k6ka3hgi47c940hcosaf0@group.calendar.google.com&amp;ctz=America\/Sao_Paulo\" target=\"_blank\" rel=\"noreferrer noopener\">Agenda do Laborat\u00f3rio<\/a>.<\/p>\n\n\n\n<h2 class=\"has-black-color has-ast-global-color-4-background-color has-text-color has-background has-medium-font-size wp-block-heading\"><strong>Para o P\u00fablico Externo<\/strong><\/h2>\n\n\n\n<p class=\"has-black-color has-text-color\">Para quem n\u00e3o faz uso rotineiro do laborat\u00f3rio, deve-se entrar em contato pelo e-mail do t\u00e9cnico do laborat\u00f3rio, <em>rafaelbp@unicamp.br<\/em>, para solicitar uso do laborat\u00f3rio.<\/p>\n\n\n\n<p class=\"has-black-color has-text-color\"><p style=\"text-align:justify\"><strong>Importante:<\/strong> Somente \u00e9 permitido, ao p\u00fablico externo ao laborat\u00f3rio, utilizar o microsc\u00f3pio ou a lupa por 4 horas consecutivas. <\/p>\n\n\n\n<h2 class=\"has-black-color has-ast-global-color-4-background-color has-text-color has-background has-medium-font-size wp-block-heading\"><strong>Solicita\u00e7\u00f5es de Materiais Did\u00e1ticos<\/strong><\/h2>\n\n\n\n<p class=\"has-black-color has-text-color\"><p style=\"text-align:justify\">Ao fim de controle dos materiais, o solicitante dos materiais did\u00e1ticos devera preencher a tabela abaixo informando o c\u00f3digo (exemplo: DP1), o n\u00famero (exemplo: 87) e, quando necess\u00e1rio, observa\u00e7\u00f5es do estado do material retirado do Acervo Did\u00e1tico. Al\u00e9m disso, ser\u00e1 necess\u00e1rio que o solicitante tenha o aval de uma das <a href=\"https:\/\/www.ige.unicamp.br\/labpaleo\/equipe-2\/#undefined\">docentes<\/a> do Laborat\u00f3rio de PaleoHidroGeologia.<\/p>\n\n\n\n<figure class=\"wp-block-image aligncenter size-full is-resized has-custom-border\"><a href=\"https:\/\/www.ige.unicamp.br\/labpaleo\/wp-content\/uploads\/sites\/44\/2023\/06\/Solicitacoes.jpg\"><img loading=\"lazy\" decoding=\"async\" src=\"https:\/\/www.ige.unicamp.br\/labpaleo\/wp-content\/uploads\/sites\/44\/2023\/06\/Solicitacoes.jpg\" alt=\"Solicita\u00e7\u00f5es do Laborat\u00f3rio Did\u00e1tico de Paleohidrogeologia\" class=\"has-border-color has-black-border-color wp-image-402\" width=\"380\" height=\"533\" srcset=\"https:\/\/www.ige.unicamp.br\/labpaleo\/wp-content\/uploads\/sites\/44\/2023\/06\/Solicitacoes.jpg 585w, https:\/\/www.ige.unicamp.br\/labpaleo\/wp-content\/uploads\/sites\/44\/2023\/06\/Solicitacoes-214x300.jpg 214w\" sizes=\"auto, (max-width: 380px) 100vw, 380px\" \/><\/a><\/figure>\n","protected":false},"excerpt":{"rendered":"<p>Solicita\u00e7\u00f5es As Solicita\u00e7\u00f5es de uso do Laborat\u00f3rio de PaleoHidrogeologia acontecem de duas formas, dependendo do p\u00fablico ao qual o solicitante pertence. Para todos os p\u00fablicos as solicita\u00e7\u00f5es s\u00e3o gratuitas, pede-se, apenas, que o solicitante seja pontual. Para conhecer os procedimentos feitos rotineiramente e, com isso, saber se seu experimento \u00e9 vi\u00e1vel com nossa estrutura, acesse [&hellip;]<\/p>\n","protected":false},"author":174,"featured_media":0,"parent":0,"menu_order":0,"comment_status":"closed","ping_status":"closed","template":"","meta":{"_acf_changed":false,"site-sidebar-layout":"default","site-content-layout":"","ast-site-content-layout":"default","site-content-style":"default","site-sidebar-style":"default","ast-global-header-display":"","ast-banner-title-visibility":"","ast-main-header-display":"","ast-hfb-above-header-display":"","ast-hfb-below-header-display":"","ast-hfb-mobile-header-display":"","site-post-title":"","ast-breadcrumbs-content":"","ast-featured-img":"","footer-sml-layout":"","ast-disable-related-posts":"","theme-transparent-header-meta":"","adv-header-id-meta":"","stick-header-meta":"","header-above-stick-meta":"","header-main-stick-meta":"","header-below-stick-meta":"","astra-migrate-meta-layouts":"default","ast-page-background-enabled":"default","ast-page-background-meta":{"desktop":{"background-color":"var(--ast-global-color-4)","background-image":"","background-repeat":"repeat","background-position":"center center","background-size":"auto","background-attachment":"scroll","background-type":"","background-media":"","overlay-type":"","overlay-color":"","overlay-opacity":"","overlay-gradient":""},"tablet":{"background-color":"","background-image":"","background-repeat":"repeat","background-position":"center center","background-size":"auto","background-attachment":"scroll","background-type":"","background-media":"","overlay-type":"","overlay-color":"","overlay-opacity":"","overlay-gradient":""},"mobile":{"background-color":"","background-image":"","background-repeat":"repeat","background-position":"center center","background-size":"auto","background-attachment":"scroll","background-type":"","background-media":"","overlay-type":"","overlay-color":"","overlay-opacity":"","overlay-gradient":""}},"ast-content-background-meta":{"desktop":{"background-color":"var(--ast-global-color-5)","background-image":"","background-repeat":"repeat","background-position":"center center","background-size":"auto","background-attachment":"scroll","background-type":"","background-media":"","overlay-type":"","overlay-color":"","overlay-opacity":"","overlay-gradient":""},"tablet":{"background-color":"var(--ast-global-color-5)","background-image":"","background-repeat":"repeat","background-position":"center center","background-size":"auto","background-attachment":"scroll","background-type":"","background-media":"","overlay-type":"","overlay-color":"","overlay-opacity":"","overlay-gradient":""},"mobile":{"background-color":"var(--ast-global-color-5)","background-image":"","background-repeat":"repeat","background-position":"center center","background-size":"auto","background-attachment":"scroll","background-type":"","background-media":"","overlay-type":"","overlay-color":"","overlay-opacity":"","overlay-gradient":""}},"footnotes":""},"class_list":["post-63","page","type-page","status-publish","hentry"],"acf":[],"featured_image_src":null,"yoast_head":"<!-- This site is optimized with the Yoast SEO plugin v27.5 - https:\/\/yoast.com\/product\/yoast-seo-wordpress\/ -->\n<title>Solicita\u00e7\u00f5es - Laborat\u00f3rio de PaleoHidroGeologia<\/title>\n<meta name=\"description\" content=\"Solicita\u00e7\u00f5es do Laborat\u00f3rio de PaleoHidroGeologia s\u00e3o feitas de duas maneiras: Direto na Agenda do Laborat\u00f3rio ou pelo e-mail do t\u00e9cnico...\" \/>\n<meta name=\"robots\" content=\"index, follow, max-snippet:-1, max-image-preview:large, max-video-preview:-1\" \/>\n<link rel=\"canonical\" href=\"https:\/\/www.ige.unicamp.br\/labpaleo\/solicitacoes\/\" \/>\n<meta property=\"og:locale\" content=\"pt_BR\" \/>\n<meta property=\"og:type\" content=\"article\" \/>\n<meta property=\"og:title\" content=\"Solicita\u00e7\u00f5es - Laborat\u00f3rio de PaleoHidroGeologia\" \/>\n<meta property=\"og:description\" content=\"Solicita\u00e7\u00f5es do Laborat\u00f3rio de PaleoHidroGeologia s\u00e3o feitas de duas maneiras: Direto na Agenda do Laborat\u00f3rio ou pelo e-mail do t\u00e9cnico...\" \/>\n<meta property=\"og:url\" content=\"https:\/\/www.ige.unicamp.br\/labpaleo\/solicitacoes\/\" \/>\n<meta property=\"og:site_name\" content=\"Laborat\u00f3rio de PaleoHidroGeologia\" \/>\n<meta property=\"article:modified_time\" content=\"2023-08-23T12:44:23+00:00\" \/>\n<meta property=\"og:image\" content=\"https:\/\/www.ige.unicamp.br\/labpaleo\/wp-content\/uploads\/sites\/44\/2023\/06\/Solicitacoes.jpg\" \/>\n<meta name=\"twitter:card\" content=\"summary_large_image\" \/>\n<meta name=\"twitter:label1\" content=\"Est. tempo de leitura\" \/>\n\t<meta name=\"twitter:data1\" content=\"2 minutos\" \/>\n<script type=\"application\/ld+json\" class=\"yoast-schema-graph\">{\"@context\":\"https:\\\/\\\/schema.org\",\"@graph\":[{\"@type\":\"WebPage\",\"@id\":\"https:\\\/\\\/www.ige.unicamp.br\\\/labpaleo\\\/solicitacoes\\\/\",\"url\":\"https:\\\/\\\/www.ige.unicamp.br\\\/labpaleo\\\/solicitacoes\\\/\",\"name\":\"Solicita\u00e7\u00f5es - Laborat\u00f3rio de PaleoHidroGeologia\",\"isPartOf\":{\"@id\":\"https:\\\/\\\/www.ige.unicamp.br\\\/labpaleo\\\/#website\"},\"primaryImageOfPage\":{\"@id\":\"https:\\\/\\\/www.ige.unicamp.br\\\/labpaleo\\\/solicitacoes\\\/#primaryimage\"},\"image\":{\"@id\":\"https:\\\/\\\/www.ige.unicamp.br\\\/labpaleo\\\/solicitacoes\\\/#primaryimage\"},\"thumbnailUrl\":\"https:\\\/\\\/www.ige.unicamp.br\\\/labpaleo\\\/wp-content\\\/uploads\\\/sites\\\/44\\\/2023\\\/06\\\/Solicitacoes.jpg\",\"datePublished\":\"2023-05-23T18:00:47+00:00\",\"dateModified\":\"2023-08-23T12:44:23+00:00\",\"description\":\"Solicita\u00e7\u00f5es do Laborat\u00f3rio de PaleoHidroGeologia s\u00e3o feitas de duas maneiras: Direto na Agenda do Laborat\u00f3rio ou pelo e-mail do t\u00e9cnico...\",\"breadcrumb\":{\"@id\":\"https:\\\/\\\/www.ige.unicamp.br\\\/labpaleo\\\/solicitacoes\\\/#breadcrumb\"},\"inLanguage\":\"pt-BR\",\"potentialAction\":[{\"@type\":\"ReadAction\",\"target\":[\"https:\\\/\\\/www.ige.unicamp.br\\\/labpaleo\\\/solicitacoes\\\/\"]}]},{\"@type\":\"ImageObject\",\"inLanguage\":\"pt-BR\",\"@id\":\"https:\\\/\\\/www.ige.unicamp.br\\\/labpaleo\\\/solicitacoes\\\/#primaryimage\",\"url\":\"https:\\\/\\\/www.ige.unicamp.br\\\/labpaleo\\\/wp-content\\\/uploads\\\/sites\\\/44\\\/2023\\\/06\\\/Solicitacoes.jpg\",\"contentUrl\":\"https:\\\/\\\/www.ige.unicamp.br\\\/labpaleo\\\/wp-content\\\/uploads\\\/sites\\\/44\\\/2023\\\/06\\\/Solicitacoes.jpg\",\"width\":585,\"height\":820},{\"@type\":\"BreadcrumbList\",\"@id\":\"https:\\\/\\\/www.ige.unicamp.br\\\/labpaleo\\\/solicitacoes\\\/#breadcrumb\",\"itemListElement\":[{\"@type\":\"ListItem\",\"position\":1,\"name\":\"In\u00edcio\",\"item\":\"https:\\\/\\\/www.ige.unicamp.br\\\/labpaleo\\\/\"},{\"@type\":\"ListItem\",\"position\":2,\"name\":\"Solicita\u00e7\u00f5es\"}]},{\"@type\":\"WebSite\",\"@id\":\"https:\\\/\\\/www.ige.unicamp.br\\\/labpaleo\\\/#website\",\"url\":\"https:\\\/\\\/www.ige.unicamp.br\\\/labpaleo\\\/\",\"name\":\"Laborat\u00f3rio de PaleoHidroGeologia\",\"description\":\"https:\\\/\\\/portal.ige.unicamp.br\\\/\",\"publisher\":{\"@id\":\"https:\\\/\\\/www.ige.unicamp.br\\\/labpaleo\\\/#organization\"},\"potentialAction\":[{\"@type\":\"SearchAction\",\"target\":{\"@type\":\"EntryPoint\",\"urlTemplate\":\"https:\\\/\\\/www.ige.unicamp.br\\\/labpaleo\\\/?s={search_term_string}\"},\"query-input\":{\"@type\":\"PropertyValueSpecification\",\"valueRequired\":true,\"valueName\":\"search_term_string\"}}],\"inLanguage\":\"pt-BR\"},{\"@type\":\"Organization\",\"@id\":\"https:\\\/\\\/www.ige.unicamp.br\\\/labpaleo\\\/#organization\",\"name\":\"Laborat\u00f3rio de PaleoHidroGeologia\",\"url\":\"https:\\\/\\\/www.ige.unicamp.br\\\/labpaleo\\\/\",\"logo\":{\"@type\":\"ImageObject\",\"inLanguage\":\"pt-BR\",\"@id\":\"https:\\\/\\\/www.ige.unicamp.br\\\/labpaleo\\\/#\\\/schema\\\/logo\\\/image\\\/\",\"url\":\"https:\\\/\\\/www.ige.unicamp.br\\\/labpaleo\\\/wp-content\\\/uploads\\\/sites\\\/44\\\/2023\\\/09\\\/cropped-Logo-paleoHidroGeologia-3D-simbolo.png\",\"contentUrl\":\"https:\\\/\\\/www.ige.unicamp.br\\\/labpaleo\\\/wp-content\\\/uploads\\\/sites\\\/44\\\/2023\\\/09\\\/cropped-Logo-paleoHidroGeologia-3D-simbolo.png\",\"width\":1823,\"height\":1545,\"caption\":\"Laborat\u00f3rio de PaleoHidroGeologia\"},\"image\":{\"@id\":\"https:\\\/\\\/www.ige.unicamp.br\\\/labpaleo\\\/#\\\/schema\\\/logo\\\/image\\\/\"}}]}<\/script>\n<!-- \/ Yoast SEO plugin. -->","yoast_head_json":{"title":"Solicita\u00e7\u00f5es - Laborat\u00f3rio de PaleoHidroGeologia","description":"Solicita\u00e7\u00f5es do Laborat\u00f3rio de PaleoHidroGeologia s\u00e3o feitas de duas maneiras: Direto na Agenda do Laborat\u00f3rio ou pelo e-mail do t\u00e9cnico...","robots":{"index":"index","follow":"follow","max-snippet":"max-snippet:-1","max-image-preview":"max-image-preview:large","max-video-preview":"max-video-preview:-1"},"canonical":"https:\/\/www.ige.unicamp.br\/labpaleo\/solicitacoes\/","og_locale":"pt_BR","og_type":"article","og_title":"Solicita\u00e7\u00f5es - Laborat\u00f3rio de PaleoHidroGeologia","og_description":"Solicita\u00e7\u00f5es do Laborat\u00f3rio de PaleoHidroGeologia s\u00e3o feitas de duas maneiras: Direto na Agenda do Laborat\u00f3rio ou pelo e-mail do t\u00e9cnico...","og_url":"https:\/\/www.ige.unicamp.br\/labpaleo\/solicitacoes\/","og_site_name":"Laborat\u00f3rio de PaleoHidroGeologia","article_modified_time":"2023-08-23T12:44:23+00:00","og_image":[{"url":"https:\/\/www.ige.unicamp.br\/labpaleo\/wp-content\/uploads\/sites\/44\/2023\/06\/Solicitacoes.jpg","type":"","width":"","height":""}],"twitter_card":"summary_large_image","twitter_misc":{"Est. tempo de leitura":"2 minutos"},"schema":{"@context":"https:\/\/schema.org","@graph":[{"@type":"WebPage","@id":"https:\/\/www.ige.unicamp.br\/labpaleo\/solicitacoes\/","url":"https:\/\/www.ige.unicamp.br\/labpaleo\/solicitacoes\/","name":"Solicita\u00e7\u00f5es - Laborat\u00f3rio de PaleoHidroGeologia","isPartOf":{"@id":"https:\/\/www.ige.unicamp.br\/labpaleo\/#website"},"primaryImageOfPage":{"@id":"https:\/\/www.ige.unicamp.br\/labpaleo\/solicitacoes\/#primaryimage"},"image":{"@id":"https:\/\/www.ige.unicamp.br\/labpaleo\/solicitacoes\/#primaryimage"},"thumbnailUrl":"https:\/\/www.ige.unicamp.br\/labpaleo\/wp-content\/uploads\/sites\/44\/2023\/06\/Solicitacoes.jpg","datePublished":"2023-05-23T18:00:47+00:00","dateModified":"2023-08-23T12:44:23+00:00","description":"Solicita\u00e7\u00f5es do Laborat\u00f3rio de PaleoHidroGeologia s\u00e3o feitas de duas maneiras: Direto na Agenda do Laborat\u00f3rio ou pelo e-mail do t\u00e9cnico...","breadcrumb":{"@id":"https:\/\/www.ige.unicamp.br\/labpaleo\/solicitacoes\/#breadcrumb"},"inLanguage":"pt-BR","potentialAction":[{"@type":"ReadAction","target":["https:\/\/www.ige.unicamp.br\/labpaleo\/solicitacoes\/"]}]},{"@type":"ImageObject","inLanguage":"pt-BR","@id":"https:\/\/www.ige.unicamp.br\/labpaleo\/solicitacoes\/#primaryimage","url":"https:\/\/www.ige.unicamp.br\/labpaleo\/wp-content\/uploads\/sites\/44\/2023\/06\/Solicitacoes.jpg","contentUrl":"https:\/\/www.ige.unicamp.br\/labpaleo\/wp-content\/uploads\/sites\/44\/2023\/06\/Solicitacoes.jpg","width":585,"height":820},{"@type":"BreadcrumbList","@id":"https:\/\/www.ige.unicamp.br\/labpaleo\/solicitacoes\/#breadcrumb","itemListElement":[{"@type":"ListItem","position":1,"name":"In\u00edcio","item":"https:\/\/www.ige.unicamp.br\/labpaleo\/"},{"@type":"ListItem","position":2,"name":"Solicita\u00e7\u00f5es"}]},{"@type":"WebSite","@id":"https:\/\/www.ige.unicamp.br\/labpaleo\/#website","url":"https:\/\/www.ige.unicamp.br\/labpaleo\/","name":"Laborat\u00f3rio de PaleoHidroGeologia","description":"https:\/\/portal.ige.unicamp.br\/","publisher":{"@id":"https:\/\/www.ige.unicamp.br\/labpaleo\/#organization"},"potentialAction":[{"@type":"SearchAction","target":{"@type":"EntryPoint","urlTemplate":"https:\/\/www.ige.unicamp.br\/labpaleo\/?s={search_term_string}"},"query-input":{"@type":"PropertyValueSpecification","valueRequired":true,"valueName":"search_term_string"}}],"inLanguage":"pt-BR"},{"@type":"Organization","@id":"https:\/\/www.ige.unicamp.br\/labpaleo\/#organization","name":"Laborat\u00f3rio de PaleoHidroGeologia","url":"https:\/\/www.ige.unicamp.br\/labpaleo\/","logo":{"@type":"ImageObject","inLanguage":"pt-BR","@id":"https:\/\/www.ige.unicamp.br\/labpaleo\/#\/schema\/logo\/image\/","url":"https:\/\/www.ige.unicamp.br\/labpaleo\/wp-content\/uploads\/sites\/44\/2023\/09\/cropped-Logo-paleoHidroGeologia-3D-simbolo.png","contentUrl":"https:\/\/www.ige.unicamp.br\/labpaleo\/wp-content\/uploads\/sites\/44\/2023\/09\/cropped-Logo-paleoHidroGeologia-3D-simbolo.png","width":1823,"height":1545,"caption":"Laborat\u00f3rio de PaleoHidroGeologia"},"image":{"@id":"https:\/\/www.ige.unicamp.br\/labpaleo\/#\/schema\/logo\/image\/"}}]}},"_links":{"self":[{"href":"https:\/\/www.ige.unicamp.br\/labpaleo\/wp-json\/wp\/v2\/pages\/63","targetHints":{"allow":["GET"]}}],"collection":[{"href":"https:\/\/www.ige.unicamp.br\/labpaleo\/wp-json\/wp\/v2\/pages"}],"about":[{"href":"https:\/\/www.ige.unicamp.br\/labpaleo\/wp-json\/wp\/v2\/types\/page"}],"author":[{"embeddable":true,"href":"https:\/\/www.ige.unicamp.br\/labpaleo\/wp-json\/wp\/v2\/users\/174"}],"replies":[{"embeddable":true,"href":"https:\/\/www.ige.unicamp.br\/labpaleo\/wp-json\/wp\/v2\/comments?post=63"}],"version-history":[{"count":11,"href":"https:\/\/www.ige.unicamp.br\/labpaleo\/wp-json\/wp\/v2\/pages\/63\/revisions"}],"predecessor-version":[{"id":680,"href":"https:\/\/www.ige.unicamp.br\/labpaleo\/wp-json\/wp\/v2\/pages\/63\/revisions\/680"}],"wp:attachment":[{"href":"https:\/\/www.ige.unicamp.br\/labpaleo\/wp-json\/wp\/v2\/media?parent=63"}],"curies":[{"name":"wp","href":"https:\/\/api.w.org\/{rel}","templated":true}]}}