{"id":2,"date":"2018-10-26T14:22:21","date_gmt":"2018-10-26T17:22:21","guid":{"rendered":"http:\/\/www.ige.unicamp.br\/labraman\/?page_id=2"},"modified":"2023-08-21T09:17:23","modified_gmt":"2023-08-21T12:17:23","slug":"pagina-exemplo","status":"publish","type":"page","link":"https:\/\/www.ige.unicamp.br\/labraman\/pagina-exemplo\/","title":{"rendered":"Equipe t\u00e9cnica"},"content":{"rendered":"<p>Supervisor t\u00e9cnico do Laborat\u00f3rio: Dr. Dailto Silva (DGRN\/IG)<\/p>\n<p>Coordenadora do Laborat\u00f3rio: Profa. Dra. Maria Jos\u00e9 Maluf de Mesquita (DGRN\/IG)<\/p>\n","protected":false},"excerpt":{"rendered":"<p>Supervisor t\u00e9cnico do Laborat\u00f3rio: Dr. Dailto Silva (DGRN\/IG) Coordenadora do Laborat\u00f3rio: Profa. Dra. Maria Jos\u00e9 Maluf de Mesquita (DGRN\/IG)<\/p>\n","protected":false},"author":122,"featured_media":0,"parent":0,"menu_order":0,"comment_status":"closed","ping_status":"open","template":"","meta":{"footnotes":""},"class_list":["post-2","page","type-page","status-publish","hentry","post"],"_links":{"self":[{"href":"https:\/\/www.ige.unicamp.br\/labraman\/wp-json\/wp\/v2\/pages\/2","targetHints":{"allow":["GET"]}}],"collection":[{"href":"https:\/\/www.ige.unicamp.br\/labraman\/wp-json\/wp\/v2\/pages"}],"about":[{"href":"https:\/\/www.ige.unicamp.br\/labraman\/wp-json\/wp\/v2\/types\/page"}],"author":[{"embeddable":true,"href":"https:\/\/www.ige.unicamp.br\/labraman\/wp-json\/wp\/v2\/users\/122"}],"replies":[{"embeddable":true,"href":"https:\/\/www.ige.unicamp.br\/labraman\/wp-json\/wp\/v2\/comments?post=2"}],"version-history":[{"count":7,"href":"https:\/\/www.ige.unicamp.br\/labraman\/wp-json\/wp\/v2\/pages\/2\/revisions"}],"predecessor-version":[{"id":56,"href":"https:\/\/www.ige.unicamp.br\/labraman\/wp-json\/wp\/v2\/pages\/2\/revisions\/56"}],"wp:attachment":[{"href":"https:\/\/www.ige.unicamp.br\/labraman\/wp-json\/wp\/v2\/media?parent=2"}],"curies":[{"name":"wp","href":"https:\/\/api.w.org\/{rel}","templated":true}]}}