{"id":20,"date":"2020-02-12T08:09:30","date_gmt":"2020-02-12T11:09:30","guid":{"rendered":"http:\/\/www.ige.unicamp.br\/labraman\/?page_id=20"},"modified":"2023-08-21T09:16:34","modified_gmt":"2023-08-21T12:16:34","slug":"equipamento","status":"publish","type":"page","link":"https:\/\/www.ige.unicamp.br\/labraman\/equipamento\/","title":{"rendered":"Equipamento"},"content":{"rendered":"\n<p> O laborat\u00f3rio&nbsp;\u00e9 equipado com um espectr\u00f4metro&nbsp;micro-Raman da Horiba (Jobin-Yvon\/Instruments S.A.), modelo T64000. Possui 3 grades de difra\u00e7\u00e3o e  tendo como fonte de excita\u00e7\u00e3o as linhas 488.0  nm  (azul) e 514.5 nm (verde) fornecidas por laser de Ar+ da Coherent. <\/p>\n\n\n\n<p>As frequ\u00eancias&nbsp;caracter\u00edsticas&nbsp;s\u00e3o detectadas por uma CCD (dispositivo de carga acoplada) de Si (Li), bidimensional (1024 x 256&nbsp;pixel), utilizada como um detector multicanal para coletar o espalhamento Raman em uma geometria de 180<sup>0<\/sup> utilizando-se de um microsc\u00f3pio \u00f3tico, com objetiva de 100 X, permintido assim, um spot de aproximadamente  3 \u00b5m. <\/p>\n","protected":false},"excerpt":{"rendered":"<p>O laborat\u00f3rio&nbsp;\u00e9 equipado com um espectr\u00f4metro&nbsp;micro-Raman da Horiba (Jobin-Yvon\/Instruments S.A.), modelo T64000. Possui 3 grades de difra\u00e7\u00e3o e tendo como fonte de excita\u00e7\u00e3o as linhas 488.0 nm (azul) e 514.5 nm (verde) fornecidas por laser de Ar+ da Coherent. As frequ\u00eancias&nbsp;caracter\u00edsticas&nbsp;s\u00e3o detectadas por uma CCD (dispositivo de carga acoplada) de Si (Li), bidimensional (1024 x [&hellip;]<\/p>\n","protected":false},"author":122,"featured_media":0,"parent":0,"menu_order":0,"comment_status":"closed","ping_status":"closed","template":"","meta":{"footnotes":""},"class_list":["post-20","page","type-page","status-publish","hentry","post"],"_links":{"self":[{"href":"https:\/\/www.ige.unicamp.br\/labraman\/wp-json\/wp\/v2\/pages\/20","targetHints":{"allow":["GET"]}}],"collection":[{"href":"https:\/\/www.ige.unicamp.br\/labraman\/wp-json\/wp\/v2\/pages"}],"about":[{"href":"https:\/\/www.ige.unicamp.br\/labraman\/wp-json\/wp\/v2\/types\/page"}],"author":[{"embeddable":true,"href":"https:\/\/www.ige.unicamp.br\/labraman\/wp-json\/wp\/v2\/users\/122"}],"replies":[{"embeddable":true,"href":"https:\/\/www.ige.unicamp.br\/labraman\/wp-json\/wp\/v2\/comments?post=20"}],"version-history":[{"count":4,"href":"https:\/\/www.ige.unicamp.br\/labraman\/wp-json\/wp\/v2\/pages\/20\/revisions"}],"predecessor-version":[{"id":55,"href":"https:\/\/www.ige.unicamp.br\/labraman\/wp-json\/wp\/v2\/pages\/20\/revisions\/55"}],"wp:attachment":[{"href":"https:\/\/www.ige.unicamp.br\/labraman\/wp-json\/wp\/v2\/media?parent=20"}],"curies":[{"name":"wp","href":"https:\/\/api.w.org\/{rel}","templated":true}]}}