{"id":28,"date":"2020-02-12T08:17:15","date_gmt":"2020-02-12T11:17:15","guid":{"rendered":"http:\/\/www.ige.unicamp.br\/labraman\/?page_id=28"},"modified":"2023-08-21T09:16:43","modified_gmt":"2023-08-21T12:16:43","slug":"agendamento","status":"publish","type":"page","link":"https:\/\/www.ige.unicamp.br\/labraman\/agendamento\/","title":{"rendered":"Agendamento"},"content":{"rendered":"\n<p>Para agendar seu hor\u00e1rio  no Lab. Raman  verifique as datas disponiveis no calend\u00e1rio (p\u00e1gina inicial, rodap\u00e9; as datas n\u00e3o dispon\u00edveis estar\u00e3o em destaque amarelo), e envie <span style=\"text-decoration: underline\">ao menos duas sugest\u00f5es <\/span>de dias e hor\u00e1rios para:<\/p>\n\n\n\n<p>Dailto Silva: dailto@unicamp.br<\/p>\n","protected":false},"excerpt":{"rendered":"<p>Para agendar seu hor\u00e1rio no Lab. Raman verifique as datas disponiveis no calend\u00e1rio (p\u00e1gina inicial, rodap\u00e9; as datas n\u00e3o dispon\u00edveis estar\u00e3o em destaque amarelo), e envie ao menos duas sugest\u00f5es de dias e hor\u00e1rios para: Dailto Silva: dailto@unicamp.br<\/p>\n","protected":false},"author":122,"featured_media":0,"parent":0,"menu_order":0,"comment_status":"closed","ping_status":"closed","template":"","meta":{"footnotes":""},"class_list":["post-28","page","type-page","status-publish","hentry","post"],"_links":{"self":[{"href":"https:\/\/www.ige.unicamp.br\/labraman\/wp-json\/wp\/v2\/pages\/28","targetHints":{"allow":["GET"]}}],"collection":[{"href":"https:\/\/www.ige.unicamp.br\/labraman\/wp-json\/wp\/v2\/pages"}],"about":[{"href":"https:\/\/www.ige.unicamp.br\/labraman\/wp-json\/wp\/v2\/types\/page"}],"author":[{"embeddable":true,"href":"https:\/\/www.ige.unicamp.br\/labraman\/wp-json\/wp\/v2\/users\/122"}],"replies":[{"embeddable":true,"href":"https:\/\/www.ige.unicamp.br\/labraman\/wp-json\/wp\/v2\/comments?post=28"}],"version-history":[{"count":4,"href":"https:\/\/www.ige.unicamp.br\/labraman\/wp-json\/wp\/v2\/pages\/28\/revisions"}],"predecessor-version":[{"id":54,"href":"https:\/\/www.ige.unicamp.br\/labraman\/wp-json\/wp\/v2\/pages\/28\/revisions\/54"}],"wp:attachment":[{"href":"https:\/\/www.ige.unicamp.br\/labraman\/wp-json\/wp\/v2\/media?parent=28"}],"curies":[{"name":"wp","href":"https:\/\/api.w.org\/{rel}","templated":true}]}}