{"id":39,"date":"2020-02-12T10:27:06","date_gmt":"2020-02-12T13:27:06","guid":{"rendered":"http:\/\/www.ige.unicamp.br\/labraman\/?page_id=39"},"modified":"2023-08-21T09:16:24","modified_gmt":"2023-08-21T12:16:24","slug":"custos","status":"publish","type":"page","link":"https:\/\/www.ige.unicamp.br\/labraman\/custos\/","title":{"rendered":"Custos"},"content":{"rendered":"\n<p>Para usu\u00e1rios internos ao Instituto de Geoci\u00eancias da UNICAMP o valor \u00e9 de R$70,00\/hora.<\/p>\n\n\n\n<p>Usu\u00e1rios externos ao IG e \u00e0 UNICAMP pagam R$140,00\/hora.<\/p>\n","protected":false},"excerpt":{"rendered":"<p>Para usu\u00e1rios internos ao Instituto de Geoci\u00eancias da UNICAMP o valor \u00e9 de R$70,00\/hora. Usu\u00e1rios externos ao IG e \u00e0 UNICAMP pagam R$140,00\/hora.<\/p>\n","protected":false},"author":122,"featured_media":0,"parent":0,"menu_order":0,"comment_status":"closed","ping_status":"closed","template":"","meta":{"footnotes":""},"class_list":["post-39","page","type-page","status-publish","hentry","post"],"_links":{"self":[{"href":"https:\/\/www.ige.unicamp.br\/labraman\/wp-json\/wp\/v2\/pages\/39","targetHints":{"allow":["GET"]}}],"collection":[{"href":"https:\/\/www.ige.unicamp.br\/labraman\/wp-json\/wp\/v2\/pages"}],"about":[{"href":"https:\/\/www.ige.unicamp.br\/labraman\/wp-json\/wp\/v2\/types\/page"}],"author":[{"embeddable":true,"href":"https:\/\/www.ige.unicamp.br\/labraman\/wp-json\/wp\/v2\/users\/122"}],"replies":[{"embeddable":true,"href":"https:\/\/www.ige.unicamp.br\/labraman\/wp-json\/wp\/v2\/comments?post=39"}],"version-history":[{"count":2,"href":"https:\/\/www.ige.unicamp.br\/labraman\/wp-json\/wp\/v2\/pages\/39\/revisions"}],"predecessor-version":[{"id":45,"href":"https:\/\/www.ige.unicamp.br\/labraman\/wp-json\/wp\/v2\/pages\/39\/revisions\/45"}],"wp:attachment":[{"href":"https:\/\/www.ige.unicamp.br\/labraman\/wp-json\/wp\/v2\/media?parent=39"}],"curies":[{"name":"wp","href":"https:\/\/api.w.org\/{rel}","templated":true}]}}