{"id":26,"date":"2022-05-25T12:45:12","date_gmt":"2022-05-25T15:45:12","guid":{"rendered":"https:\/\/www.ige.unicamp.br\/lagere-gri\/?page_id=26"},"modified":"2025-02-26T15:33:47","modified_gmt":"2025-02-26T18:33:47","slug":"sobre","status":"publish","type":"page","link":"https:\/\/www.ige.unicamp.br\/lagere-gri\/sobre\/","title":{"rendered":"Sobre"},"content":{"rendered":"\t\t<div data-elementor-type=\"wp-page\" data-elementor-id=\"26\" class=\"elementor elementor-26\">\n\t\t\t\t\t\t<section class=\"elementor-section elementor-top-section elementor-element elementor-element-583b8a9 elementor-section-full_width elementor-section-stretched elementor-section-height-default elementor-section-height-default\" data-id=\"583b8a9\" data-element_type=\"section\" data-e-type=\"section\" data-settings=\"{&quot;stretch_section&quot;:&quot;section-stretched&quot;}\">\n\t\t\t\t\t\t<div class=\"elementor-container elementor-column-gap-default\">\n\t\t\t\t\t<div class=\"elementor-column elementor-col-33 elementor-top-column elementor-element elementor-element-c19b77b\" data-id=\"c19b77b\" data-element_type=\"column\" data-e-type=\"column\">\n\t\t\t<div class=\"elementor-widget-wrap elementor-element-populated\">\n\t\t\t\t\t\t<div class=\"elementor-element elementor-element-ceee6c7 elementor-widget elementor-widget-menu-anchor\" data-id=\"ceee6c7\" data-element_type=\"widget\" data-e-type=\"widget\" data-widget_type=\"menu-anchor.default\">\n\t\t\t\t<div class=\"elementor-widget-container\">\n\t\t\t\t\t\t\t<div class=\"elementor-menu-anchor\" id=\"topo-sobre\"><\/div>\n\t\t\t\t\t\t<\/div>\n\t\t\t\t<\/div>\n\t\t\t\t<div class=\"elementor-element elementor-element-5d914ff elementor-widget elementor-widget-image\" data-id=\"5d914ff\" data-element_type=\"widget\" data-e-type=\"widget\" data-widget_type=\"image.default\">\n\t\t\t\t<div class=\"elementor-widget-container\">\n\t\t\t\t\t\t\t\t\t\t\t\t\t\t\t<img decoding=\"async\" width=\"166\" height=\"300\" src=\"https:\/\/www.ige.unicamp.br\/lagere-gri\/wp-content\/uploads\/sites\/59\/2022\/05\/imgback-166x300.png\" class=\"attachment-medium size-medium wp-image-28\" alt=\"\" srcset=\"https:\/\/www.ige.unicamp.br\/lagere-gri\/wp-content\/uploads\/sites\/59\/2022\/05\/imgback-166x300.png 166w, https:\/\/www.ige.unicamp.br\/lagere-gri\/wp-content\/uploads\/sites\/59\/2022\/05\/imgback-566x1024.png 566w, https:\/\/www.ige.unicamp.br\/lagere-gri\/wp-content\/uploads\/sites\/59\/2022\/05\/imgback.png 718w\" sizes=\"(max-width: 166px) 100vw, 166px\" \/>\t\t\t\t\t\t\t\t\t\t\t\t\t\t\t<\/div>\n\t\t\t\t<\/div>\n\t\t\t\t\t<\/div>\n\t\t<\/div>\n\t\t\t\t<div class=\"elementor-column elementor-col-66 elementor-top-column elementor-element elementor-element-4033ee5\" data-id=\"4033ee5\" data-element_type=\"column\" data-e-type=\"column\">\n\t\t\t<div class=\"elementor-widget-wrap elementor-element-populated\">\n\t\t\t\t\t\t<div class=\"elementor-element elementor-element-4c35800 elementor-widget elementor-widget-heading\" data-id=\"4c35800\" data-element_type=\"widget\" data-e-type=\"widget\" data-widget_type=\"heading.default\">\n\t\t\t\t<div class=\"elementor-widget-container\">\n\t\t\t\t\t<h2 class=\"elementor-heading-title elementor-size-default\">\u201cO vasto horizonte das geografias poss\u00edveis\u201d\n<\/h2>\t\t\t\t<\/div>\n\t\t\t\t<\/div>\n\t\t\t\t<div class=\"elementor-element elementor-element-40d1069 elementor-widget elementor-widget-text-editor\" data-id=\"40d1069\" data-element_type=\"widget\" data-e-type=\"widget\" data-widget_type=\"text-editor.default\">\n\t\t\t\t<div class=\"elementor-widget-container\">\n\t\t\t\t\t\t\t\t\t<p><span style=\"font-weight: 400\">Antonio Carlos Robert Moraes. Capitalismo, Geografia e Meio Ambiente. <\/span><i><span style=\"font-weight: 400\">Tese de Livre Doc\u00eancia<\/span><\/i><span style=\"font-weight: 400\">. Departamento de Geografia. FFLCH da Universidade de S\u00e3o Paulo, 2000, p. 04.<\/span><\/p>\t\t\t\t\t\t\t\t<\/div>\n\t\t\t\t<\/div>\n\t\t\t\t\t<\/div>\n\t\t<\/div>\n\t\t\t\t\t<\/div>\n\t\t<\/section>\n\t\t\t\t<section class=\"elementor-section elementor-top-section elementor-element elementor-element-67545ef elementor-section-full_width elementor-section-stretched elementor-section-height-default elementor-section-height-default\" data-id=\"67545ef\" data-element_type=\"section\" data-e-type=\"section\" data-settings=\"{&quot;stretch_section&quot;:&quot;section-stretched&quot;}\">\n\t\t\t\t\t\t<div class=\"elementor-container elementor-column-gap-default\">\n\t\t\t\t\t<div class=\"elementor-column elementor-col-100 elementor-top-column elementor-element elementor-element-305b51d\" data-id=\"305b51d\" data-element_type=\"column\" data-e-type=\"column\">\n\t\t\t<div class=\"elementor-widget-wrap elementor-element-populated\">\n\t\t\t\t\t\t<div class=\"elementor-element elementor-element-8caefc3 elementor-widget elementor-widget-text-editor\" data-id=\"8caefc3\" data-element_type=\"widget\" data-e-type=\"widget\" data-widget_type=\"text-editor.default\">\n\t\t\t\t<div class=\"elementor-widget-container\">\n\t\t\t\t\t\t\t\t\t<p><span style=\"font-weight: 400\">Este grupo de pesquisa, conforme \u00e9 descrito do Diret\u00f3rio de Grupos de Pesquisa do Brasil do CNPq, \u201c<\/span><span style=\"font-weight: 400\">pretende abordar a geografia das rela\u00e7\u00f5es internacionais da Am\u00e9rica Latina e Caribe por meio de uma agenda de pesquisa que privilegia estudos sobre processos de integra\u00e7\u00e3o regional, infraestrutura; seguran\u00e7a e defesa, desenvolvimento econ\u00f4mico, recursos naturais e energ\u00e9ticos, geopol\u00edtica dos alimentos, governan\u00e7a ambiental e urbaniza\u00e7\u00e3o\u201d.<\/span><\/p><p><span style=\"font-weight: 400\">Tendo a forma\u00e7\u00e3o territorial como uma categoria anal\u00edtica e a escala geogr\u00e1fica como um instrumento interpretativo do sistema-mundo,\u00a0 o grupo de pesquisa pretende dialogar e contribuir no entendimento 1-) da geopol\u00edtica e geoeconomia da Am\u00e9rica Latina e Caribe e 2-) do papel dos pa\u00edses latino-americanos e caribenhos no sistema internacional, com suas organiza\u00e7\u00f5es regionais, seus atores estatais e n\u00e3o-estatais relevantes, suas alian\u00e7as, jogos de interesses, conflitos e coopera\u00e7\u00e3o, bem como a presen\u00e7a e a rela\u00e7\u00e3o de alguns Estados extrarregionais com pa\u00edses da Am\u00e9rica Latina e Caribe.<\/span><\/p><p><span style=\"font-weight: 400\">Neste contexto, consideramos que as pesquisas desenvolvidas no \u00e2mbito do grupo de pesquisa podem contribuir no entendimento da espacialidade da Am\u00e9rica Latina e Caribe e nos debates sobre espa\u00e7o e poder, em uma das escalas dos fen\u00f4menos pol\u00edticos: a Am\u00e9rica Latina e Caribe.\u00a0<\/span><\/p><p><span style=\"font-weight: 400\">De fato, se almeja trazer \u00e0 luz algumas conex\u00f5es escalares (nacional, regional\/Am\u00e9rica Latina e global) e fazer algumas aproxima\u00e7\u00f5es tem\u00e1ticas e te\u00f3ricas pouco recorrentes na Geografia brasileira com o campo das Rela\u00e7\u00f5es Internacionais.<\/span><\/p><p><span style=\"font-weight: 400\">Entre os nossos trabalhos acad\u00eamicos publicados e nossas orienta\u00e7\u00f5es na p\u00f3s-gradua\u00e7\u00e3o e na gradua\u00e7\u00e3o em Geografia na Unicamp destacamos como os principais objetivos:<\/span><\/p><ol><li style=\"font-weight: 400\"><span style=\"font-weight: 400\">Discutir as principais concep\u00e7\u00f5es e principais estrat\u00e9gias de desenvolvimento e de planejamento territorial adotadas pelos pa\u00edses da Am\u00e9rica Latina e Caribe e pelas mais importantes organiza\u00e7\u00f5es regionais;<\/span><\/li><li style=\"font-weight: 400\"><span style=\"font-weight: 400\">Contribuir no entendimento sobre a integra\u00e7\u00e3o regional latino-americana e caribenha, identificando algumas facetas da integra\u00e7\u00e3o regional que apresentam uma dimens\u00e3o espacial, observando-a em suas etapas, institucionalidade e como espa\u00e7o sociopol\u00edtico em constru\u00e7\u00e3o;<\/span><\/li><li style=\"font-weight: 400\"><span style=\"font-weight: 400\">Investigar a integra\u00e7\u00e3o regional da infraestrutura produtiva na Am\u00e9rica do Sul, buscando compreender as condi\u00e7\u00f5es, potencialidades e os problemas da moderniza\u00e7\u00e3o e amplia\u00e7\u00e3o da integra\u00e7\u00e3o da infraestrutura produtiva sul-americana (transportes, energia e telecomunica\u00e7\u00f5es), o que envolve uma dimens\u00e3o espacial do desenvolvimento e op\u00e7\u00f5es pol\u00edticas;<\/span><\/li><li style=\"font-weight: 400\"><span style=\"font-weight: 400\">Discutir as agendas pol\u00edticas em Seguran\u00e7a e Defesa, especialmente na Am\u00e9rica do Sul, em temas que tenham incid\u00eancia territorial, em assuntos que envolvam soberania, recursos naturais, oceanos e territ\u00f3rios;<\/span><\/li><li style=\"font-weight: 400\"><span style=\"font-weight: 400\">Compreender a quest\u00e3o dos recursos naturais e energ\u00e9ticos, analisando a geopol\u00edtica e geoeconomia dos recursos naturais (especialmente recursos h\u00eddricos, terras, min\u00e9rios e biodiversidade) e recursos energ\u00e9ticos na regi\u00e3o, bem como os impactos socioespaciais ocasionados pela sua explora\u00e7\u00e3o;<\/span><\/li><li style=\"font-weight: 400\"><span style=\"font-weight: 400\">Conhecer e analisar as pol\u00edticas ambientais e de governan\u00e7a ambiental na Am\u00e9rica Latina e Caribe, especialmente relativas a mudan\u00e7as clim\u00e1ticas e biodiversidade no subcontinente e as suas implica\u00e7\u00f5es;<\/span><\/li><li style=\"font-weight: 400\"><span style=\"font-weight: 400\">Conhecer as rela\u00e7\u00f5es da Am\u00e9rica Latina e Caribe com pa\u00edses de fora do entorno regional que mant\u00eam rela\u00e7\u00f5es geopol\u00edticas e geoecon\u00f4micas relevantes no subcontinente, os chamados atores extrarregionais.<\/span><\/li><\/ol>\t\t\t\t\t\t\t\t<\/div>\n\t\t\t\t<\/div>\n\t\t\t\t\t<\/div>\n\t\t<\/div>\n\t\t\t\t\t<\/div>\n\t\t<\/section>\n\t\t\t\t<section class=\"elementor-section elementor-top-section elementor-element elementor-element-325b6160 elementor-section-full_width elementor-section-stretched elementor-section-height-default elementor-section-height-default\" data-id=\"325b6160\" data-element_type=\"section\" data-e-type=\"section\" data-settings=\"{&quot;stretch_section&quot;:&quot;section-stretched&quot;}\">\n\t\t\t\t\t\t<div class=\"elementor-container elementor-column-gap-no\">\n\t\t\t\t\t<div class=\"elementor-column elementor-col-100 elementor-top-column elementor-element elementor-element-2e799451\" data-id=\"2e799451\" data-element_type=\"column\" data-e-type=\"column\">\n\t\t\t<div class=\"elementor-widget-wrap elementor-element-populated\">\n\t\t\t\t\t\t<div class=\"elementor-element elementor-element-500dbe33 elementor-align-center elementor-widget elementor-widget-button\" data-id=\"500dbe33\" data-element_type=\"widget\" data-e-type=\"widget\" data-widget_type=\"button.default\">\n\t\t\t\t<div class=\"elementor-widget-container\">\n\t\t\t\t\t\t\t\t\t<div class=\"elementor-button-wrapper\">\n\t\t\t\t\t<a class=\"elementor-button elementor-button-link elementor-size-xl\" href=\"#topo-sobre\">\n\t\t\t\t\t\t<span class=\"elementor-button-content-wrapper\">\n\t\t\t\t\t\t<span class=\"elementor-button-icon\">\n\t\t\t\t<i aria-hidden=\"true\" class=\"fas fa-arrow-up\"><\/i>\t\t\t<\/span>\n\t\t\t\t\t\t\t\t\t<span class=\"elementor-button-text\">Voltar ao topo<\/span>\n\t\t\t\t\t<\/span>\n\t\t\t\t\t<\/a>\n\t\t\t\t<\/div>\n\t\t\t\t\t\t\t\t<\/div>\n\t\t\t\t<\/div>\n\t\t\t\t\t<\/div>\n\t\t<\/div>\n\t\t\t\t\t<\/div>\n\t\t<\/section>\n\t\t\t\t<\/div>\n\t\t","protected":false},"excerpt":{"rendered":"<p>\/*! elementor &#8211; v3.6.4 &#8211; 13-04-2022 *\/ body.elementor-page .elementor-widget-menu-anchor{margin-bottom:0} \/*! elementor &#8211; v3.6.4 &#8211; 13-04-2022 *\/ .elementor-widget-image{text-align:center}.elementor-widget-image a{display:inline-block}.elementor-widget-image a img[src$=&#8221;.svg&#8221;]{width:48px}.elementor-widget-image img{vertical-align:middle;display:inline-block} \/*! elementor &#8211; v3.6.4&hellip;<\/p>\n","protected":false},"author":151,"featured_media":0,"parent":0,"menu_order":0,"comment_status":"closed","ping_status":"closed","template":"elementor_header_footer","meta":{"footnotes":""},"class_list":["post-26","page","type-page","status-publish","hentry"],"_links":{"self":[{"href":"https:\/\/www.ige.unicamp.br\/lagere-gri\/wp-json\/wp\/v2\/pages\/26","targetHints":{"allow":["GET"]}}],"collection":[{"href":"https:\/\/www.ige.unicamp.br\/lagere-gri\/wp-json\/wp\/v2\/pages"}],"about":[{"href":"https:\/\/www.ige.unicamp.br\/lagere-gri\/wp-json\/wp\/v2\/types\/page"}],"author":[{"embeddable":true,"href":"https:\/\/www.ige.unicamp.br\/lagere-gri\/wp-json\/wp\/v2\/users\/151"}],"replies":[{"embeddable":true,"href":"https:\/\/www.ige.unicamp.br\/lagere-gri\/wp-json\/wp\/v2\/comments?post=26"}],"version-history":[{"count":28,"href":"https:\/\/www.ige.unicamp.br\/lagere-gri\/wp-json\/wp\/v2\/pages\/26\/revisions"}],"predecessor-version":[{"id":321,"href":"https:\/\/www.ige.unicamp.br\/lagere-gri\/wp-json\/wp\/v2\/pages\/26\/revisions\/321"}],"wp:attachment":[{"href":"https:\/\/www.ige.unicamp.br\/lagere-gri\/wp-json\/wp\/v2\/media?parent=26"}],"curies":[{"name":"wp","href":"https:\/\/api.w.org\/{rel}","templated":true}]}}