{"id":55,"date":"2020-10-07T12:24:06","date_gmt":"2020-10-07T15:24:06","guid":{"rendered":"https:\/\/www.ige.unicamp.br\/leve\/?page_id=55"},"modified":"2021-07-22T19:43:34","modified_gmt":"2021-07-22T22:43:34","slug":"parcerias","status":"publish","type":"page","link":"https:\/\/www.ige.unicamp.br\/leve\/parcerias\/","title":{"rendered":"Parcerias"},"content":{"rendered":"\n<p>Abaixo listamos alguns dos trabalhos que fizemos em parceria com Empresas e Institui\u00e7\u00f5es.<\/p>\n\n\n\n<ul class=\"wp-block-list\"><li><strong>Emotive<\/strong><\/li><li><strong>PPROMOBe<\/strong><\/li><li><strong>CHAMADA 22<\/strong><\/li><li><strong>PNME 2020<\/strong><\/li><\/ul>\n\n\n\n<h2 class=\"wp-block-heading\"><strong>EMOTIVE<\/strong><\/h2>\n\n\n\n<p>Projeto P&amp;D ANEEL CPFL (2015-2017) \u201cViabilidade da cria\u00e7\u00e3o de um cluster de mobilidade eletrica no Brasil: Caracteriza\u00e7\u00e3o da cadeia de valor e das politicas regulatorias e de incentivo\u201d<\/p>\n\n\n\n<figure class=\"wp-block-image size-large\"><img loading=\"lazy\" decoding=\"async\" width=\"1024\" height=\"498\" src=\"https:\/\/www.ige.unicamp.br\/leve\/wp-content\/uploads\/sites\/46\/2021\/03\/Leve-Unicamp-EMOTIVE-1024x498.png\" alt=\"\" class=\"wp-image-89\" srcset=\"https:\/\/www.ige.unicamp.br\/leve\/wp-content\/uploads\/sites\/46\/2021\/03\/Leve-Unicamp-EMOTIVE-1024x498.png 1024w, https:\/\/www.ige.unicamp.br\/leve\/wp-content\/uploads\/sites\/46\/2021\/03\/Leve-Unicamp-EMOTIVE-300x146.png 300w, https:\/\/www.ige.unicamp.br\/leve\/wp-content\/uploads\/sites\/46\/2021\/03\/Leve-Unicamp-EMOTIVE-768x373.png 768w, https:\/\/www.ige.unicamp.br\/leve\/wp-content\/uploads\/sites\/46\/2021\/03\/Leve-Unicamp-EMOTIVE.png 1411w\" sizes=\"auto, (max-width: 1024px) 100vw, 1024px\" \/><\/figure>\n\n\n\n<h2 class=\"wp-block-heading\"><strong>PPROMOBe<\/strong><\/h2>\n\n\n\n<p><strong>Parceria com a GIZ (2017- 2020)<\/strong><\/p>\n\n\n\n<p>Suporte ao MDIC na elabora\u00e7\u00e3o do Plano Nacional de Electromobilidade e o estudo sobre o estado da arte em redes de mobilidade el\u00e9trica com vistas \u00e0 estrutura\u00e7\u00e3o da \u201cREDE DE INOVA\u00c7\u00c3O DO SETOR EL\u00c9TRICO- RISE\u201d<\/p>\n\n\n\n<figure class=\"wp-block-image size-large\"><img loading=\"lazy\" decoding=\"async\" width=\"1024\" height=\"767\" src=\"https:\/\/www.ige.unicamp.br\/leve\/wp-content\/uploads\/sites\/46\/2021\/03\/Leve-Unicamp-PPROMOBe-1024x767.png\" alt=\"\" class=\"wp-image-90\" srcset=\"https:\/\/www.ige.unicamp.br\/leve\/wp-content\/uploads\/sites\/46\/2021\/03\/Leve-Unicamp-PPROMOBe-1024x767.png 1024w, https:\/\/www.ige.unicamp.br\/leve\/wp-content\/uploads\/sites\/46\/2021\/03\/Leve-Unicamp-PPROMOBe-300x225.png 300w, https:\/\/www.ige.unicamp.br\/leve\/wp-content\/uploads\/sites\/46\/2021\/03\/Leve-Unicamp-PPROMOBe-768x576.png 768w, https:\/\/www.ige.unicamp.br\/leve\/wp-content\/uploads\/sites\/46\/2021\/03\/Leve-Unicamp-PPROMOBe.png 1433w\" sizes=\"auto, (max-width: 1024px) 100vw, 1024px\" \/><\/figure>\n\n\n\n<h2 class=\"wp-block-heading\"><strong>CHAMADA 22<\/strong><\/h2>\n\n\n\n<p>Projeto CPFL: eletromobilidade e Recursos Energ\u00e9ticos distribuidos: Plataforma para ambientes urbanos inteligentes e modelos de negocios viabilizadores<\/p>\n\n\n\n<ol class=\"wp-block-list\"><li>Forma\u00e7\u00e3o de RISE visando potencializar a operacionaliza\u00e7\u00e3o de novas solu\u00e7\u00f5es para eletromobilidade no pa\u00eds.<\/li><li>Implemantar e manter Living Labs (Campinas e RS) para experimenta\u00e7\u00e3o das novas solu\u00e7\u00f5es (Recarga Remunerada, Tomadas Inteligentes, Gest\u00e3o de DERs para recarga) e seus modelos de neg\u00f3cios.<\/li><li>Desenvolvimento de plataforma de software (Aplica\u00e7\u00f5es + Middleware + dados) aderente ao conceito IoT para suporte \u00e0 experimenta\u00e7\u00e3o e evolu\u00e7\u00e3o das solu\u00e7\u00f5es do projeto.<\/li><\/ol>\n\n\n\n<figure class=\"wp-block-image size-large\"><img loading=\"lazy\" decoding=\"async\" width=\"1024\" height=\"551\" src=\"https:\/\/www.ige.unicamp.br\/leve\/wp-content\/uploads\/sites\/46\/2021\/03\/Leve-Unicamp-Chamada-22-1024x551.png\" alt=\"\" class=\"wp-image-91\" srcset=\"https:\/\/www.ige.unicamp.br\/leve\/wp-content\/uploads\/sites\/46\/2021\/03\/Leve-Unicamp-Chamada-22-1024x551.png 1024w, https:\/\/www.ige.unicamp.br\/leve\/wp-content\/uploads\/sites\/46\/2021\/03\/Leve-Unicamp-Chamada-22-300x161.png 300w, https:\/\/www.ige.unicamp.br\/leve\/wp-content\/uploads\/sites\/46\/2021\/03\/Leve-Unicamp-Chamada-22-768x413.png 768w, https:\/\/www.ige.unicamp.br\/leve\/wp-content\/uploads\/sites\/46\/2021\/03\/Leve-Unicamp-Chamada-22.png 1434w\" sizes=\"auto, (max-width: 1024px) 100vw, 1024px\" \/><\/figure>\n\n\n\n<h2 class=\"wp-block-heading\">Parceria com a Plataforma Nacional de Mobilidade El\u00e9trica PNME (2020)<\/h2>\n\n\n\n<figure class=\"wp-block-image size-large\"><img loading=\"lazy\" decoding=\"async\" width=\"1024\" height=\"576\" src=\"https:\/\/www.ige.unicamp.br\/leve\/wp-content\/uploads\/sites\/46\/2021\/07\/Screenshot-from-2021-07-22-18-40-59-1024x576.png\" alt=\"Plataforma Nacional de Mobilidade El\u00e9trica PNME\" class=\"wp-image-468\" srcset=\"https:\/\/www.ige.unicamp.br\/leve\/wp-content\/uploads\/sites\/46\/2021\/07\/Screenshot-from-2021-07-22-18-40-59-1024x576.png 1024w, https:\/\/www.ige.unicamp.br\/leve\/wp-content\/uploads\/sites\/46\/2021\/07\/Screenshot-from-2021-07-22-18-40-59-300x169.png 300w, https:\/\/www.ige.unicamp.br\/leve\/wp-content\/uploads\/sites\/46\/2021\/07\/Screenshot-from-2021-07-22-18-40-59-768x432.png 768w, https:\/\/www.ige.unicamp.br\/leve\/wp-content\/uploads\/sites\/46\/2021\/07\/Screenshot-from-2021-07-22-18-40-59-1536x864.png 1536w, https:\/\/www.ige.unicamp.br\/leve\/wp-content\/uploads\/sites\/46\/2021\/07\/Screenshot-from-2021-07-22-18-40-59.png 1920w\" sizes=\"auto, (max-width: 1024px) 100vw, 1024px\" \/><\/figure>\n\n\n\n<p><strong>Veja tamb\u00e9m:<\/strong><\/p>\n\n\n\n<h3 class=\"wp-block-heading\">Ebook para Disciplinas sobre Mobilidade de Baixa Emiss\u00e3o<\/h3>\n\n\n\n<p>eBook direcionado para cursos de ensino superior relacionados \u00e0 tem\u00e1tica &#8211; <a href=\"https:\/\/www.pnme.org.br\/biblioteca\/mobilidade-de-baixa-emissao-eficiencia-energetica-e-tecnologias-de-eletrificacao-veicular\/\">clique no link para download<\/a>.<\/p>\n","protected":false},"excerpt":{"rendered":"<p>Abaixo listamos alguns dos trabalhos que fizemos em parceria com Empresas e Institui\u00e7\u00f5es. Emotive PPROMOBe CHAMADA 22 PNME 2020 EMOTIVE Projeto P&amp;D ANEEL CPFL (2015-2017) \u201cViabilidade da cria\u00e7\u00e3o de um cluster de mobilidade eletrica no Brasil: Caracteriza\u00e7\u00e3o da cadeia de valor e das politicas regulatorias e de incentivo\u201d PPROMOBe Parceria [&hellip;]<\/p>\n","protected":false},"author":135,"featured_media":0,"parent":0,"menu_order":0,"comment_status":"closed","ping_status":"closed","template":"page-templates\/template-fullwidth.php","meta":{"_exactmetrics_skip_tracking":false,"_exactmetrics_sitenote_active":false,"_exactmetrics_sitenote_note":"","_exactmetrics_sitenote_category":0,"footnotes":""},"class_list":["post-55","page","type-page","status-publish","hentry"],"yoast_head":"<!-- This site is optimized with the Yoast SEO plugin v27.5 - https:\/\/yoast.com\/product\/yoast-seo-wordpress\/ -->\n<title>Parcerias - Leve - Laborat\u00f3rio de Estudos do Ve\u00edculo El\u00e9trico<\/title>\n<meta name=\"robots\" content=\"index, follow, max-snippet:-1, max-image-preview:large, max-video-preview:-1\" \/>\n<link rel=\"canonical\" href=\"https:\/\/www.ige.unicamp.br\/leve\/parcerias\/\" \/>\n<meta property=\"og:locale\" content=\"pt_BR\" \/>\n<meta property=\"og:type\" content=\"article\" \/>\n<meta property=\"og:title\" content=\"Parcerias - Leve - Laborat\u00f3rio de Estudos do Ve\u00edculo El\u00e9trico\" \/>\n<meta property=\"og:description\" content=\"Abaixo listamos alguns dos trabalhos que fizemos em parceria com Empresas e Institui\u00e7\u00f5es. Emotive PPROMOBe CHAMADA 22 PNME 2020 EMOTIVE Projeto P&amp;D ANEEL CPFL (2015-2017) \u201cViabilidade da cria\u00e7\u00e3o de um cluster de mobilidade eletrica no Brasil: Caracteriza\u00e7\u00e3o da cadeia de valor e das politicas regulatorias e de incentivo\u201d PPROMOBe Parceria [&hellip;]\" \/>\n<meta property=\"og:url\" content=\"https:\/\/www.ige.unicamp.br\/leve\/parcerias\/\" \/>\n<meta property=\"og:site_name\" content=\"Leve - Laborat\u00f3rio de Estudos do Ve\u00edculo El\u00e9trico\" \/>\n<meta property=\"article:modified_time\" content=\"2021-07-22T22:43:34+00:00\" \/>\n<meta property=\"og:image\" content=\"https:\/\/www.ige.unicamp.br\/leve\/wp-content\/uploads\/sites\/46\/2021\/03\/Leve-Unicamp-EMOTIVE-1024x498.png\" \/>\n<meta name=\"twitter:card\" content=\"summary_large_image\" \/>\n<meta name=\"twitter:label1\" content=\"Est. tempo de leitura\" \/>\n\t<meta name=\"twitter:data1\" content=\"2 minutos\" \/>\n<script type=\"application\/ld+json\" class=\"yoast-schema-graph\">{\"@context\":\"https:\\\/\\\/schema.org\",\"@graph\":[{\"@type\":\"WebPage\",\"@id\":\"https:\\\/\\\/www.ige.unicamp.br\\\/leve\\\/parcerias\\\/\",\"url\":\"https:\\\/\\\/www.ige.unicamp.br\\\/leve\\\/parcerias\\\/\",\"name\":\"Parcerias - Leve - Laborat\u00f3rio de Estudos do Ve\u00edculo El\u00e9trico\",\"isPartOf\":{\"@id\":\"https:\\\/\\\/www.ige.unicamp.br\\\/leve\\\/#website\"},\"primaryImageOfPage\":{\"@id\":\"https:\\\/\\\/www.ige.unicamp.br\\\/leve\\\/parcerias\\\/#primaryimage\"},\"image\":{\"@id\":\"https:\\\/\\\/www.ige.unicamp.br\\\/leve\\\/parcerias\\\/#primaryimage\"},\"thumbnailUrl\":\"https:\\\/\\\/www.ige.unicamp.br\\\/leve\\\/wp-content\\\/uploads\\\/sites\\\/46\\\/2021\\\/03\\\/Leve-Unicamp-EMOTIVE-1024x498.png\",\"datePublished\":\"2020-10-07T15:24:06+00:00\",\"dateModified\":\"2021-07-22T22:43:34+00:00\",\"breadcrumb\":{\"@id\":\"https:\\\/\\\/www.ige.unicamp.br\\\/leve\\\/parcerias\\\/#breadcrumb\"},\"inLanguage\":\"pt-BR\",\"potentialAction\":[{\"@type\":\"ReadAction\",\"target\":[\"https:\\\/\\\/www.ige.unicamp.br\\\/leve\\\/parcerias\\\/\"]}]},{\"@type\":\"ImageObject\",\"inLanguage\":\"pt-BR\",\"@id\":\"https:\\\/\\\/www.ige.unicamp.br\\\/leve\\\/parcerias\\\/#primaryimage\",\"url\":\"https:\\\/\\\/www.ige.unicamp.br\\\/leve\\\/wp-content\\\/uploads\\\/sites\\\/46\\\/2021\\\/03\\\/Leve-Unicamp-EMOTIVE.png\",\"contentUrl\":\"https:\\\/\\\/www.ige.unicamp.br\\\/leve\\\/wp-content\\\/uploads\\\/sites\\\/46\\\/2021\\\/03\\\/Leve-Unicamp-EMOTIVE.png\",\"width\":1411,\"height\":686},{\"@type\":\"BreadcrumbList\",\"@id\":\"https:\\\/\\\/www.ige.unicamp.br\\\/leve\\\/parcerias\\\/#breadcrumb\",\"itemListElement\":[{\"@type\":\"ListItem\",\"position\":1,\"name\":\"In\u00edcio\",\"item\":\"https:\\\/\\\/www.ige.unicamp.br\\\/leve\\\/\"},{\"@type\":\"ListItem\",\"position\":2,\"name\":\"Parcerias\"}]},{\"@type\":\"WebSite\",\"@id\":\"https:\\\/\\\/www.ige.unicamp.br\\\/leve\\\/#website\",\"url\":\"https:\\\/\\\/www.ige.unicamp.br\\\/leve\\\/\",\"name\":\"Leve - Laborat\u00f3rio de Estudos do Ve\u00edculo El\u00e9trico\",\"description\":\"Leve - Laborat\u00f3rio de Estudos do Ve\u00edculo El\u00e9trico\",\"publisher\":{\"@id\":\"https:\\\/\\\/www.ige.unicamp.br\\\/leve\\\/#organization\"},\"potentialAction\":[{\"@type\":\"SearchAction\",\"target\":{\"@type\":\"EntryPoint\",\"urlTemplate\":\"https:\\\/\\\/www.ige.unicamp.br\\\/leve\\\/?s={search_term_string}\"},\"query-input\":{\"@type\":\"PropertyValueSpecification\",\"valueRequired\":true,\"valueName\":\"search_term_string\"}}],\"inLanguage\":\"pt-BR\"},{\"@type\":\"Organization\",\"@id\":\"https:\\\/\\\/www.ige.unicamp.br\\\/leve\\\/#organization\",\"name\":\"Leve - Laborat\u00f3rio de Estudos do Ve\u00edculo El\u00e9trico\",\"url\":\"https:\\\/\\\/www.ige.unicamp.br\\\/leve\\\/\",\"logo\":{\"@type\":\"ImageObject\",\"inLanguage\":\"pt-BR\",\"@id\":\"https:\\\/\\\/www.ige.unicamp.br\\\/leve\\\/#\\\/schema\\\/logo\\\/image\\\/\",\"url\":\"https:\\\/\\\/www.ige.unicamp.br\\\/leve\\\/wp-content\\\/uploads\\\/sites\\\/46\\\/2021\\\/07\\\/leve.png\",\"contentUrl\":\"https:\\\/\\\/www.ige.unicamp.br\\\/leve\\\/wp-content\\\/uploads\\\/sites\\\/46\\\/2021\\\/07\\\/leve.png\",\"width\":1043,\"height\":176,\"caption\":\"Leve - Laborat\u00f3rio de Estudos do Ve\u00edculo El\u00e9trico\"},\"image\":{\"@id\":\"https:\\\/\\\/www.ige.unicamp.br\\\/leve\\\/#\\\/schema\\\/logo\\\/image\\\/\"}}]}<\/script>\n<!-- \/ Yoast SEO plugin. -->","yoast_head_json":{"title":"Parcerias - Leve - Laborat\u00f3rio de Estudos do Ve\u00edculo El\u00e9trico","robots":{"index":"index","follow":"follow","max-snippet":"max-snippet:-1","max-image-preview":"max-image-preview:large","max-video-preview":"max-video-preview:-1"},"canonical":"https:\/\/www.ige.unicamp.br\/leve\/parcerias\/","og_locale":"pt_BR","og_type":"article","og_title":"Parcerias - Leve - Laborat\u00f3rio de Estudos do Ve\u00edculo El\u00e9trico","og_description":"Abaixo listamos alguns dos trabalhos que fizemos em parceria com Empresas e Institui\u00e7\u00f5es. Emotive PPROMOBe CHAMADA 22 PNME 2020 EMOTIVE Projeto P&amp;D ANEEL CPFL (2015-2017) \u201cViabilidade da cria\u00e7\u00e3o de um cluster de mobilidade eletrica no Brasil: Caracteriza\u00e7\u00e3o da cadeia de valor e das politicas regulatorias e de incentivo\u201d PPROMOBe Parceria [&hellip;]","og_url":"https:\/\/www.ige.unicamp.br\/leve\/parcerias\/","og_site_name":"Leve - Laborat\u00f3rio de Estudos do Ve\u00edculo El\u00e9trico","article_modified_time":"2021-07-22T22:43:34+00:00","og_image":[{"url":"https:\/\/www.ige.unicamp.br\/leve\/wp-content\/uploads\/sites\/46\/2021\/03\/Leve-Unicamp-EMOTIVE-1024x498.png","type":"","width":"","height":""}],"twitter_card":"summary_large_image","twitter_misc":{"Est. tempo de leitura":"2 minutos"},"schema":{"@context":"https:\/\/schema.org","@graph":[{"@type":"WebPage","@id":"https:\/\/www.ige.unicamp.br\/leve\/parcerias\/","url":"https:\/\/www.ige.unicamp.br\/leve\/parcerias\/","name":"Parcerias - Leve - Laborat\u00f3rio de Estudos do Ve\u00edculo El\u00e9trico","isPartOf":{"@id":"https:\/\/www.ige.unicamp.br\/leve\/#website"},"primaryImageOfPage":{"@id":"https:\/\/www.ige.unicamp.br\/leve\/parcerias\/#primaryimage"},"image":{"@id":"https:\/\/www.ige.unicamp.br\/leve\/parcerias\/#primaryimage"},"thumbnailUrl":"https:\/\/www.ige.unicamp.br\/leve\/wp-content\/uploads\/sites\/46\/2021\/03\/Leve-Unicamp-EMOTIVE-1024x498.png","datePublished":"2020-10-07T15:24:06+00:00","dateModified":"2021-07-22T22:43:34+00:00","breadcrumb":{"@id":"https:\/\/www.ige.unicamp.br\/leve\/parcerias\/#breadcrumb"},"inLanguage":"pt-BR","potentialAction":[{"@type":"ReadAction","target":["https:\/\/www.ige.unicamp.br\/leve\/parcerias\/"]}]},{"@type":"ImageObject","inLanguage":"pt-BR","@id":"https:\/\/www.ige.unicamp.br\/leve\/parcerias\/#primaryimage","url":"https:\/\/www.ige.unicamp.br\/leve\/wp-content\/uploads\/sites\/46\/2021\/03\/Leve-Unicamp-EMOTIVE.png","contentUrl":"https:\/\/www.ige.unicamp.br\/leve\/wp-content\/uploads\/sites\/46\/2021\/03\/Leve-Unicamp-EMOTIVE.png","width":1411,"height":686},{"@type":"BreadcrumbList","@id":"https:\/\/www.ige.unicamp.br\/leve\/parcerias\/#breadcrumb","itemListElement":[{"@type":"ListItem","position":1,"name":"In\u00edcio","item":"https:\/\/www.ige.unicamp.br\/leve\/"},{"@type":"ListItem","position":2,"name":"Parcerias"}]},{"@type":"WebSite","@id":"https:\/\/www.ige.unicamp.br\/leve\/#website","url":"https:\/\/www.ige.unicamp.br\/leve\/","name":"Leve - Laborat\u00f3rio de Estudos do Ve\u00edculo El\u00e9trico","description":"Leve - Laborat\u00f3rio de Estudos do Ve\u00edculo El\u00e9trico","publisher":{"@id":"https:\/\/www.ige.unicamp.br\/leve\/#organization"},"potentialAction":[{"@type":"SearchAction","target":{"@type":"EntryPoint","urlTemplate":"https:\/\/www.ige.unicamp.br\/leve\/?s={search_term_string}"},"query-input":{"@type":"PropertyValueSpecification","valueRequired":true,"valueName":"search_term_string"}}],"inLanguage":"pt-BR"},{"@type":"Organization","@id":"https:\/\/www.ige.unicamp.br\/leve\/#organization","name":"Leve - Laborat\u00f3rio de Estudos do Ve\u00edculo El\u00e9trico","url":"https:\/\/www.ige.unicamp.br\/leve\/","logo":{"@type":"ImageObject","inLanguage":"pt-BR","@id":"https:\/\/www.ige.unicamp.br\/leve\/#\/schema\/logo\/image\/","url":"https:\/\/www.ige.unicamp.br\/leve\/wp-content\/uploads\/sites\/46\/2021\/07\/leve.png","contentUrl":"https:\/\/www.ige.unicamp.br\/leve\/wp-content\/uploads\/sites\/46\/2021\/07\/leve.png","width":1043,"height":176,"caption":"Leve - Laborat\u00f3rio de Estudos do Ve\u00edculo El\u00e9trico"},"image":{"@id":"https:\/\/www.ige.unicamp.br\/leve\/#\/schema\/logo\/image\/"}}]}},"_links":{"self":[{"href":"https:\/\/www.ige.unicamp.br\/leve\/wp-json\/wp\/v2\/pages\/55","targetHints":{"allow":["GET"]}}],"collection":[{"href":"https:\/\/www.ige.unicamp.br\/leve\/wp-json\/wp\/v2\/pages"}],"about":[{"href":"https:\/\/www.ige.unicamp.br\/leve\/wp-json\/wp\/v2\/types\/page"}],"author":[{"embeddable":true,"href":"https:\/\/www.ige.unicamp.br\/leve\/wp-json\/wp\/v2\/users\/135"}],"replies":[{"embeddable":true,"href":"https:\/\/www.ige.unicamp.br\/leve\/wp-json\/wp\/v2\/comments?post=55"}],"version-history":[{"count":10,"href":"https:\/\/www.ige.unicamp.br\/leve\/wp-json\/wp\/v2\/pages\/55\/revisions"}],"predecessor-version":[{"id":486,"href":"https:\/\/www.ige.unicamp.br\/leve\/wp-json\/wp\/v2\/pages\/55\/revisions\/486"}],"wp:attachment":[{"href":"https:\/\/www.ige.unicamp.br\/leve\/wp-json\/wp\/v2\/media?parent=55"}],"curies":[{"name":"wp","href":"https:\/\/api.w.org\/{rel}","templated":true}]}}