{"id":1115,"date":"2022-11-03T09:58:39","date_gmt":"2022-11-03T09:58:39","guid":{"rendered":"https:\/\/www.ige.unicamp.br\/neal\/?page_id=1115"},"modified":"2024-11-02T13:35:05","modified_gmt":"2024-11-02T16:35:05","slug":"capes","status":"publish","type":"page","link":"https:\/\/www.ige.unicamp.br\/neal\/capes\/","title":{"rendered":"CAPES &#8211; Coordena\u00e7\u00e3o de Aperfei\u00e7oamento de Pessoal de N\u00edvel Superior"},"content":{"rendered":"\n<div class=\"wp-block-media-text alignwide is-stacked-on-mobile\" style=\"grid-template-columns:15% auto\"><figure class=\"wp-block-media-text__media\"><img fetchpriority=\"high\" decoding=\"async\" width=\"512\" height=\"623\" src=\"https:\/\/www.ige.unicamp.br\/neal\/wp-content\/uploads\/sites\/10\/2021\/04\/RalphCharles.jpg\" alt=\"\" class=\"wp-image-652 size-full\" srcset=\"https:\/\/www.ige.unicamp.br\/neal\/wp-content\/uploads\/sites\/10\/2021\/04\/RalphCharles.jpg 512w, https:\/\/www.ige.unicamp.br\/neal\/wp-content\/uploads\/sites\/10\/2021\/04\/RalphCharles-247x300.jpg 247w\" sizes=\"(max-width: 512px) 100vw, 512px\" \/><\/figure><div class=\"wp-block-media-text__content\">\n<p class=\"has-large-font-size\"><p style=\"text-align: justify\"><b><a href=\"http:\/\/lattes.cnpq.br\/1711043786133773\" target=\"_blank\" rel=\"noopener\">Ralph Charles<\/a><\/b>\n<p class=\"has-large-font-size\"><p style=\"text-align: justify\"><b><a href=\"http:\/\/lattes.cnpq.br\/1711043786133773\" target=\"_blank\" rel=\"noopener\">TESE: O Estado Ambiental do Departamento Oeste do Haiti sob Tutela Geossist\u00eamica<\/a><\/b><\/p>\n<\/div><\/div>\n\n\n\n<div class=\"wp-block-media-text alignwide is-stacked-on-mobile\" style=\"grid-template-columns:15% auto\"><figure class=\"wp-block-media-text__media\"><img decoding=\"async\" width=\"200\" height=\"200\" src=\"https:\/\/www.ige.unicamp.br\/neal\/wp-content\/uploads\/sites\/10\/2022\/11\/perfil_mini.jpg\" alt=\"\" class=\"wp-image-1148 size-full\" srcset=\"https:\/\/www.ige.unicamp.br\/neal\/wp-content\/uploads\/sites\/10\/2022\/11\/perfil_mini.jpg 200w, https:\/\/www.ige.unicamp.br\/neal\/wp-content\/uploads\/sites\/10\/2022\/11\/perfil_mini-150x150.jpg 150w\" sizes=\"(max-width: 200px) 100vw, 200px\" \/><\/figure><div class=\"wp-block-media-text__content\">\n<p class=\"has-large-font-size\"><p style=\"text-align: justify\"><b><a href=\"http:\/\/lattes.cnpq.br\/6229348489862340\" target=\"_blank\" rel=\"noopener\">Samuel de Amaral Macedo<\/a><\/b><p class=\"has-large-font-size\"><p style=\"text-align: justify\"><b><a href=\"http:\/\/lattes.cnpq.br\/6229348489862340\" target=\"_blank\" rel=\"noopener\"> TESE: Proposta de Zoneamento Geoambiental para o munic\u00edpio de Cairu &#8211; Bahia<\/a><\/b><\/p>\n<\/div><\/div>\n\n\n\n<div class=\"wp-block-media-text alignwide is-stacked-on-mobile\" style=\"grid-template-columns:15% auto\"><figure class=\"wp-block-media-text__media\"><img decoding=\"async\" width=\"705\" height=\"933\" src=\"https:\/\/www.ige.unicamp.br\/neal\/wp-content\/uploads\/sites\/10\/2021\/04\/Marly.jpg\" alt=\"\" class=\"wp-image-641 size-full\" srcset=\"https:\/\/www.ige.unicamp.br\/neal\/wp-content\/uploads\/sites\/10\/2021\/04\/Marly.jpg 705w, https:\/\/www.ige.unicamp.br\/neal\/wp-content\/uploads\/sites\/10\/2021\/04\/Marly-227x300.jpg 227w\" sizes=\"(max-width: 705px) 100vw, 705px\" \/><\/figure><div class=\"wp-block-media-text__content\">\n<p class=\"has-large-font-size\"><p style=\"text-align: justify\"><b><a href=\"http:\/\/lattes.cnpq.br\/6702267004826392\" target=\"_blank\" rel=\"noopener\">Marly Silva de Morais <\/a><\/b><p class=\"has-large-font-size\"><p style=\"text-align: justify\"><b><a href=\"http:\/\/lattes.cnpq.br\/6702267004826392\" target=\"_blank\" rel=\"noopener\"> TESE: Proposta de Zoneamento Geoambiental da Ilha do Maranh\u00e3o &#8211; um subs\u00eddio ao planejamento ambiental<\/a><\/b><\/p>\n<\/div><\/div>\n\n\n\n<div class=\"wp-block-media-text alignwide is-stacked-on-mobile\" style=\"grid-template-columns:15% auto\"><figure class=\"wp-block-media-text__media\"><img loading=\"lazy\" decoding=\"async\" width=\"701\" height=\"1024\" src=\"https:\/\/www.ige.unicamp.br\/neal\/wp-content\/uploads\/sites\/10\/2022\/04\/servletrecuperafoto-701x1024.jpg\" alt=\"\" class=\"wp-image-951 size-full\" srcset=\"https:\/\/www.ige.unicamp.br\/neal\/wp-content\/uploads\/sites\/10\/2022\/04\/servletrecuperafoto-701x1024.jpg 701w, https:\/\/www.ige.unicamp.br\/neal\/wp-content\/uploads\/sites\/10\/2022\/04\/servletrecuperafoto-205x300.jpg 205w, https:\/\/www.ige.unicamp.br\/neal\/wp-content\/uploads\/sites\/10\/2022\/04\/servletrecuperafoto-768x1122.jpg 768w, https:\/\/www.ige.unicamp.br\/neal\/wp-content\/uploads\/sites\/10\/2022\/04\/servletrecuperafoto-1051x1536.jpg 1051w, https:\/\/www.ige.unicamp.br\/neal\/wp-content\/uploads\/sites\/10\/2022\/04\/servletrecuperafoto-1402x2048.jpg 1402w, https:\/\/www.ige.unicamp.br\/neal\/wp-content\/uploads\/sites\/10\/2022\/04\/servletrecuperafoto-scaled.jpg 1752w\" sizes=\"(max-width: 701px) 100vw, 701px\" \/><\/figure><div class=\"wp-block-media-text__content\">\n<p class=\"has-large-font-size\"><p style=\"text-align: justify\"><b><a href=\"http:\/\/lattes.cnpq.br\/8107404417692236\" target=\"_blank\" rel=\"noopener\">Mariana Correia Aquino<\/a><\/b><p class=\"has-large-font-size\"><p style=\"text-align: justify\"><b><a href=\"http:\/\/lattes.cnpq.br\/8107404417692236\" target=\"_blank\" rel=\"noopener\">TESE: Diagn\u00f3stico e Progn\u00f3stico de fragilidades ambientais \u00e0 eros\u00e3o na plan\u00edcie costeira de Fortaleza e Caucaia, CE<\/a><\/b><\/p>\n<\/div><\/div>\n\n\n\n<div class=\"wp-block-media-text alignwide is-stacked-on-mobile\" style=\"grid-template-columns:15% auto\"><figure class=\"wp-block-media-text__media\"><img loading=\"lazy\" decoding=\"async\" width=\"442\" height=\"590\" src=\"https:\/\/www.ige.unicamp.br\/neal\/wp-content\/uploads\/sites\/10\/2022\/04\/servletrecuperafoto-1.jpg\" alt=\"\" class=\"wp-image-952 size-full\" srcset=\"https:\/\/www.ige.unicamp.br\/neal\/wp-content\/uploads\/sites\/10\/2022\/04\/servletrecuperafoto-1.jpg 442w, https:\/\/www.ige.unicamp.br\/neal\/wp-content\/uploads\/sites\/10\/2022\/04\/servletrecuperafoto-1-225x300.jpg 225w\" sizes=\"(max-width: 442px) 100vw, 442px\" \/><\/figure><div class=\"wp-block-media-text__content\">\n<p class=\"has-large-font-size\"><p style=\"text-align: justify\"><b><a href=\"http:\/\/lattes.cnpq.br\/3162364483597991\" target=\"_blank\" rel=\"noopener\">Diego Silva Salvador<\/a><\/b>\n<\/div><\/div>\n\n\n\n<div class=\"wp-block-media-text alignwide is-stacked-on-mobile\" style=\"grid-template-columns:15% auto\"><figure class=\"wp-block-media-text__media\"><img loading=\"lazy\" decoding=\"async\" width=\"796\" height=\"746\" src=\"https:\/\/www.ige.unicamp.br\/neal\/wp-content\/uploads\/sites\/10\/2023\/05\/servletrecuperafoto123.jpg\" alt=\"\" class=\"wp-image-1496 size-full\" srcset=\"https:\/\/www.ige.unicamp.br\/neal\/wp-content\/uploads\/sites\/10\/2023\/05\/servletrecuperafoto123.jpg 796w, https:\/\/www.ige.unicamp.br\/neal\/wp-content\/uploads\/sites\/10\/2023\/05\/servletrecuperafoto123-300x281.jpg 300w, https:\/\/www.ige.unicamp.br\/neal\/wp-content\/uploads\/sites\/10\/2023\/05\/servletrecuperafoto123-768x720.jpg 768w\" sizes=\"(max-width: 796px) 100vw, 796px\" \/><\/figure><div class=\"wp-block-media-text__content\">\n<p class=\"has-large-font-size\"><p style=\"text-align: justify\"><b><a href=\"http:\/\/lattes.cnpq.br\/7594501546544582\" target=\"_blank\" rel=\"noopener\">Sarah Andrade Sampaio (2022 &#8211; atual)<\/a><\/b><p class=\"has-large-font-size\"><p style=\"text-align: justify\"><b><a href=\"http:\/\/lattes.cnpq.br\/7594501546544582\" target=\"_blank\" rel=\"noopener\">TESE: Zoneamento Geoambiental da Regi\u00e3o Costa do Dend\u00ea, Bahia, subs\u00eddios ao ordenamento e gest\u00e3o do territ\u00f3rio<\/a><\/b><\/p>\n<\/div><\/div>\n\n\n\n<div class=\"wp-block-media-text alignwide is-stacked-on-mobile\" style=\"grid-template-columns:15% auto\"><figure class=\"wp-block-media-text__media\"><img loading=\"lazy\" decoding=\"async\" width=\"616\" height=\"1024\" src=\"https:\/\/www.ige.unicamp.br\/neal\/wp-content\/uploads\/sites\/10\/2022\/04\/servletrecuperafoto-3-616x1024.jpg\" alt=\"\" class=\"wp-image-954 size-full\" srcset=\"https:\/\/www.ige.unicamp.br\/neal\/wp-content\/uploads\/sites\/10\/2022\/04\/servletrecuperafoto-3-616x1024.jpg 616w, https:\/\/www.ige.unicamp.br\/neal\/wp-content\/uploads\/sites\/10\/2022\/04\/servletrecuperafoto-3-180x300.jpg 180w, https:\/\/www.ige.unicamp.br\/neal\/wp-content\/uploads\/sites\/10\/2022\/04\/servletrecuperafoto-3-768x1277.jpg 768w, https:\/\/www.ige.unicamp.br\/neal\/wp-content\/uploads\/sites\/10\/2022\/04\/servletrecuperafoto-3.jpg 828w\" sizes=\"(max-width: 616px) 100vw, 616px\" \/><\/figure><div class=\"wp-block-media-text__content\">\n<p class=\"has-large-font-size\"><p style=\"text-align: justify\"><b><a href=\"http:\/\/lattes.cnpq.br\/1405865462042443\" target=\"_blank\" rel=\"noopener\">Idevan Gusm\u00e3o Soares<\/a><\/b><p class=\"has-large-font-size\"><p style=\"text-align: justify\"><b><a href=\"http:\/\/lattes.cnpq.br\/1405865462042443\" target=\"_blank\" rel=\"noopener\">TESE: An\u00e1lise da vulnerabilidade socioambiental da Bacia Hidrogr\u00e1fica do Rio Pregui\u00e7a (MA) sob a perspectiva da Geoecologia da Paisagem<\/a><\/b><\/p>\n<\/div><\/div>\n\n\n\n<div class=\"wp-block-media-text alignwide is-stacked-on-mobile\" style=\"grid-template-columns:15% auto\"><figure class=\"wp-block-media-text__media\"><img loading=\"lazy\" decoding=\"async\" width=\"598\" height=\"797\" src=\"https:\/\/www.ige.unicamp.br\/neal\/wp-content\/uploads\/sites\/10\/2021\/04\/Gabi.jpg\" alt=\"\" class=\"wp-image-678 size-full\" srcset=\"https:\/\/www.ige.unicamp.br\/neal\/wp-content\/uploads\/sites\/10\/2021\/04\/Gabi.jpg 598w, https:\/\/www.ige.unicamp.br\/neal\/wp-content\/uploads\/sites\/10\/2021\/04\/Gabi-225x300.jpg 225w\" sizes=\"(max-width: 598px) 100vw, 598px\" \/><\/figure><div class=\"wp-block-media-text__content\">\n<p class=\"has-large-font-size\"><p style=\"text-align: justify\"><b><a href=\"http:\/\/lattes.cnpq.br\/0373264826845600\" target=\"_blank\" rel=\"noopener\">Gabriela Pereira da Silva<\/a><\/b><p class=\"has-large-font-size\"><p style=\"text-align: justify\"><b><a href=\"http:\/\/lattes.cnpq.br\/0373264826845600\" target=\"_blank\" rel=\"noopener\">TESE: T\u00edtulo ainda n\u00e3o definido<\/a><\/b><\/p>\n<\/div><\/div>\n","protected":false},"excerpt":{"rendered":"<p>Ralph Charles TESE: O Estado Ambiental do Departamento Oeste do Haiti sob Tutela Geossist\u00eamica Samuel de Amaral Macedo TESE: Proposta de Zoneamento Geoambiental para o munic\u00edpio de Cairu &#8211; Bahia Marly Silva de Morais TESE: Proposta de Zoneamento Geoambiental da Ilha do Maranh\u00e3o &#8211; um subs\u00eddio ao planejamento ambiental Mariana Correia Aquino TESE: Diagn\u00f3stico e [&hellip;]<\/p>\n","protected":false},"author":139,"featured_media":0,"parent":0,"menu_order":0,"comment_status":"closed","ping_status":"closed","template":"","meta":{"site-sidebar-layout":"default","site-content-layout":"","ast-site-content-layout":"default","site-content-style":"default","site-sidebar-style":"default","ast-global-header-display":"","ast-banner-title-visibility":"","ast-main-header-display":"","ast-hfb-above-header-display":"","ast-hfb-below-header-display":"","ast-hfb-mobile-header-display":"","site-post-title":"","ast-breadcrumbs-content":"","ast-featured-img":"","footer-sml-layout":"","ast-disable-related-posts":"","theme-transparent-header-meta":"","adv-header-id-meta":"","stick-header-meta":"","header-above-stick-meta":"","header-main-stick-meta":"","header-below-stick-meta":"","astra-migrate-meta-layouts":"set","ast-page-background-enabled":"default","ast-page-background-meta":{"desktop":{"background-color":"var(--ast-global-color-4)","background-image":"","background-repeat":"repeat","background-position":"center center","background-size":"auto","background-attachment":"scroll","background-type":"","background-media":"","overlay-type":"","overlay-color":"","overlay-opacity":"","overlay-gradient":""},"tablet":{"background-color":"","background-image":"","background-repeat":"repeat","background-position":"center center","background-size":"auto","background-attachment":"scroll","background-type":"","background-media":"","overlay-type":"","overlay-color":"","overlay-opacity":"","overlay-gradient":""},"mobile":{"background-color":"","background-image":"","background-repeat":"repeat","background-position":"center center","background-size":"auto","background-attachment":"scroll","background-type":"","background-media":"","overlay-type":"","overlay-color":"","overlay-opacity":"","overlay-gradient":""}},"ast-content-background-meta":{"desktop":{"background-color":"var(--ast-global-color-5)","background-image":"","background-repeat":"repeat","background-position":"center center","background-size":"auto","background-attachment":"scroll","background-type":"","background-media":"","overlay-type":"","overlay-color":"","overlay-opacity":"","overlay-gradient":""},"tablet":{"background-color":"var(--ast-global-color-5)","background-image":"","background-repeat":"repeat","background-position":"center center","background-size":"auto","background-attachment":"scroll","background-type":"","background-media":"","overlay-type":"","overlay-color":"","overlay-opacity":"","overlay-gradient":""},"mobile":{"background-color":"var(--ast-global-color-5)","background-image":"","background-repeat":"repeat","background-position":"center center","background-size":"auto","background-attachment":"scroll","background-type":"","background-media":"","overlay-type":"","overlay-color":"","overlay-opacity":"","overlay-gradient":""}},"footnotes":""},"class_list":["post-1115","page","type-page","status-publish","hentry"],"_links":{"self":[{"href":"https:\/\/www.ige.unicamp.br\/neal\/wp-json\/wp\/v2\/pages\/1115","targetHints":{"allow":["GET"]}}],"collection":[{"href":"https:\/\/www.ige.unicamp.br\/neal\/wp-json\/wp\/v2\/pages"}],"about":[{"href":"https:\/\/www.ige.unicamp.br\/neal\/wp-json\/wp\/v2\/types\/page"}],"author":[{"embeddable":true,"href":"https:\/\/www.ige.unicamp.br\/neal\/wp-json\/wp\/v2\/users\/139"}],"replies":[{"embeddable":true,"href":"https:\/\/www.ige.unicamp.br\/neal\/wp-json\/wp\/v2\/comments?post=1115"}],"version-history":[{"count":47,"href":"https:\/\/www.ige.unicamp.br\/neal\/wp-json\/wp\/v2\/pages\/1115\/revisions"}],"predecessor-version":[{"id":2078,"href":"https:\/\/www.ige.unicamp.br\/neal\/wp-json\/wp\/v2\/pages\/1115\/revisions\/2078"}],"wp:attachment":[{"href":"https:\/\/www.ige.unicamp.br\/neal\/wp-json\/wp\/v2\/media?parent=1115"}],"curies":[{"name":"wp","href":"https:\/\/api.w.org\/{rel}","templated":true}]}}