{"id":1508,"date":"2023-05-22T09:25:32","date_gmt":"2023-05-22T12:25:32","guid":{"rendered":"https:\/\/www.ige.unicamp.br\/neal\/?page_id=1508"},"modified":"2023-05-22T09:30:19","modified_gmt":"2023-05-22T12:30:19","slug":"petrobras-s-a","status":"publish","type":"page","link":"https:\/\/www.ige.unicamp.br\/neal\/petrobras-s-a\/","title":{"rendered":"PETROBR\u00c1S S\/A"},"content":{"rendered":"\n<div class=\"wp-block-media-text alignwide is-stacked-on-mobile\" style=\"grid-template-columns:15% auto\"><figure class=\"wp-block-media-text__media\"><img fetchpriority=\"high\" decoding=\"async\" width=\"1024\" height=\"794\" src=\"https:\/\/www.ige.unicamp.br\/neal\/wp-content\/uploads\/sites\/10\/2021\/04\/fran-1024x794.jpg\" alt=\"\" class=\"wp-image-643 size-full\" srcset=\"https:\/\/www.ige.unicamp.br\/neal\/wp-content\/uploads\/sites\/10\/2021\/04\/fran-1024x794.jpg 1024w, https:\/\/www.ige.unicamp.br\/neal\/wp-content\/uploads\/sites\/10\/2021\/04\/fran-300x233.jpg 300w, https:\/\/www.ige.unicamp.br\/neal\/wp-content\/uploads\/sites\/10\/2021\/04\/fran-768x596.jpg 768w, https:\/\/www.ige.unicamp.br\/neal\/wp-content\/uploads\/sites\/10\/2021\/04\/fran.jpg 1430w\" sizes=\"(max-width: 1024px) 100vw, 1024px\" \/><\/figure><div class=\"wp-block-media-text__content\">\n<p class=\"has-large-font-size\"><p style=\"text-align: justify\"><b><a href=\"http:\/\/lattes.cnpq.br\/7413903178426988\" target=\"_blank\" rel=\"noopener\">Franciele Caroline Guerra<\/a><\/b>\n<p class=\"has-large-font-size\"><p style=\"text-align: justify\"><b><a href=\"http:\/\/lattes.cnpq.br\/7413903178426988\" target=\"_blank\" rel=\"noopener\">BOLSA DE DESENVOLVIMENTO TECNOL\u00d3GICO \u2013 PESQUISADOR FUNDUNESP &#8211; Projeto: \u201cGeoprocessamento e Cartas da Bacia de Santos\u201d (10\/2021 &#8211; 05\/2023)<\/a><\/b><\/p> PROCESSO: 2759\/2018 &#8211; CCP &#8211; PETROBR\u00c1S S\/A\nCoordena\u00e7\u00e3o: Prof. Dr. F\u00e1bio Augusto Gomes Vieira Reis\n<p style=\"text-align: justify\">Inserir resumo do projeto<\/p><\/p>\n<\/div><\/div>\n","protected":false},"excerpt":{"rendered":"<p>Franciele Caroline Guerra BOLSA DE DESENVOLVIMENTO TECNOL\u00d3GICO \u2013 PESQUISADOR FUNDUNESP &#8211; Projeto: \u201cGeoprocessamento e Cartas da Bacia de Santos\u201d (10\/2021 &#8211; 05\/2023) PROCESSO: 2759\/2018 &#8211; CCP &#8211; PETROBR\u00c1S S\/A Coordena\u00e7\u00e3o: Prof. Dr. F\u00e1bio Augusto Gomes Vieira Reis Inserir resumo do projeto<\/p>\n","protected":false},"author":139,"featured_media":0,"parent":0,"menu_order":0,"comment_status":"closed","ping_status":"closed","template":"","meta":{"site-sidebar-layout":"default","site-content-layout":"","ast-site-content-layout":"default","site-content-style":"default","site-sidebar-style":"default","ast-global-header-display":"","ast-banner-title-visibility":"","ast-main-header-display":"","ast-hfb-above-header-display":"","ast-hfb-below-header-display":"","ast-hfb-mobile-header-display":"","site-post-title":"","ast-breadcrumbs-content":"","ast-featured-img":"","footer-sml-layout":"","ast-disable-related-posts":"","theme-transparent-header-meta":"","adv-header-id-meta":"","stick-header-meta":"","header-above-stick-meta":"","header-main-stick-meta":"","header-below-stick-meta":"","astra-migrate-meta-layouts":"default","ast-page-background-enabled":"default","ast-page-background-meta":{"desktop":{"background-color":"var(--ast-global-color-4)","background-image":"","background-repeat":"repeat","background-position":"center center","background-size":"auto","background-attachment":"scroll","background-type":"","background-media":"","overlay-type":"","overlay-color":"","overlay-opacity":"","overlay-gradient":""},"tablet":{"background-color":"","background-image":"","background-repeat":"repeat","background-position":"center center","background-size":"auto","background-attachment":"scroll","background-type":"","background-media":"","overlay-type":"","overlay-color":"","overlay-opacity":"","overlay-gradient":""},"mobile":{"background-color":"","background-image":"","background-repeat":"repeat","background-position":"center center","background-size":"auto","background-attachment":"scroll","background-type":"","background-media":"","overlay-type":"","overlay-color":"","overlay-opacity":"","overlay-gradient":""}},"ast-content-background-meta":{"desktop":{"background-color":"var(--ast-global-color-5)","background-image":"","background-repeat":"repeat","background-position":"center center","background-size":"auto","background-attachment":"scroll","background-type":"","background-media":"","overlay-type":"","overlay-color":"","overlay-opacity":"","overlay-gradient":""},"tablet":{"background-color":"var(--ast-global-color-5)","background-image":"","background-repeat":"repeat","background-position":"center center","background-size":"auto","background-attachment":"scroll","background-type":"","background-media":"","overlay-type":"","overlay-color":"","overlay-opacity":"","overlay-gradient":""},"mobile":{"background-color":"var(--ast-global-color-5)","background-image":"","background-repeat":"repeat","background-position":"center center","background-size":"auto","background-attachment":"scroll","background-type":"","background-media":"","overlay-type":"","overlay-color":"","overlay-opacity":"","overlay-gradient":""}},"footnotes":""},"class_list":["post-1508","page","type-page","status-publish","hentry"],"_links":{"self":[{"href":"https:\/\/www.ige.unicamp.br\/neal\/wp-json\/wp\/v2\/pages\/1508","targetHints":{"allow":["GET"]}}],"collection":[{"href":"https:\/\/www.ige.unicamp.br\/neal\/wp-json\/wp\/v2\/pages"}],"about":[{"href":"https:\/\/www.ige.unicamp.br\/neal\/wp-json\/wp\/v2\/types\/page"}],"author":[{"embeddable":true,"href":"https:\/\/www.ige.unicamp.br\/neal\/wp-json\/wp\/v2\/users\/139"}],"replies":[{"embeddable":true,"href":"https:\/\/www.ige.unicamp.br\/neal\/wp-json\/wp\/v2\/comments?post=1508"}],"version-history":[{"count":3,"href":"https:\/\/www.ige.unicamp.br\/neal\/wp-json\/wp\/v2\/pages\/1508\/revisions"}],"predecessor-version":[{"id":1510,"href":"https:\/\/www.ige.unicamp.br\/neal\/wp-json\/wp\/v2\/pages\/1508\/revisions\/1510"}],"wp:attachment":[{"href":"https:\/\/www.ige.unicamp.br\/neal\/wp-json\/wp\/v2\/media?parent=1508"}],"curies":[{"name":"wp","href":"https:\/\/api.w.org\/{rel}","templated":true}]}}