{"id":2122,"date":"2025-01-08T16:59:04","date_gmt":"2025-01-08T19:59:04","guid":{"rendered":"https:\/\/www.ige.unicamp.br\/neal\/?page_id=2122"},"modified":"2025-02-08T10:05:33","modified_gmt":"2025-02-08T13:05:33","slug":"pos-doc","status":"publish","type":"page","link":"https:\/\/www.ige.unicamp.br\/neal\/pos-doc\/","title":{"rendered":"P\u00f3s-Doutorado"},"content":{"rendered":"\n<div class=\"wp-block-media-text alignwide is-stacked-on-mobile\" style=\"grid-template-columns:18% auto\"><figure class=\"wp-block-media-text__media\"><img fetchpriority=\"high\" decoding=\"async\" width=\"1024\" height=\"1014\" src=\"https:\/\/www.ige.unicamp.br\/neal\/wp-content\/uploads\/sites\/10\/2025\/01\/caio-augusto-marques-dos-santos-1024x1014.jpeg\" alt=\"\" class=\"wp-image-2125 size-full\" srcset=\"https:\/\/www.ige.unicamp.br\/neal\/wp-content\/uploads\/sites\/10\/2025\/01\/caio-augusto-marques-dos-santos-1024x1014.jpeg 1024w, https:\/\/www.ige.unicamp.br\/neal\/wp-content\/uploads\/sites\/10\/2025\/01\/caio-augusto-marques-dos-santos-300x297.jpeg 300w, https:\/\/www.ige.unicamp.br\/neal\/wp-content\/uploads\/sites\/10\/2025\/01\/caio-augusto-marques-dos-santos-150x150.jpeg 150w, https:\/\/www.ige.unicamp.br\/neal\/wp-content\/uploads\/sites\/10\/2025\/01\/caio-augusto-marques-dos-santos-768x761.jpeg 768w, https:\/\/www.ige.unicamp.br\/neal\/wp-content\/uploads\/sites\/10\/2025\/01\/caio-augusto-marques-dos-santos-1536x1521.jpeg 1536w, https:\/\/www.ige.unicamp.br\/neal\/wp-content\/uploads\/sites\/10\/2025\/01\/caio-augusto-marques-dos-santos.jpeg 2000w\" sizes=\"(max-width: 1024px) 100vw, 1024px\" \/><\/figure><div class=\"wp-block-media-text__content\">\n<p class=\"has-large-font-size\"><p style=\"text-align: justify\"><b><a href=\"http:\/\/lattes.cnpq.br\/5010548397365361\" target=\"_blank\" rel=\"noopener\">Caio Augusto Marques dos Santos (2024 &#8211; 2024)<\/a><\/b><\/p>\n<p style=\"text-align: justify\">Possui gradua\u00e7\u00e3o em Geografia pela Unesp de Presidente Prudente (2006), mestrado (2009) e doutorado (2014) pela mesma institui\u00e7\u00e3o. Atualmente \u00e9 professor do curso de Geografia e do Programa de P\u00f3s-Gradua\u00e7\u00e3o em Geografia da Universidade Federal de Rondon\u00f3polis (UFR). Integra a rede de pesquisadores em Qualidade Ambiental Urbana ligada ao Grupo de Pesquisa GAIA da Unesp de Presidente Prudente. Trabalha com Geomorfologia, problemas ambientais urbanos e forma\u00e7\u00e3o de terrenos tecnog\u00eanicos. Atua na linha de pesquisa Geotecnologias Aplicadas \u00e0 An\u00e1lise e Gest\u00e3o Ambiental do Programa de P\u00f3s-Gradua\u00e7\u00e3o em Geografia da UFR.(Extra\u00eddo do curr\u00edculo Lattes)<\/p><\/p>\n<\/div><\/div>\n\n\n\n<div class=\"wp-block-media-text alignwide is-stacked-on-mobile\" style=\"grid-template-columns:18% auto\"><figure class=\"wp-block-media-text__media\"><img decoding=\"async\" width=\"768\" height=\"1024\" src=\"https:\/\/www.ige.unicamp.br\/neal\/wp-content\/uploads\/sites\/10\/2025\/01\/MelinaFushimi.jpg\" alt=\"\" class=\"wp-image-2130 size-full\" srcset=\"https:\/\/www.ige.unicamp.br\/neal\/wp-content\/uploads\/sites\/10\/2025\/01\/MelinaFushimi.jpg 768w, https:\/\/www.ige.unicamp.br\/neal\/wp-content\/uploads\/sites\/10\/2025\/01\/MelinaFushimi-225x300.jpg 225w\" sizes=\"(max-width: 768px) 100vw, 768px\" \/><\/figure><div class=\"wp-block-media-text__content\">\n<p class=\"has-large-font-size\"><p style=\"text-align: justify\"><b><a href=\"http:\/\/lattes.cnpq.br\/1644100642789211\" target=\"_blank\" rel=\"noopener\">Melina Fushimi (2020 &#8211; 2020)<\/a><\/b><\/p>\n<p style=\"text-align: justify\">Professora Assistente do Departamento de Geografia e Planejamento Ambiental e Professora Permanente do Programa de P\u00f3s-Gradua\u00e7\u00e3o em Geografia do Instituto de Geoci\u00eancias e Ci\u00eancias Exatas (IGCE) da Universidade Estadual Paulista (UNESP), C\u00e2mpus de Rio Claro. Professora Permanente do Programa de P\u00f3s-Gradua\u00e7\u00e3o em Geografia, Natureza e Din\u00e2mica do Espa\u00e7o da Universidade Estadual do Maranh\u00e3o, C\u00e2mpus de S\u00e3o Lu\u00eds (2018-Atual). Foi Professora Adjunta dos cursos de Geografia da Universidade Estadual de Mato Grosso do Sul, Unidade de Campo Grande (2021-2023) e do Departamento de Hist\u00f3ria e Geografia da Universidade Estadual do Maranh\u00e3o, C\u00e2mpus de S\u00e3o Lu\u00eds (2018-2021). Possui P\u00f3s-Doutorado em Geografia pela Universidade Estadual de Campinas (2020), Doutorado (2016), Mestrado (2012), Bacharelado (2009) e Licenciatura (2008) em Geografia pela Universidade Estadual Paulista, C\u00e2mpus de Presidente Prudente. Lidera o grupo de pesquisa do CNPq: Solos, processos ambientais e mapeamentos (GEOAMBIENTE). Pesquisa com \u00eanfase nos temas: eros\u00e3o e vulnerabilidade, mapeamento, usos da terra, ambiente e ensino de solo. E-mail: melina.fushimi@unesp.br.(Extra\u00eddo do curr\u00edculo Lattes)<\/p><\/p>\n<\/div><\/div>\n\n\n\n<p><\/p>\n","protected":false},"excerpt":{"rendered":"<p>Caio Augusto Marques dos Santos (2024 &#8211; 2024) Possui gradua\u00e7\u00e3o em Geografia pela Unesp de Presidente Prudente (2006), mestrado (2009) e doutorado (2014) pela mesma institui\u00e7\u00e3o. Atualmente \u00e9 professor do curso de Geografia e do Programa de P\u00f3s-Gradua\u00e7\u00e3o em Geografia da Universidade Federal de Rondon\u00f3polis (UFR). Integra a rede de pesquisadores em Qualidade Ambiental Urbana [&hellip;]<\/p>\n","protected":false},"author":139,"featured_media":0,"parent":0,"menu_order":0,"comment_status":"closed","ping_status":"closed","template":"","meta":{"site-sidebar-layout":"default","site-content-layout":"","ast-site-content-layout":"default","site-content-style":"default","site-sidebar-style":"default","ast-global-header-display":"","ast-banner-title-visibility":"","ast-main-header-display":"","ast-hfb-above-header-display":"","ast-hfb-below-header-display":"","ast-hfb-mobile-header-display":"","site-post-title":"","ast-breadcrumbs-content":"","ast-featured-img":"","footer-sml-layout":"","ast-disable-related-posts":"","theme-transparent-header-meta":"","adv-header-id-meta":"","stick-header-meta":"","header-above-stick-meta":"","header-main-stick-meta":"","header-below-stick-meta":"","astra-migrate-meta-layouts":"set","ast-page-background-enabled":"default","ast-page-background-meta":{"desktop":{"background-color":"var(--ast-global-color-4)","background-image":"","background-repeat":"repeat","background-position":"center center","background-size":"auto","background-attachment":"scroll","background-type":"","background-media":"","overlay-type":"","overlay-color":"","overlay-opacity":"","overlay-gradient":""},"tablet":{"background-color":"","background-image":"","background-repeat":"repeat","background-position":"center center","background-size":"auto","background-attachment":"scroll","background-type":"","background-media":"","overlay-type":"","overlay-color":"","overlay-opacity":"","overlay-gradient":""},"mobile":{"background-color":"","background-image":"","background-repeat":"repeat","background-position":"center center","background-size":"auto","background-attachment":"scroll","background-type":"","background-media":"","overlay-type":"","overlay-color":"","overlay-opacity":"","overlay-gradient":""}},"ast-content-background-meta":{"desktop":{"background-color":"var(--ast-global-color-5)","background-image":"","background-repeat":"repeat","background-position":"center center","background-size":"auto","background-attachment":"scroll","background-type":"","background-media":"","overlay-type":"","overlay-color":"","overlay-opacity":"","overlay-gradient":""},"tablet":{"background-color":"var(--ast-global-color-5)","background-image":"","background-repeat":"repeat","background-position":"center center","background-size":"auto","background-attachment":"scroll","background-type":"","background-media":"","overlay-type":"","overlay-color":"","overlay-opacity":"","overlay-gradient":""},"mobile":{"background-color":"var(--ast-global-color-5)","background-image":"","background-repeat":"repeat","background-position":"center center","background-size":"auto","background-attachment":"scroll","background-type":"","background-media":"","overlay-type":"","overlay-color":"","overlay-opacity":"","overlay-gradient":""}},"footnotes":""},"class_list":["post-2122","page","type-page","status-publish","hentry"],"_links":{"self":[{"href":"https:\/\/www.ige.unicamp.br\/neal\/wp-json\/wp\/v2\/pages\/2122","targetHints":{"allow":["GET"]}}],"collection":[{"href":"https:\/\/www.ige.unicamp.br\/neal\/wp-json\/wp\/v2\/pages"}],"about":[{"href":"https:\/\/www.ige.unicamp.br\/neal\/wp-json\/wp\/v2\/types\/page"}],"author":[{"embeddable":true,"href":"https:\/\/www.ige.unicamp.br\/neal\/wp-json\/wp\/v2\/users\/139"}],"replies":[{"embeddable":true,"href":"https:\/\/www.ige.unicamp.br\/neal\/wp-json\/wp\/v2\/comments?post=2122"}],"version-history":[{"count":8,"href":"https:\/\/www.ige.unicamp.br\/neal\/wp-json\/wp\/v2\/pages\/2122\/revisions"}],"predecessor-version":[{"id":2183,"href":"https:\/\/www.ige.unicamp.br\/neal\/wp-json\/wp\/v2\/pages\/2122\/revisions\/2183"}],"wp:attachment":[{"href":"https:\/\/www.ige.unicamp.br\/neal\/wp-json\/wp\/v2\/media?parent=2122"}],"curies":[{"name":"wp","href":"https:\/\/api.w.org\/{rel}","templated":true}]}}