{"id":530,"date":"2021-04-06T21:59:42","date_gmt":"2021-04-06T21:59:42","guid":{"rendered":"https:\/\/www.ige.unicamp.br\/neal\/?page_id=530"},"modified":"2022-11-30T11:11:49","modified_gmt":"2022-11-30T11:11:49","slug":"coordenacao","status":"publish","type":"page","link":"https:\/\/www.ige.unicamp.br\/neal\/coordenacao\/","title":{"rendered":"Coordena\u00e7\u00e3o"},"content":{"rendered":"\n<div class=\"wp-block-media-text alignwide is-stacked-on-mobile is-vertically-aligned-top\" style=\"grid-template-columns:28% auto\"><figure class=\"wp-block-media-text__media\"><img fetchpriority=\"high\" decoding=\"async\" width=\"768\" height=\"1024\" src=\"https:\/\/www.ige.unicamp.br\/neal\/wp-content\/uploads\/sites\/10\/2022\/11\/servletrecuperafoto-768x1024.jpg\" alt=\"\" class=\"wp-image-1222 size-full\" srcset=\"https:\/\/www.ige.unicamp.br\/neal\/wp-content\/uploads\/sites\/10\/2022\/11\/servletrecuperafoto-768x1024.jpg 768w, https:\/\/www.ige.unicamp.br\/neal\/wp-content\/uploads\/sites\/10\/2022\/11\/servletrecuperafoto-225x300.jpg 225w, https:\/\/www.ige.unicamp.br\/neal\/wp-content\/uploads\/sites\/10\/2022\/11\/servletrecuperafoto.jpg 780w\" sizes=\"(max-width: 768px) 100vw, 768px\" \/><\/figure><div class=\"wp-block-media-text__content\">\n<p><strong><a href=\"http:\/\/lattes.cnpq.br\/3789796217465640\" target=\"_blank\" rel=\"noreferrer noopener\">Regina C\u00e9lia de Oliveira<\/a><\/strong><\/p>\n\n\n\n<p style=\"text-align: justify\">Possui Bacharelado e Licenciatura em Geografia pela Universidade Estadual Paulista J\u00falio de Mesquita Filho (1996), Mestrado em Engenharia Hidr\u00e1ulica e Saneamento pela Universidade de S\u00e3o Paulo (1999), Doutorado em Geoci\u00eancias e Meio Ambiente pela Universidade Estadual Paulista J\u00falio de Mesquita Filho (2003) e P\u00f3s doutorado em Geoecologia da Paisagem pela Faculdade de Geografia da Universidade de Havana\/Cuba (2019). Atualmente \u00e9 professora livre docente da Universidade Estadual de Campinas. Tem experi\u00eancia na \u00e1rea de Geografia, com \u00eanfase em An\u00e1lise Regional, atuando principalmente nos seguintes temas: Geomorfologia e Planejamento, Zoneamento Ambiental e Gest\u00e3o de Zonas Costeiras.(<a href=\"http:\/\/lattes.cnpq.br\/3789796217465640\">Extra\u00eddo do Curr\u00edculo Lattes<\/a>).<\/p>\n<div class=\"field__items\">\n<div class=\"field__item\">&nbsp;<\/div>\n<\/div>\n<h6 class=\"field field-user-field-linhas-de-pesquisa field-entity-reference-type-taxonomy-term field-formatter-entity-reference-label field-name-field-linhas-de-pesquisa field-type-entity-reference field-label-inline clearfix\">&nbsp;<\/h6>\n<div class=\"field field-user-field-areas-de-interesse field-entity-reference-type-taxonomy-term field-formatter-entity-reference-label field-name-field-areas-de-interesse field-type-entity-reference field-label-inline clearfix\">\n<div class=\"field__items\">\n<h6 class=\"field__item field__item--planejamento-e-an\u00e1lise-ambiental\">&nbsp;<\/h6>\n<\/div>\n<\/div>\n<\/div><\/div>\n","protected":false},"excerpt":{"rendered":"<p>Regina C\u00e9lia de Oliveira Possui Bacharelado e Licenciatura em Geografia pela Universidade Estadual Paulista J\u00falio de Mesquita Filho (1996), Mestrado em Engenharia Hidr\u00e1ulica e Saneamento pela Universidade de S\u00e3o Paulo (1999), Doutorado em Geoci\u00eancias e Meio Ambiente pela Universidade Estadual Paulista J\u00falio de Mesquita Filho (2003) e P\u00f3s doutorado em Geoecologia da Paisagem pela Faculdade [&hellip;]<\/p>\n","protected":false},"author":68,"featured_media":0,"parent":0,"menu_order":0,"comment_status":"closed","ping_status":"closed","template":"","meta":{"site-sidebar-layout":"default","site-content-layout":"","ast-site-content-layout":"default","site-content-style":"default","site-sidebar-style":"default","ast-global-header-display":"","ast-banner-title-visibility":"","ast-main-header-display":"","ast-hfb-above-header-display":"","ast-hfb-below-header-display":"","ast-hfb-mobile-header-display":"","site-post-title":"","ast-breadcrumbs-content":"","ast-featured-img":"","footer-sml-layout":"","ast-disable-related-posts":"","theme-transparent-header-meta":"","adv-header-id-meta":"","stick-header-meta":"","header-above-stick-meta":"","header-main-stick-meta":"","header-below-stick-meta":"","astra-migrate-meta-layouts":"default","ast-page-background-enabled":"default","ast-page-background-meta":{"desktop":{"background-color":"var(--ast-global-color-4)","background-image":"","background-repeat":"repeat","background-position":"center center","background-size":"auto","background-attachment":"scroll","background-type":"","background-media":"","overlay-type":"","overlay-color":"","overlay-opacity":"","overlay-gradient":""},"tablet":{"background-color":"","background-image":"","background-repeat":"repeat","background-position":"center center","background-size":"auto","background-attachment":"scroll","background-type":"","background-media":"","overlay-type":"","overlay-color":"","overlay-opacity":"","overlay-gradient":""},"mobile":{"background-color":"","background-image":"","background-repeat":"repeat","background-position":"center center","background-size":"auto","background-attachment":"scroll","background-type":"","background-media":"","overlay-type":"","overlay-color":"","overlay-opacity":"","overlay-gradient":""}},"ast-content-background-meta":{"desktop":{"background-color":"var(--ast-global-color-5)","background-image":"","background-repeat":"repeat","background-position":"center center","background-size":"auto","background-attachment":"scroll","background-type":"","background-media":"","overlay-type":"","overlay-color":"","overlay-opacity":"","overlay-gradient":""},"tablet":{"background-color":"var(--ast-global-color-5)","background-image":"","background-repeat":"repeat","background-position":"center center","background-size":"auto","background-attachment":"scroll","background-type":"","background-media":"","overlay-type":"","overlay-color":"","overlay-opacity":"","overlay-gradient":""},"mobile":{"background-color":"var(--ast-global-color-5)","background-image":"","background-repeat":"repeat","background-position":"center center","background-size":"auto","background-attachment":"scroll","background-type":"","background-media":"","overlay-type":"","overlay-color":"","overlay-opacity":"","overlay-gradient":""}},"footnotes":""},"class_list":["post-530","page","type-page","status-publish","hentry"],"_links":{"self":[{"href":"https:\/\/www.ige.unicamp.br\/neal\/wp-json\/wp\/v2\/pages\/530","targetHints":{"allow":["GET"]}}],"collection":[{"href":"https:\/\/www.ige.unicamp.br\/neal\/wp-json\/wp\/v2\/pages"}],"about":[{"href":"https:\/\/www.ige.unicamp.br\/neal\/wp-json\/wp\/v2\/types\/page"}],"author":[{"embeddable":true,"href":"https:\/\/www.ige.unicamp.br\/neal\/wp-json\/wp\/v2\/users\/68"}],"replies":[{"embeddable":true,"href":"https:\/\/www.ige.unicamp.br\/neal\/wp-json\/wp\/v2\/comments?post=530"}],"version-history":[{"count":11,"href":"https:\/\/www.ige.unicamp.br\/neal\/wp-json\/wp\/v2\/pages\/530\/revisions"}],"predecessor-version":[{"id":1226,"href":"https:\/\/www.ige.unicamp.br\/neal\/wp-json\/wp\/v2\/pages\/530\/revisions\/1226"}],"wp:attachment":[{"href":"https:\/\/www.ige.unicamp.br\/neal\/wp-json\/wp\/v2\/media?parent=530"}],"curies":[{"name":"wp","href":"https:\/\/api.w.org\/{rel}","templated":true}]}}