{"id":578,"date":"2022-10-25T19:52:56","date_gmt":"2022-10-25T22:52:56","guid":{"rendered":"https:\/\/www.ige.unicamp.br\/pesquisadapesquisa\/?page_id=578"},"modified":"2022-10-26T07:30:04","modified_gmt":"2022-10-26T10:30:04","slug":"cooperacoes","status":"publish","type":"page","link":"https:\/\/www.ige.unicamp.br\/pesquisadapesquisa\/cooperacoes\/","title":{"rendered":"Coopera\u00e7\u00f5es"},"content":{"rendered":"\n<p><strong><a href=\"https:\/\/www.ige.unicamp.br\/insyspo\/\" data-type=\"URL\" data-id=\"https:\/\/www.ige.unicamp.br\/insyspo\/\">Projeto FAPESP SPEC<\/a><\/strong> &#8211; \u201cSystem Innovation: Organizational Strategy, Research and Innovation Policy Governance\u201d<\/p>\n\n\n\n<p>Atualmente em vig\u00eancia no Departamento de Pol\u00edtica Cient\u00edfica e Tecnol\u00f3gica, conta com pesquisadores que podem contribuir para as frentes do projeto, especialmente pesquisadores do <em>Centre for Science and Technology Studies<\/em> (CWTS) de Leiden, Pa\u00edses Baixos, que trabalham com as principais abordagens de an\u00e1lises bibliom\u00e9tricas.<\/p>\n\n\n\n<p><em><a href=\"https:\/\/researchonresearch.org\/\" data-type=\"URL\" data-id=\"https:\/\/researchonresearch.org\/\"><strong>Research on Research Institute<\/strong><\/a><\/em><strong><a href=\"https:\/\/researchonresearch.org\/\" data-type=\"URL\" data-id=\"https:\/\/researchonresearch.org\/\"> (RoRI)<\/a><\/strong><\/p>\n\n\n\n<p>Plataforma multi institucional atualmente sediada na Universidade de Sheffield, Reino Unido. O RoRI \u00e9 uma inova\u00e7\u00e3o institucional apoiada por ag\u00eancias de fomento para estudar melhores formas de organizar e conduzir fomento \u00e0 pesquisa.<\/p>\n\n\n\n<p><strong><a href=\"https:\/\/bv.fapesp.br\/pt\/\" data-type=\"URL\" data-id=\"https:\/\/bv.fapesp.br\/pt\/\">Ger\u00eancia de Indicadores e Biblioteca Virtual da FAPESP<\/a><\/strong><\/p>\n\n\n\n<p>O projeto vai gerar indicadores de interesse da Ger\u00eancia. Os projetos anteriores de indicadores FAPESP constru\u00edram uma base metodol\u00f3gica de produ\u00e7\u00e3o de indicadores que vem tendo papel fundamental para fornecer dados e evid\u00eancias ao Conselho T\u00e9cnico-Administrativo (CTA), \u00e0 Diretoria Cient\u00edfica e ao Conselho da Funda\u00e7\u00e3o. O projeto dever\u00e1 somar esfor\u00e7os ampliando as capacidades e abrindo novas frentes de pesquisa e de produ\u00e7\u00e3o de evid\u00eancias que servem para o planejamento, a presta\u00e7\u00e3o de contas e a defesa dos investimentos em PDI.<\/p>\n\n\n\n<p><\/p>\n","protected":false},"excerpt":{"rendered":"<p>Projeto FAPESP SPEC &#8211; \u201cSystem Innovation: Organizational Strategy, Research and Innovation Policy Governance\u201d Atualmente em vig\u00eancia no Departamento de Pol\u00edtica Cient\u00edfica e Tecnol\u00f3gica, conta com&hellip;<\/p>\n","protected":false},"author":171,"featured_media":0,"parent":0,"menu_order":0,"comment_status":"closed","ping_status":"closed","template":"","meta":{"footnotes":""},"class_list":["post-578","page","type-page","status-publish","hentry"],"_links":{"self":[{"href":"https:\/\/www.ige.unicamp.br\/pesquisadapesquisa\/wp-json\/wp\/v2\/pages\/578","targetHints":{"allow":["GET"]}}],"collection":[{"href":"https:\/\/www.ige.unicamp.br\/pesquisadapesquisa\/wp-json\/wp\/v2\/pages"}],"about":[{"href":"https:\/\/www.ige.unicamp.br\/pesquisadapesquisa\/wp-json\/wp\/v2\/types\/page"}],"author":[{"embeddable":true,"href":"https:\/\/www.ige.unicamp.br\/pesquisadapesquisa\/wp-json\/wp\/v2\/users\/171"}],"replies":[{"embeddable":true,"href":"https:\/\/www.ige.unicamp.br\/pesquisadapesquisa\/wp-json\/wp\/v2\/comments?post=578"}],"version-history":[{"count":2,"href":"https:\/\/www.ige.unicamp.br\/pesquisadapesquisa\/wp-json\/wp\/v2\/pages\/578\/revisions"}],"predecessor-version":[{"id":638,"href":"https:\/\/www.ige.unicamp.br\/pesquisadapesquisa\/wp-json\/wp\/v2\/pages\/578\/revisions\/638"}],"wp:attachment":[{"href":"https:\/\/www.ige.unicamp.br\/pesquisadapesquisa\/wp-json\/wp\/v2\/media?parent=578"}],"curies":[{"name":"wp","href":"https:\/\/api.w.org\/{rel}","templated":true}]}}